{"id":151681,"date":"2021-01-15T12:01:23","date_gmt":"2021-01-15T12:01:23","guid":{"rendered":"https:\/\/codengine3.ch\/?product=import-placeholder-for-201415"},"modified":"2021-12-23T12:49:58","modified_gmt":"2021-12-23T11:49:58","slug":"mord-in-mompe","status":"publish","type":"product","link":"https:\/\/pizbube.ch\/en\/shop\/mord-in-mompe\/","title":{"rendered":"Mord in Momp\u00e9"},"content":{"rendered":"<p>Im winzigen r\u00e4toromanischen Dorf Momp\u00e9- Tujetsch geschieht ein Mord. Wer war<br \/>\nder T\u00e4ter, fragen sich alle. Wer hat Gabi Andermatt, die Liebe in Person,<br \/>\nermordet? Sicher ist&#8217;s dieser komische &#8218;Luzerner&#8216; gewesen, der sich auf Kosten<br \/>\nvon Gabi in Momp\u00e9 wochenlang durchfrass und angeblich an einem Buch schrieb,<br \/>\ndas nie fertig wurde.<\/p>\n<p>Die Suche nach dem M\u00f6rder ist nur mitunter das Thema des Buches. Es handelt<br \/>\nvon Liebe und Hass, Sexhunger und Z\u00e4rtlichkeit, von Naturgewalten und<br \/>\nFrustrationen, geschrieben von zwei Autoren, von denen jeder sich seine eigene<br \/>\nSprache bewahrt. Faszinierend, was die \u00f6sterreichische Lyrikerin und<br \/>\n&#8218;Inn&#8216;-Herausgeberin Irmgard Hierdeis und der junge B\u00fcndner Landwirt und<br \/>\nSchriftsteller Jon Durschei aus je anderer Optik an Spannung zu erzeugen<br \/>\nverm\u00f6gen.<\/p>","protected":false},"excerpt":{"rendered":"<p>Im winzigen r\u00e4toromanischen Dorf Momp\u00e9- Tujetsch geschieht ein Mord. Wer war der T\u00e4ter, fragen sich alle. Wer hat Gabi Andermatt, die Liebe in Person, ermordet? Sicher ist&#8217;s dieser komische &#8218;Luzerner&#8216; gewesen, der sich auf Kosten von Gabi in Momp\u00e9 wochenlang durchfrass und angeblich an einem Buch schrieb, das nie fertig wurde. Die Suche nach dem [&#8230;]\n","protected":false},"featured_media":28757,"template":"","meta":[],"product_brand":[],"product_cat":[21629],"product_tag":[],"class_list":{"0":"post-151681","1":"product","2":"type-product","3":"status-publish","4":"has-post-thumbnail","6":"product_cat-belletristik","7":"pa_autor-durschei","8":"pa_erscheinungsjahr-22167","9":"pa_region-schweiz","10":"pa_sprache-de","12":"first","13":"outofstock","14":"taxable","15":"shipping-taxable","16":"purchasable","17":"product-type-simple"},"_links":{"self":[{"href":"https:\/\/pizbube.ch\/en\/wp-json\/wp\/v2\/product\/151681","targetHints":{"allow":["GET"]}}],"collection":[{"href":"https:\/\/pizbube.ch\/en\/wp-json\/wp\/v2\/product"}],"about":[{"href":"https:\/\/pizbube.ch\/en\/wp-json\/wp\/v2\/types\/product"}],"wp:featuredmedia":[{"embeddable":true,"href":"https:\/\/pizbube.ch\/en\/wp-json\/wp\/v2\/media\/28757"}],"wp:attachment":[{"href":"https:\/\/pizbube.ch\/en\/wp-json\/wp\/v2\/media?parent=151681"}],"wp:term":[{"taxonomy":"product_brand","embeddable":true,"href":"https:\/\/pizbube.ch\/en\/wp-json\/wp\/v2\/product_brand?post=151681"},{"taxonomy":"product_cat","embeddable":true,"href":"https:\/\/pizbube.ch\/en\/wp-json\/wp\/v2\/product_cat?post=151681"},{"taxonomy":"product_tag","embeddable":true,"href":"https:\/\/pizbube.ch\/en\/wp-json\/wp\/v2\/product_tag?post=151681"}],"curies":[{"name":"wp","href":"https:\/\/api.w.org\/{rel}","templated":true}]}}