{"id":151682,"date":"2021-01-15T12:01:23","date_gmt":"2021-01-15T12:01:23","guid":{"rendered":"https:\/\/codengine3.ch\/?product=import-placeholder-for-201416"},"modified":"2021-12-23T12:52:42","modified_gmt":"2021-12-23T11:52:42","slug":"mord-am-walensee","status":"publish","type":"product","link":"https:\/\/pizbube.ch\/en\/shop\/mord-am-walensee\/","title":{"rendered":"Mord am Walensee"},"content":{"rendered":"<p>Pater Ambrosius vom Kloster Disentis wird wieder mit einem Mord konfrontiert:<br \/>\ndiesmal wird er im Fischerd\u00f6rfchen Quinten mit einem Verbrechen<br \/>\nkonfrontiert&#8230; Jon Durschei, B\u00fcndner Schriftsteller, und Pater Ambrosius,<br \/>\nBenediktiner vom Kloster Disentis, sorgen wieder f\u00fcr Aufregung.<\/p>\n<p>Obwohl der vom Dasein faszinierte Pater dies nicht m\u00f6chte und nur Erholung<br \/>\nsucht, wird er im idyllischen Wein und Fischerd\u00f6rfchen Quinten erneut mit<br \/>\neinem Verbrechen konfrontiert. Vor dem Hintergrund einer wunderbaren<br \/>\nLandschaft kommt es zur Auseinandersetzung zwischen Gut und B\u00f6se; und so sehr<br \/>\nAmbrosius sich dagegen auflehnt, er muss hindurch, muss als Priester l\u00f6sen und<br \/>\nbinden.<br \/>\nIn diesem sprachlich ausbalancierten Kriminalroman erreicht Durschei eine<br \/>\nDichte, die an grosse Krimiautoren wie Simenon oder Glauser gemahnt und doch<br \/>\nunverwechselbar, eben Durschei ist. Wer das spannende Buch zu lesen beginnt,<br \/>\nwird es nicht mehr fortlegen, ehe die Lekt\u00fcre beendet und der Fall entworren<br \/>\nist.<\/p>","protected":false},"excerpt":{"rendered":"<p>Pater Ambrosius vom Kloster Disentis wird wieder mit einem Mord konfrontiert: diesmal wird er im Fischerd\u00f6rfchen Quinten mit einem Verbrechen konfrontiert&#8230; Jon Durschei, B\u00fcndner Schriftsteller, und Pater Ambrosius, Benediktiner vom Kloster Disentis, sorgen wieder f\u00fcr Aufregung. Obwohl der vom Dasein faszinierte Pater dies nicht m\u00f6chte und nur Erholung sucht, wird er im idyllischen Wein und [&#8230;]\n","protected":false},"featured_media":28758,"template":"","meta":[],"product_brand":[],"product_cat":[21629],"product_tag":[],"class_list":{"0":"post-151682","1":"product","2":"type-product","3":"status-publish","4":"has-post-thumbnail","6":"product_cat-belletristik","7":"pa_autor-durschei","8":"pa_erscheinungsjahr-22242","9":"pa_region-schweiz","10":"pa_sprache-de","12":"first","13":"outofstock","14":"taxable","15":"shipping-taxable","16":"purchasable","17":"product-type-simple"},"_links":{"self":[{"href":"https:\/\/pizbube.ch\/en\/wp-json\/wp\/v2\/product\/151682","targetHints":{"allow":["GET"]}}],"collection":[{"href":"https:\/\/pizbube.ch\/en\/wp-json\/wp\/v2\/product"}],"about":[{"href":"https:\/\/pizbube.ch\/en\/wp-json\/wp\/v2\/types\/product"}],"wp:featuredmedia":[{"embeddable":true,"href":"https:\/\/pizbube.ch\/en\/wp-json\/wp\/v2\/media\/28758"}],"wp:attachment":[{"href":"https:\/\/pizbube.ch\/en\/wp-json\/wp\/v2\/media?parent=151682"}],"wp:term":[{"taxonomy":"product_brand","embeddable":true,"href":"https:\/\/pizbube.ch\/en\/wp-json\/wp\/v2\/product_brand?post=151682"},{"taxonomy":"product_cat","embeddable":true,"href":"https:\/\/pizbube.ch\/en\/wp-json\/wp\/v2\/product_cat?post=151682"},{"taxonomy":"product_tag","embeddable":true,"href":"https:\/\/pizbube.ch\/en\/wp-json\/wp\/v2\/product_tag?post=151682"}],"curies":[{"name":"wp","href":"https:\/\/api.w.org\/{rel}","templated":true}]}}