{"id":151684,"date":"2021-01-15T12:01:24","date_gmt":"2021-01-15T12:01:24","guid":{"rendered":"https:\/\/codengine3.ch\/?product=import-placeholder-for-204300"},"modified":"2021-01-15T14:31:47","modified_gmt":"2021-01-15T14:31:47","slug":"orte-des-grauens-in-der-schweiz","status":"publish","type":"product","link":"https:\/\/pizbube.ch\/en\/shop\/orte-des-grauens-in-der-schweiz\/","title":{"rendered":"Orte des Grauens in der Schweiz"},"content":{"rendered":"<p>Von Spukh\u00e4usern, Geisterpl\u00e4tzen und unheimlichen Begebenheiten<br \/>\nSpuk und die damit verbundenen Orte des Grauens sind auch heute weit h\u00e4ufiger<br \/>\nals gemeinhin angenommen. Die an solchen Geschichten und \u00dcberlieferungen<br \/>\nunvergleichlich reiche Schweizer Literatur dokumentiert unz\u00e4hlige Ereignisse &#8211;<br \/>\nauch aus j\u00fcngster Vergangenheit. Die beiden Autoren haben die eindr\u00fccklichsten<br \/>\nund spannendsten Spuk- und Geistergeschichten aus fr\u00fcherer und aus heutiger<br \/>\nZeit in der ganzen Schweiz aufgesp\u00fcrt und sich von vielen Menschen pers\u00f6nlich<br \/>\nerlebte Spukerfahrungen erz\u00e4hlen lassen.<br \/>\nSie gehen auch der Frage nach, wer oder was hinter diesen sensationellen<br \/>\nPh\u00e4nomenen stecken k\u00f6nnte, die den Gesetzen der Schulphysik trotzen, daf\u00fcr<br \/>\naber umso mehr den spirituell-geisteswissenschaftlichen Gesetzm\u00e4\u00dfigkeiten<br \/>\nentsprechen.<br \/>\nSie beschreiben eine Schweiz jenseits unserer Vorstellung, so spannend<br \/>\nerz\u00e4hlt, dass es uns den kalten Schauer \u00fcber den R\u00fccken treibt. 210 Seiten,<br \/>\nFormat 13,5 x 22 cm. Gebunden, Pappband<\/p>","protected":false},"excerpt":{"rendered":"<p>Von Spukh\u00e4usern, Geisterpl\u00e4tzen und unheimlichen Begebenheiten Spuk und die damit verbundenen Orte des Grauens sind auch heute weit h\u00e4ufiger als gemeinhin angenommen. Die an solchen Geschichten und \u00dcberlieferungen unvergleichlich reiche Schweizer Literatur dokumentiert unz\u00e4hlige Ereignisse &#8211; auch aus j\u00fcngster Vergangenheit. Die beiden Autoren haben die eindr\u00fccklichsten und spannendsten Spuk- und Geistergeschichten aus fr\u00fcherer und aus [&#8230;]\n","protected":false},"featured_media":32130,"template":"","meta":[],"product_brand":[],"product_cat":[21605],"product_tag":[],"class_list":{"0":"post-151684","1":"product","2":"type-product","3":"status-publish","4":"has-post-thumbnail","6":"product_cat-wanderfuehrer-trekking","7":"pa_autor-roth-maurer","8":"pa_erscheinungsjahr-21763","9":"pa_region-schweiz","10":"pa_sprache-de","12":"first","13":"outofstock","14":"taxable","15":"shipping-taxable","16":"purchasable","17":"product-type-simple"},"_links":{"self":[{"href":"https:\/\/pizbube.ch\/en\/wp-json\/wp\/v2\/product\/151684","targetHints":{"allow":["GET"]}}],"collection":[{"href":"https:\/\/pizbube.ch\/en\/wp-json\/wp\/v2\/product"}],"about":[{"href":"https:\/\/pizbube.ch\/en\/wp-json\/wp\/v2\/types\/product"}],"wp:featuredmedia":[{"embeddable":true,"href":"https:\/\/pizbube.ch\/en\/wp-json\/wp\/v2\/media\/32130"}],"wp:attachment":[{"href":"https:\/\/pizbube.ch\/en\/wp-json\/wp\/v2\/media?parent=151684"}],"wp:term":[{"taxonomy":"product_brand","embeddable":true,"href":"https:\/\/pizbube.ch\/en\/wp-json\/wp\/v2\/product_brand?post=151684"},{"taxonomy":"product_cat","embeddable":true,"href":"https:\/\/pizbube.ch\/en\/wp-json\/wp\/v2\/product_cat?post=151684"},{"taxonomy":"product_tag","embeddable":true,"href":"https:\/\/pizbube.ch\/en\/wp-json\/wp\/v2\/product_tag?post=151684"}],"curies":[{"name":"wp","href":"https:\/\/api.w.org\/{rel}","templated":true}]}}