{"id":151685,"date":"2021-01-15T12:01:24","date_gmt":"2021-01-15T12:01:24","guid":{"rendered":"https:\/\/codengine3.ch\/?product=import-placeholder-for-207003"},"modified":"2021-01-15T14:54:12","modified_gmt":"2021-01-15T14:54:12","slug":"steinherz-kriminalroman","status":"publish","type":"product","link":"https:\/\/pizbube.ch\/en\/shop\/steinherz-kriminalroman\/","title":{"rendered":"Steinherz &#8211; Kriminalroman"},"content":{"rendered":"<p>Vierzigj\u00e4hrige sind Langweiler oder L\u00fcgner oder beides gleichzeitig, findet<br \/>\nLilia. Ihr Vater, der Bergler Peter Sass, hat seit dem Wegzug von Lilias<br \/>\nMutter kein leichtes Leben mit seiner eigenwilligen Tochter. Dabei hat er doch<br \/>\ngenug Umtriebe mit seiner Alph\u00fctte, die er den Sommer \u00fcber an die Z\u00fcrcherin<br \/>\nSofie vermietet hat: Deren Schwester bleibt nach einem Besuch auf der Alp<br \/>\nverschwunden.  <\/p>\n<p>Ein Krimi, in dem das Blut nicht aus dem Buch spritzt. Nicht einmal eine<br \/>\nLeiche gibt es. Die ist in den Walliser Bergen ja auch nicht so einfach zu<br \/>\nfinden. Die Polizei hat nur eine Nebenrolle. Daf\u00fcr folgt man mit Vergn\u00fcgen den<br \/>\nErmittlungen von Lilia, der Siebzehnj\u00e4hrigen, die eine erfrischende Sicht auf<br \/>\ndie Welt der Erwachsenen hat.  <\/p>","protected":false},"excerpt":{"rendered":"<p>Vierzigj\u00e4hrige sind Langweiler oder L\u00fcgner oder beides gleichzeitig, findet Lilia. Ihr Vater, der Bergler Peter Sass, hat seit dem Wegzug von Lilias Mutter kein leichtes Leben mit seiner eigenwilligen Tochter. Dabei hat er doch genug Umtriebe mit seiner Alph\u00fctte, die er den Sommer \u00fcber an die Z\u00fcrcherin Sofie vermietet hat: Deren Schwester bleibt nach einem [&#8230;]\n","protected":false},"featured_media":36577,"template":"","meta":[],"product_brand":[],"product_cat":[21629],"product_tag":[],"class_list":{"0":"post-151685","1":"product","2":"type-product","3":"status-publish","4":"has-post-thumbnail","6":"product_cat-belletristik","7":"pa_autor-weibel","8":"pa_erscheinungsjahr-21621","9":"pa_region-schweiz","10":"pa_sprache-de","12":"first","13":"instock","14":"taxable","15":"shipping-taxable","16":"purchasable","17":"product-type-simple"},"_links":{"self":[{"href":"https:\/\/pizbube.ch\/en\/wp-json\/wp\/v2\/product\/151685","targetHints":{"allow":["GET"]}}],"collection":[{"href":"https:\/\/pizbube.ch\/en\/wp-json\/wp\/v2\/product"}],"about":[{"href":"https:\/\/pizbube.ch\/en\/wp-json\/wp\/v2\/types\/product"}],"wp:featuredmedia":[{"embeddable":true,"href":"https:\/\/pizbube.ch\/en\/wp-json\/wp\/v2\/media\/36577"}],"wp:attachment":[{"href":"https:\/\/pizbube.ch\/en\/wp-json\/wp\/v2\/media?parent=151685"}],"wp:term":[{"taxonomy":"product_brand","embeddable":true,"href":"https:\/\/pizbube.ch\/en\/wp-json\/wp\/v2\/product_brand?post=151685"},{"taxonomy":"product_cat","embeddable":true,"href":"https:\/\/pizbube.ch\/en\/wp-json\/wp\/v2\/product_cat?post=151685"},{"taxonomy":"product_tag","embeddable":true,"href":"https:\/\/pizbube.ch\/en\/wp-json\/wp\/v2\/product_tag?post=151685"}],"curies":[{"name":"wp","href":"https:\/\/api.w.org\/{rel}","templated":true}]}}