{"id":151691,"date":"2021-01-15T12:01:24","date_gmt":"2021-01-15T12:01:24","guid":{"rendered":"https:\/\/codengine3.ch\/?product=import-placeholder-for-206036"},"modified":"2021-01-15T14:45:53","modified_gmt":"2021-01-15T14:45:53","slug":"laborlandschaften","status":"publish","type":"product","link":"https:\/\/pizbube.ch\/en\/shop\/laborlandschaften\/","title":{"rendered":"Laborlandschaften"},"content":{"rendered":"<p>Physiologische Alpenreisen im 19. Jahrhundert  <\/p>\n<p>Eine Wissenschaftsgeschichte vom Verhalten des K\u00f6rpers oberhalb der<br \/>\nBaumgrenze. Die Entdeckungsreise f\u00fchrt vom romantischen Gef\u00fchl der Erhabenheit<br \/>\nhoch in den Alpen bis in die Labors der modernen Arbeitswissenschaft.  <\/p>\n<p>Die Alpen und kein Ende: Berg- und Gipfelerlebnisse haben nach wie vor<br \/>\nliterarische Konjunktur. Dabei sind die Seelen- und K\u00f6rperlandschaften des<br \/>\nGebirges l\u00e4ngst vermessen, seine erhabenen Schrecken l\u00e4ngst Klischee.<br \/>\nPhilipp Felsch erm\u00f6glicht in seiner Kulturgeschichte der Physiologie in den<br \/>\nAlpen einen neuen Zugang zum anhaltenden Faszinosum &#8218;Mensch am Berg&#8216;. Er<br \/>\nrichtet sein Augenmerk auf jene modernen Erben der romantischen<br \/>\nAlpenbegeisterung, die den K\u00f6rper in der H\u00f6he zum Gegenstand von<br \/>\nphysiologischen Experimenten machten. Im Mittelpunkt der Untersuchung steht<br \/>\nder Turiner Experimentalphysiologe Angelo Mosso (1846-1910), der weniger durch<br \/>\nseine Konzepte und Theorien als durch seine innovative Forschungspraxis und<br \/>\nauch durch seine Pers\u00f6nlichkeit bekannt wurde.<br \/>\nSchon immer besa\u00df das Erhabene medizinisch-pathologisches Potential. Im<br \/>\nJahrhundert der positiven Wissenschaften wurde das Erhabene zum Ausgangspunkt<br \/>\neiner Physiologie des alpinen Menschen, die alle K\u00f6rperobsessionen ihres<br \/>\nZeitalters teilte: utopische Hoffnungen auf den \u00dcbermenschen ebenso wie vitale<br \/>\n\u00c4ngste vor seiner schleichenden Ersch\u00f6pfung. Zu Beginn des 20. Jahrhunderts<br \/>\nm\u00fcndete die H\u00f6henphysiologie in die Testreihen von Arbeitswissenschaftlern und<br \/>\nFlugmedizinern. Felsch zeigt, dass die Alpen nicht nur der Zufluchtsraum,<br \/>\nsondern auch die Laborlandschaft der Moderne gewesen sind.  <\/p>","protected":false},"excerpt":{"rendered":"<p>Physiologische Alpenreisen im 19. Jahrhundert Eine Wissenschaftsgeschichte vom Verhalten des K\u00f6rpers oberhalb der Baumgrenze. Die Entdeckungsreise f\u00fchrt vom romantischen Gef\u00fchl der Erhabenheit hoch in den Alpen bis in die Labors der modernen Arbeitswissenschaft. Die Alpen und kein Ende: Berg- und Gipfelerlebnisse haben nach wie vor literarische Konjunktur. Dabei sind die Seelen- und K\u00f6rperlandschaften des Gebirges [&#8230;]\n","protected":false},"featured_media":34927,"template":"","meta":[],"product_brand":[],"product_cat":[21542],"product_tag":[],"class_list":{"0":"post-151691","1":"product","2":"type-product","3":"status-publish","4":"has-post-thumbnail","6":"product_cat-sachbuecher-dokumentationen","7":"pa_autor-felsch","8":"pa_erscheinungsjahr-21842","9":"pa_region-deutschland","10":"pa_sprache-de","12":"first","13":"instock","14":"taxable","15":"shipping-taxable","16":"purchasable","17":"product-type-simple"},"_links":{"self":[{"href":"https:\/\/pizbube.ch\/en\/wp-json\/wp\/v2\/product\/151691","targetHints":{"allow":["GET"]}}],"collection":[{"href":"https:\/\/pizbube.ch\/en\/wp-json\/wp\/v2\/product"}],"about":[{"href":"https:\/\/pizbube.ch\/en\/wp-json\/wp\/v2\/types\/product"}],"wp:featuredmedia":[{"embeddable":true,"href":"https:\/\/pizbube.ch\/en\/wp-json\/wp\/v2\/media\/34927"}],"wp:attachment":[{"href":"https:\/\/pizbube.ch\/en\/wp-json\/wp\/v2\/media?parent=151691"}],"wp:term":[{"taxonomy":"product_brand","embeddable":true,"href":"https:\/\/pizbube.ch\/en\/wp-json\/wp\/v2\/product_brand?post=151691"},{"taxonomy":"product_cat","embeddable":true,"href":"https:\/\/pizbube.ch\/en\/wp-json\/wp\/v2\/product_cat?post=151691"},{"taxonomy":"product_tag","embeddable":true,"href":"https:\/\/pizbube.ch\/en\/wp-json\/wp\/v2\/product_tag?post=151691"}],"curies":[{"name":"wp","href":"https:\/\/api.w.org\/{rel}","templated":true}]}}