{"id":151694,"date":"2021-01-15T12:01:24","date_gmt":"2021-01-15T12:01:24","guid":{"rendered":"https:\/\/codengine3.ch\/?product=import-placeholder-for-205343"},"modified":"2021-01-15T14:40:29","modified_gmt":"2021-01-15T14:40:29","slug":"etoiles-et-tempetes","status":"publish","type":"product","link":"https:\/\/pizbube.ch\/en\/shop\/etoiles-et-tempetes\/","title":{"rendered":"Etoiles et temp\u00eates"},"content":{"rendered":"<p>\nDans ce livre mythique publi\u00e9 pour la premi\u00e8re fois en 1954, Gaston R\u00e9buffat<br \/>\nretrace ses plus grandes courses, ses six faces nord les plus c\u00e9l\u00e9bres des<br \/>\nAlpes. Mais, au-del\u00e0 m\u00eame de ses ascensions, c`est tout le style de ce grand<br \/>\nalpiniste et grand \u00e9crivain que nous avons plaisir \u00e0 retrouver ici et qui fut<br \/>\n\u00e0 l`origine de bien des vocations.  <\/p>\n<p>\u00c9toiles et temp\u00eates est le r\u00e9cit de l`ascension des six faces nord les plus<br \/>\nc\u00e9l\u00e8bres des Alpes, dont tout alpiniste r\u00eave encore : celles du Dru, des<br \/>\nGrandes Jorasses, de l`Eiger, du Cervin, du piz Badile et de la Cima Grande di<br \/>\nLavaredo. Ces parois conquises entre 1931 et 1938, quintessence m\u00eame de<br \/>\nl`alpinisme de haute difficult\u00e9, le guide Gaston R\u00e9buffat fut le premier \u00e0 les<br \/>\navoir gravies toutes les six.<\/p>\n<p>Paperback; 173 p.  <\/p>","protected":false},"excerpt":{"rendered":"<p>Dans ce livre mythique publi\u00e9 pour la premi\u00e8re fois en 1954, Gaston R\u00e9buffat retrace ses plus grandes courses, ses six faces nord les plus c\u00e9l\u00e9bres des Alpes. Mais, au-del\u00e0 m\u00eame de ses ascensions, c`est tout le style de ce grand alpiniste et grand \u00e9crivain que nous avons plaisir \u00e0 retrouver ici et qui fut \u00e0 [&#8230;]\n","protected":false},"featured_media":34016,"template":"","meta":[],"product_brand":[],"product_cat":[21542],"product_tag":[],"class_list":{"0":"post-151694","1":"product","2":"type-product","3":"status-publish","4":"has-post-thumbnail","6":"product_cat-sachbuecher-dokumentationen","7":"pa_autor-rebuffat","8":"pa_erscheinungsjahr-21571","9":"pa_region-frankreich","10":"pa_sprache-fr","12":"first","13":"instock","14":"taxable","15":"shipping-taxable","16":"purchasable","17":"product-type-simple"},"_links":{"self":[{"href":"https:\/\/pizbube.ch\/en\/wp-json\/wp\/v2\/product\/151694","targetHints":{"allow":["GET"]}}],"collection":[{"href":"https:\/\/pizbube.ch\/en\/wp-json\/wp\/v2\/product"}],"about":[{"href":"https:\/\/pizbube.ch\/en\/wp-json\/wp\/v2\/types\/product"}],"wp:featuredmedia":[{"embeddable":true,"href":"https:\/\/pizbube.ch\/en\/wp-json\/wp\/v2\/media\/34016"}],"wp:attachment":[{"href":"https:\/\/pizbube.ch\/en\/wp-json\/wp\/v2\/media?parent=151694"}],"wp:term":[{"taxonomy":"product_brand","embeddable":true,"href":"https:\/\/pizbube.ch\/en\/wp-json\/wp\/v2\/product_brand?post=151694"},{"taxonomy":"product_cat","embeddable":true,"href":"https:\/\/pizbube.ch\/en\/wp-json\/wp\/v2\/product_cat?post=151694"},{"taxonomy":"product_tag","embeddable":true,"href":"https:\/\/pizbube.ch\/en\/wp-json\/wp\/v2\/product_tag?post=151694"}],"curies":[{"name":"wp","href":"https:\/\/api.w.org\/{rel}","templated":true}]}}