{"id":151697,"date":"2021-01-15T12:01:25","date_gmt":"2021-01-15T12:01:25","guid":{"rendered":"https:\/\/codengine3.ch\/?product=import-placeholder-for-205913"},"modified":"2021-01-15T14:44:54","modified_gmt":"2021-01-15T14:44:54","slug":"le-monde-de-gaston-rebuffat-dvd","status":"publish","type":"product","link":"https:\/\/pizbube.ch\/en\/shop\/le-monde-de-gaston-rebuffat-dvd\/","title":{"rendered":"Le monde de Gaston R\u00e9buffat DVD"},"content":{"rendered":"<p>Mieux que n&#8217;importe qui, Gaston R\u00e9buffat a su raconter la montagne et la faire<br \/>\naimer.<br \/>\nUn film magique \u00e0 voir absolument!  <\/p>\n<p>S&#8217;il est un alpiniste, parmi les plus connus dans le monde, dont le nom brille<br \/>\nd&#8217;un \u00e9clat particulier, c&#8217;est bien Gaston R\u00e9buffat. Mieux que n&#8217;importe qui,<br \/>\nR\u00e9buffat a su raconter la montagne, la faire d\u00e9couvrir et aimer au plus grand<br \/>\nnombre.<br \/>\nTour \u00e0 tour guide, photographe, cin\u00e9aste, \u00e9crivain, po\u00e8te, conf\u00e9rencier, ou<br \/>\njournaliste, il reste aujourd&#8217;hui encore, celui qui sait le mieux ouvrir les<br \/>\nportes de cet &#8218;autre monde&#8216;, \u00e0 la fois f\u00e9erique et myst\u00e9rieux.  <\/p>\n<p>Il y a un style R\u00e9buffat. C&#8217;est cet homme si particulier, et tout ce que<br \/>\nv\u00e9hicule cette &#8218;griffe&#8216; incomparable, que nous vous proposons de d\u00e9couvrir,<br \/>\nd&#8217;\u00e9voquer et de comprendre.<br \/>\nUn film de Gilles Chappaz et Denis Steinberg<br \/>\nDur\u00e9e : 51 minutes  <\/p>","protected":false},"excerpt":{"rendered":"<p>Mieux que n&#8217;importe qui, Gaston R\u00e9buffat a su raconter la montagne et la faire aimer. Un film magique \u00e0 voir absolument! S&#8217;il est un alpiniste, parmi les plus connus dans le monde, dont le nom brille d&#8217;un \u00e9clat particulier, c&#8217;est bien Gaston R\u00e9buffat. Mieux que n&#8217;importe qui, R\u00e9buffat a su raconter la montagne, la faire [&#8230;]\n","protected":false},"featured_media":34768,"template":"","meta":[],"product_brand":[],"product_cat":[21628],"product_tag":[],"class_list":{"0":"post-151697","1":"product","2":"type-product","3":"status-publish","4":"has-post-thumbnail","6":"product_cat-video-dvd-multimedia","7":"pa_autor-chappaz-steinberg","8":"pa_erscheinungsjahr-21693","9":"pa_region-frankreich","10":"pa_sprache-e","11":"pa_sprache-f","13":"first","14":"instock","15":"taxable","16":"shipping-taxable","17":"purchasable","18":"product-type-simple"},"_links":{"self":[{"href":"https:\/\/pizbube.ch\/en\/wp-json\/wp\/v2\/product\/151697","targetHints":{"allow":["GET"]}}],"collection":[{"href":"https:\/\/pizbube.ch\/en\/wp-json\/wp\/v2\/product"}],"about":[{"href":"https:\/\/pizbube.ch\/en\/wp-json\/wp\/v2\/types\/product"}],"wp:featuredmedia":[{"embeddable":true,"href":"https:\/\/pizbube.ch\/en\/wp-json\/wp\/v2\/media\/34768"}],"wp:attachment":[{"href":"https:\/\/pizbube.ch\/en\/wp-json\/wp\/v2\/media?parent=151697"}],"wp:term":[{"taxonomy":"product_brand","embeddable":true,"href":"https:\/\/pizbube.ch\/en\/wp-json\/wp\/v2\/product_brand?post=151697"},{"taxonomy":"product_cat","embeddable":true,"href":"https:\/\/pizbube.ch\/en\/wp-json\/wp\/v2\/product_cat?post=151697"},{"taxonomy":"product_tag","embeddable":true,"href":"https:\/\/pizbube.ch\/en\/wp-json\/wp\/v2\/product_tag?post=151697"}],"curies":[{"name":"wp","href":"https:\/\/api.w.org\/{rel}","templated":true}]}}