{"id":151701,"date":"2021-01-15T12:01:25","date_gmt":"2021-01-15T12:01:25","guid":{"rendered":"https:\/\/codengine3.ch\/?product=import-placeholder-for-203190"},"modified":"2021-01-15T12:54:57","modified_gmt":"2021-01-15T12:54:57","slug":"lawinenunfaelle-in-den-schweizer-alpen-winter-2000-01","status":"publish","type":"product","link":"https:\/\/pizbube.ch\/en\/shop\/lawinenunfaelle-in-den-schweizer-alpen-winter-2000-01\/","title":{"rendered":"Lawinenunf\u00e4lle in den Schweizer Alpen Winter 2000\/ 01"},"content":{"rendered":"<p>Je rund vierzig Fallbeispiele werden detailliert analysiert und sind f\u00fcr die<br \/>\nAus- und Weiterbildung von Tourenfahrern und Freeridern eine wertvolle Hilfe.<br \/>\nSinn und Zweck dieser B\u00fccher ist, anhand einer Reihe ausgew\u00e4hlter F\u00e4lle auf<br \/>\ntypische Probleme und Unfallabl\u00e4ufe hinzuweisen. Angaben zur Wetter- und<br \/>\nLawinensituation, eine Tabelle mit wichtigen Angaben zur Lawine sowie ein<br \/>\nKartenausschnitt und &#8211; wo vorhanden &#8211; Fotos. Auswertungen der Unf\u00e4lle \u00fcber den<br \/>\nganzen Winter und Vergleiche zu den langj\u00e4hrigen Mitteln erg\u00e4nzen die<br \/>\nFallbeispiele. Die Unfallberichte dienen der Aus- und Weiterbildung aller, die<br \/>\nsich im winterlichen Gebirge abseits der gesicherten Pisten bewegen. Sie<br \/>\neignen sich zum Selbststudium, k\u00f6nnen aber auch in Lawinenkursen eingesetzt<br \/>\nwerden.<br \/>\nPersonen- und Sachsch\u00e4den. Davos, Eidg. Institut f\u00fcr Schnee- und<br \/>\nLawinenforschung SLF. 125 S. [Inkl. CD-Rom Lawinenbulletin]  <\/p>\n","protected":false},"excerpt":{"rendered":"<p>Je rund vierzig Fallbeispiele werden detailliert analysiert und sind f\u00fcr die Aus- und Weiterbildung von Tourenfahrern und Freeridern eine wertvolle Hilfe. Sinn und Zweck dieser B\u00fccher ist, anhand einer Reihe ausgew\u00e4hlter F\u00e4lle auf typische Probleme und Unfallabl\u00e4ufe hinzuweisen. Angaben zur Wetter- und Lawinensituation, eine Tabelle mit wichtigen Angaben zur Lawine sowie ein Kartenausschnitt und &#8211; [&#8230;]\n","protected":false},"featured_media":30736,"template":"","meta":[],"product_brand":[],"product_cat":[21542],"product_tag":[],"class_list":{"0":"post-151701","1":"product","2":"type-product","3":"status-publish","4":"has-post-thumbnail","6":"product_cat-sachbuecher-dokumentationen","7":"pa_autor-harvey","8":"pa_erscheinungsjahr-22292","9":"pa_region-alpin-winter","10":"pa_sprache-de","12":"first","13":"instock","14":"taxable","15":"shipping-taxable","16":"purchasable","17":"product-type-simple"},"_links":{"self":[{"href":"https:\/\/pizbube.ch\/en\/wp-json\/wp\/v2\/product\/151701","targetHints":{"allow":["GET"]}}],"collection":[{"href":"https:\/\/pizbube.ch\/en\/wp-json\/wp\/v2\/product"}],"about":[{"href":"https:\/\/pizbube.ch\/en\/wp-json\/wp\/v2\/types\/product"}],"wp:featuredmedia":[{"embeddable":true,"href":"https:\/\/pizbube.ch\/en\/wp-json\/wp\/v2\/media\/30736"}],"wp:attachment":[{"href":"https:\/\/pizbube.ch\/en\/wp-json\/wp\/v2\/media?parent=151701"}],"wp:term":[{"taxonomy":"product_brand","embeddable":true,"href":"https:\/\/pizbube.ch\/en\/wp-json\/wp\/v2\/product_brand?post=151701"},{"taxonomy":"product_cat","embeddable":true,"href":"https:\/\/pizbube.ch\/en\/wp-json\/wp\/v2\/product_cat?post=151701"},{"taxonomy":"product_tag","embeddable":true,"href":"https:\/\/pizbube.ch\/en\/wp-json\/wp\/v2\/product_tag?post=151701"}],"curies":[{"name":"wp","href":"https:\/\/api.w.org\/{rel}","templated":true}]}}