{"id":151702,"date":"2021-01-15T12:01:25","date_gmt":"2021-01-15T12:01:25","guid":{"rendered":"https:\/\/codengine3.ch\/?product=import-placeholder-for-205206"},"modified":"2021-01-15T14:39:28","modified_gmt":"2021-01-15T14:39:28","slug":"lawinen-und-recht-2005","status":"publish","type":"product","link":"https:\/\/pizbube.ch\/en\/shop\/lawinen-und-recht-2005\/","title":{"rendered":"Lawinen und Recht 2005"},"content":{"rendered":"<p>Proceedings zum Internationalen Seminar vom 6.-9. November 2005 in Davos, 172<br \/>\nS.  <\/p>\n<p>Der Tagungsband gibt einen guten \u00dcberblick \u00fcber die beiden Themenkreise und<br \/>\ndie kritische Ber\u00fchrungspunkte beim Variantenfahren und auf Skitouren, bei der<br \/>\nSicherung in Skigebieten und im Bereich des Lawinenschutzes f\u00fcr Verkehrswege<br \/>\nund Siedlungen.  <\/p>","protected":false},"excerpt":{"rendered":"<p>Proceedings zum Internationalen Seminar vom 6.-9. November 2005 in Davos, 172 S. Der Tagungsband gibt einen guten \u00dcberblick \u00fcber die beiden Themenkreise und die kritische Ber\u00fchrungspunkte beim Variantenfahren und auf Skitouren, bei der Sicherung in Skigebieten und im Bereich des Lawinenschutzes f\u00fcr Verkehrswege und Siedlungen.<\/p>","protected":false},"featured_media":45070,"template":"","meta":[],"product_brand":[],"product_cat":[21542],"product_tag":[],"class_list":{"0":"post-151702","1":"product","2":"type-product","3":"status-publish","4":"has-post-thumbnail","6":"product_cat-sachbuecher-dokumentationen","7":"pa_autor-schweizer","8":"pa_erscheinungsjahr-21763","9":"pa_region-schweiz","10":"pa_sprache-de","12":"first","13":"instock","14":"taxable","15":"shipping-taxable","16":"purchasable","17":"product-type-simple"},"_links":{"self":[{"href":"https:\/\/pizbube.ch\/en\/wp-json\/wp\/v2\/product\/151702","targetHints":{"allow":["GET"]}}],"collection":[{"href":"https:\/\/pizbube.ch\/en\/wp-json\/wp\/v2\/product"}],"about":[{"href":"https:\/\/pizbube.ch\/en\/wp-json\/wp\/v2\/types\/product"}],"wp:featuredmedia":[{"embeddable":true,"href":"https:\/\/pizbube.ch\/en\/wp-json\/wp\/v2\/media\/45070"}],"wp:attachment":[{"href":"https:\/\/pizbube.ch\/en\/wp-json\/wp\/v2\/media?parent=151702"}],"wp:term":[{"taxonomy":"product_brand","embeddable":true,"href":"https:\/\/pizbube.ch\/en\/wp-json\/wp\/v2\/product_brand?post=151702"},{"taxonomy":"product_cat","embeddable":true,"href":"https:\/\/pizbube.ch\/en\/wp-json\/wp\/v2\/product_cat?post=151702"},{"taxonomy":"product_tag","embeddable":true,"href":"https:\/\/pizbube.ch\/en\/wp-json\/wp\/v2\/product_tag?post=151702"}],"curies":[{"name":"wp","href":"https:\/\/api.w.org\/{rel}","templated":true}]}}