{"id":151704,"date":"2021-01-15T12:01:30","date_gmt":"2021-01-15T12:01:30","guid":{"rendered":"https:\/\/codengine3.ch\/?product=import-placeholder-for-201429"},"modified":"2021-01-15T12:01:33","modified_gmt":"2021-01-15T12:01:33","slug":"die-weisse-hoelle-vom-piz-palue-dvd","status":"publish","type":"product","link":"https:\/\/pizbube.ch\/en\/shop\/die-weisse-hoelle-vom-piz-palue-dvd\/","title":{"rendered":"Die weisse H\u00f6lle vom Piz Pal\u00fc (DVD)"},"content":{"rendered":"<p>\nEin Klassiker des Bergfilms mit Leni Riefenstahl und Ernst Udet, gedreht unter<br \/>\nh\u00e4rtesten Bedingungen! Ein junges Paar, das einen Winterurlaub im Engadin<br \/>\nverbringt, folgt einem von Todessehnsucht getriebenen Mann in die Nordwand des<br \/>\nPiz Pall\u00fc.<\/p>\n<p>Dort kam vor zehn Jahren dessen Frau ums Leben. Seitdem geht er, von<br \/>\nSchuldgef\u00fchlen gepeinigt, ruhelos \u00fcber alle Berge. Der &#8218;Cliffhanger&#8216; der<br \/>\ndeutschen Stummfilm\u00e4ra: Unter schwersten \u00e4u\u00dferen Bedingungen entstand ein<br \/>\nbeeindruckender Bergsteigerfilm \u00fcber einen fanatischen Bergsteiger, der sich<br \/>\nf\u00fcr ein in Gefahr geratenes Paar opfert.<\/p>\n<p>DVD, 133 Min.<\/p>","protected":false},"excerpt":{"rendered":"<ul>\n<li><a href=\"https:\/\/youtu.be\/lrGKsfb2viU\" target=\"_blank\" rel=\"noopener\">Video: Die weisse H\u00f6lle vom Piz Pal\u00fc DVD<\/a><\/li>\n<\/ul>","protected":false},"featured_media":28772,"template":"","meta":[],"product_brand":[],"product_cat":[21628],"product_tag":[],"class_list":{"0":"post-151704","1":"product","2":"type-product","3":"status-publish","4":"has-post-thumbnail","6":"product_cat-video-dvd-multimedia","7":"pa_autor-fanck","8":"pa_erscheinungsjahr-21920","9":"pa_region-schweiz","10":"pa_sprache-de","12":"first","13":"outofstock","14":"taxable","15":"shipping-taxable","16":"purchasable","17":"product-type-simple"},"_links":{"self":[{"href":"https:\/\/pizbube.ch\/en\/wp-json\/wp\/v2\/product\/151704","targetHints":{"allow":["GET"]}}],"collection":[{"href":"https:\/\/pizbube.ch\/en\/wp-json\/wp\/v2\/product"}],"about":[{"href":"https:\/\/pizbube.ch\/en\/wp-json\/wp\/v2\/types\/product"}],"wp:featuredmedia":[{"embeddable":true,"href":"https:\/\/pizbube.ch\/en\/wp-json\/wp\/v2\/media\/28772"}],"wp:attachment":[{"href":"https:\/\/pizbube.ch\/en\/wp-json\/wp\/v2\/media?parent=151704"}],"wp:term":[{"taxonomy":"product_brand","embeddable":true,"href":"https:\/\/pizbube.ch\/en\/wp-json\/wp\/v2\/product_brand?post=151704"},{"taxonomy":"product_cat","embeddable":true,"href":"https:\/\/pizbube.ch\/en\/wp-json\/wp\/v2\/product_cat?post=151704"},{"taxonomy":"product_tag","embeddable":true,"href":"https:\/\/pizbube.ch\/en\/wp-json\/wp\/v2\/product_tag?post=151704"}],"curies":[{"name":"wp","href":"https:\/\/api.w.org\/{rel}","templated":true}]}}