{"id":151705,"date":"2021-01-15T12:01:30","date_gmt":"2021-01-15T12:01:30","guid":{"rendered":"https:\/\/codengine3.ch\/?product=import-placeholder-for-205801"},"modified":"2024-03-01T09:48:56","modified_gmt":"2024-03-01T08:48:56","slug":"weisse-hoelle-weisser-rausch-arnold-fanck","status":"publish","type":"product","link":"https:\/\/pizbube.ch\/en\/shop\/weisse-hoelle-weisser-rausch-arnold-fanck\/","title":{"rendered":"Weisse H\u00f6lle &#8211; Weisser Rausch Arnold Fanck"},"content":{"rendered":"<p>Bergfilme und Bergbilder von Arnold Fanck \u00b7 1909-1939<\/p>\n<p>F\u00fcnfzehn grosse Berg-, Ski- und Naturspielfilme hat Arnold Fanck, der Regisseur von &#8218;Die weisse H\u00f6lle vom Piz Pal\u00fc&#8216; zwischen 1919 und 1939 gedreht. &#8218;St\u00fcrme \u00fcber dem Mont Blanc&#8216;, &#8218;Der weisse Rausch&#8216; oder &#8218;S.O.S. Eisberg&#8216; wurden Kassenschlager. Seine technischen Entwicklungen fanden schnell Eingang in die internationale Filmwelt, seine Kameraleute pr\u00e4gten die deutsche Kinematografie bis in die sechziger Jahre.<\/p>\n<p><span class=\"value\">&#171;Arnold Fanck ragt als grosser Pionier des Bergfilms heraus. Nicht nur lernten bei ihm Luis Trenker und Leni Riefenstahl, auch begannen unter seiner Regie eine Reihe wichtiger Kameraleute, deren T\u00e4tigkeit bis in die f\u00fcnfziger Jahre hinein ihre Spuren in der deutschen Kinematographie hinterlassen hat.&#187; Eric RentschlerEs ist das Verdienst von Arnold Fanck, die Kamera aus dem Studio &#171;befreit&#187; und in die Natur gebracht zu haben: alle grossen Filme vor 1920 wurden im Studio gedreht. Das Drehen im Hochgebirge, auf Gletschern, in Gletscherspalten, auf Eisbergen, Vulkanen und aus Flugzeugen heraus bedingte Techniken, die noch nicht vorhanden waren und von Fanck und seinen langj\u00e4hrigen Kameraleuten erst entwickelt wurden.&gt;<br \/>\n<\/span><br \/>\n<span class=\"value\">Breite 240 mm, H\u00f6he 300 mm,<\/span><br \/>\n160 Seiten, ca. 100 Abb. Duoton<\/p>","protected":false},"excerpt":{"rendered":"<p>Bergfilme und Bergbilder von Arnold Fanck \u00b7 1909-1939 F\u00fcnfzehn grosse Berg-, Ski- und Naturspielfilme hat Arnold Fanck, der Regisseur von &#8218;Die weisse H\u00f6lle vom Piz Pal\u00fc&#8216; zwischen 1919 und 1939 gedreht. &#8218;St\u00fcrme \u00fcber dem Mont Blanc&#8216;, &#8218;Der weisse Rausch&#8216; oder &#8218;S.O.S. Eisberg&#8216; wurden Kassenschlager. Seine technischen Entwicklungen fanden schnell Eingang in die internationale Filmwelt, seine [&#8230;]\n","protected":false},"featured_media":171860,"template":"","meta":[],"product_brand":[],"product_cat":[21542],"product_tag":[],"class_list":{"0":"post-151705","1":"product","2":"type-product","3":"status-publish","4":"has-post-thumbnail","6":"product_cat-sachbuecher-dokumentationen","7":"pa_autor-fanck","8":"pa_erscheinungsjahr-21693","9":"pa_region-deutschland","10":"pa_sprache-de","12":"first","13":"instock","14":"taxable","15":"shipping-taxable","16":"purchasable","17":"product-type-simple"},"_links":{"self":[{"href":"https:\/\/pizbube.ch\/en\/wp-json\/wp\/v2\/product\/151705","targetHints":{"allow":["GET"]}}],"collection":[{"href":"https:\/\/pizbube.ch\/en\/wp-json\/wp\/v2\/product"}],"about":[{"href":"https:\/\/pizbube.ch\/en\/wp-json\/wp\/v2\/types\/product"}],"wp:featuredmedia":[{"embeddable":true,"href":"https:\/\/pizbube.ch\/en\/wp-json\/wp\/v2\/media\/171860"}],"wp:attachment":[{"href":"https:\/\/pizbube.ch\/en\/wp-json\/wp\/v2\/media?parent=151705"}],"wp:term":[{"taxonomy":"product_brand","embeddable":true,"href":"https:\/\/pizbube.ch\/en\/wp-json\/wp\/v2\/product_brand?post=151705"},{"taxonomy":"product_cat","embeddable":true,"href":"https:\/\/pizbube.ch\/en\/wp-json\/wp\/v2\/product_cat?post=151705"},{"taxonomy":"product_tag","embeddable":true,"href":"https:\/\/pizbube.ch\/en\/wp-json\/wp\/v2\/product_tag?post=151705"}],"curies":[{"name":"wp","href":"https:\/\/api.w.org\/{rel}","templated":true}]}}