{"id":151706,"date":"2021-01-15T12:01:30","date_gmt":"2021-01-15T12:01:30","guid":{"rendered":"https:\/\/codengine3.ch\/?product=import-placeholder-for-206126"},"modified":"2024-03-01T10:09:43","modified_gmt":"2024-03-01T09:09:43","slug":"himmelhoch-und-abgrundtief-die-geschichte-des-bergfilms-dvd","status":"publish","type":"product","link":"https:\/\/pizbube.ch\/en\/shop\/himmelhoch-und-abgrundtief-die-geschichte-des-bergfilms-dvd\/","title":{"rendered":"Himmelhoch und abgrundtief &#8211; Die Geschichte des Bergfilms DVD"},"content":{"rendered":"<p>Die Geschichte des Bergfilms. Zwei Dokumentationen<\/p>\n<p>Zwei sehr interessante Dokumentationen von Hans-J\u00fcrgen Panitz \u00fcber die<br \/>\nFaszination Bergfilm und \u00fcber den deutschen Regisseur und Bergfilmpionier Dr.<br \/>\nA. Franck.<\/p>\n<p>In einer historischen Betrachtung der drei gro\u00dfen W\u00e4nde, des Matterhorns, des<br \/>\nEiger und der Grandes Jorasses, die bis in die 30er Jahre des vergangenen<br \/>\nJahrhunderts als die &#8218;letzten Probleme der Alpen&#8216; galten, befa\u00dft sich diese<br \/>\nDokumentation vor allem mit den Filmen, die in den drei W\u00e4nden entstanden<br \/>\nsind. Dar\u00fcber hinaus wird in einem Essay die spannende Chronologie der<br \/>\n100-j\u00e4hrigen Geschichte des Genres Bergfilm mit Konzentration auf die<br \/>\neurop\u00e4ischen Alpen beleuchtet. Ausschnitte aus \u00fcber 40 Dokumentar- und<br \/>\nSpielfilmen sowie entsprechende Landschaftsaufnahmen illustrieren die<br \/>\nfilmgeschichtliche Darstellung.<br \/>\nEine Dokumentation von Hans-J\u00fcrgen Panitz und Matthias Fanck SWR\/ ARTE 2008,<br \/>\nca. 58 min.<\/p>\n<p>Wer war Arnold Fanck?<br \/>\nNeben vielen Filmauschnitten kommen ausf\u00fchrlich Zeitzeugen, Kollegen und<br \/>\nSchauspieler zu Wort. In Gespr\u00e4chen mit Riefenstahl und Trenker versucht der<br \/>\nAutor den nachwirkenden Einflu\u00df Fancks aufzudecken. Erfolgreiche Filme waren<br \/>\nu.a. &#8218;Die wei\u00dfe H\u00f6lle am Piz Pal\u00fc (1929); &#8218;St\u00fcrme \u00fcber dem Mont Blanc&#8216; (1930)<br \/>\nund &#8218;SOS Eisberg&#8216; (1933).<br \/>\nRegisseur: Hans-J\u00fcrgen Panitz D,<\/p>\n<p>1999, 91 Min., Farbe + s\/w<\/p>","protected":false},"excerpt":{"rendered":"<p>Die Geschichte des Bergfilms. Zwei Dokumentationen Zwei sehr interessante Dokumentationen von Hans-J\u00fcrgen Panitz \u00fcber die Faszination Bergfilm und \u00fcber den deutschen Regisseur und Bergfilmpionier Dr. A. Franck. In einer historischen Betrachtung der drei gro\u00dfen W\u00e4nde, des Matterhorns, des Eiger und der Grandes Jorasses, die bis in die 30er Jahre des vergangenen Jahrhunderts als die &#8218;letzten [&#8230;]\n","protected":false},"featured_media":171867,"template":"","meta":[],"product_brand":[],"product_cat":[21628],"product_tag":[],"class_list":{"0":"post-151706","1":"product","2":"type-product","3":"status-publish","4":"has-post-thumbnail","6":"product_cat-video-dvd-multimedia","7":"pa_autor-panitz-fanck","8":"pa_erscheinungsjahr-21693","9":"pa_region-deutschland","10":"pa_sprache-de","12":"first","13":"instock","14":"taxable","15":"shipping-taxable","16":"purchasable","17":"product-type-simple"},"_links":{"self":[{"href":"https:\/\/pizbube.ch\/en\/wp-json\/wp\/v2\/product\/151706","targetHints":{"allow":["GET"]}}],"collection":[{"href":"https:\/\/pizbube.ch\/en\/wp-json\/wp\/v2\/product"}],"about":[{"href":"https:\/\/pizbube.ch\/en\/wp-json\/wp\/v2\/types\/product"}],"wp:featuredmedia":[{"embeddable":true,"href":"https:\/\/pizbube.ch\/en\/wp-json\/wp\/v2\/media\/171867"}],"wp:attachment":[{"href":"https:\/\/pizbube.ch\/en\/wp-json\/wp\/v2\/media?parent=151706"}],"wp:term":[{"taxonomy":"product_brand","embeddable":true,"href":"https:\/\/pizbube.ch\/en\/wp-json\/wp\/v2\/product_brand?post=151706"},{"taxonomy":"product_cat","embeddable":true,"href":"https:\/\/pizbube.ch\/en\/wp-json\/wp\/v2\/product_cat?post=151706"},{"taxonomy":"product_tag","embeddable":true,"href":"https:\/\/pizbube.ch\/en\/wp-json\/wp\/v2\/product_tag?post=151706"}],"curies":[{"name":"wp","href":"https:\/\/api.w.org\/{rel}","templated":true}]}}