{"id":151707,"date":"2021-01-15T12:01:30","date_gmt":"2021-01-15T12:01:30","guid":{"rendered":"https:\/\/codengine3.ch\/?product=import-placeholder-for-204959"},"modified":"2021-01-15T14:37:36","modified_gmt":"2021-01-15T14:37:36","slug":"lalpe-35-stars-et-toiles-des-neiges","status":"publish","type":"product","link":"https:\/\/pizbube.ch\/en\/shop\/lalpe-35-stars-et-toiles-des-neiges\/","title":{"rendered":"L&#8217;Alpe 35 &#8211; Stars et toiles (des neiges)"},"content":{"rendered":"<p>R\u00e9sum\u00e9 : D\u00e9cor ou actrice, la montagne contribue \u00e0 la magie du septi\u00e8me art<br \/>\ndepuis un si\u00e8cle. Travelling sur la repr\u00e9sentation de l&#8217;univers alpin dans le<br \/>\ncin\u00e9ma de fiction, avec des plans rapproch\u00e9s sur l&#8217;id\u00e9ologie des cimes, les<br \/>\nfilms d&#8217;action, les affiches ou la publicit\u00e9. Le cin\u00e9ma forme un vieux couple<br \/>\navec la montagne, puisqu&#8217;elle entre dans le champ des cam\u00e9ras d\u00e8s les d\u00e9buts<br \/>\ndu muet, \u00e0 l&#8217;aube du XXe si\u00e8cle. Depuis, elle a le beau r\u00f4le dans de nombreux<br \/>\nfilms de fiction et les meilleurs r\u00e9alisateurs, europ\u00e9ens et am\u00e9ricains, s&#8217;y<br \/>\nsont frott\u00e9s. Th\u00e9\u00e2tre de m\u00e9lodrames, de drames intimistes et d&#8217;idylles<br \/>\nromantiques, elle se fait tant\u00f4t po\u00e9tique, tant\u00f4t symbolique. Lieu de<br \/>\nr\u00e9g\u00e9n\u00e9ration et d&#8217;exploits h\u00e9ro\u00efques, elle a aussi contribu\u00e9 \u00e0 une<br \/>\nid\u00e9ologiepatriotique et nationaliste dans les pays germaniques, avec des<br \/>\nr\u00e9alisateurs comme Leni Riefenstahl et Luis Trenker. Parois verticales et<br \/>\npentes neigeuses sont par ailleurs un formidable terrain d&#8217;action pour des<br \/>\npersonnages comme James Bond, et d&#8217;autres r\u00e9alisations \u00e0 la limite du kitsch.<br \/>\nM\u00eame les longs m\u00e9trages sirupeux de la production indienne &#8218;Bollywood&#8216;<br \/>\ncomportent d\u00e9sormais d&#8217;innombrables sc\u00e8nes tourn\u00e9es dans les Alpes suisses et<br \/>\ntyroliennes ! Enfin, la publicit\u00e9 ne d\u00e9daigne pas utiliser \u00e0 son profit<br \/>\nl&#8217;image de l&#8217;alpe (La fabuleuse collection d&#8217;affiches du mus\u00e9e de la Montagne<br \/>\nde Turin d\u00e9voil\u00e9e), tandis que la montagne au cin\u00e9ma a donn\u00e9 lieu \u00e0 une<br \/>\nformidable s\u00e9rie d&#8217;affiches, proposant un portfolio \u00e0 r\u00eaver<\/p>","protected":false},"excerpt":{"rendered":"<p>R\u00e9sum\u00e9 : D\u00e9cor ou actrice, la montagne contribue \u00e0 la magie du septi\u00e8me art depuis un si\u00e8cle. Travelling sur la repr\u00e9sentation de l&#8217;univers alpin dans le cin\u00e9ma de fiction, avec des plans rapproch\u00e9s sur l&#8217;id\u00e9ologie des cimes, les films d&#8217;action, les affiches ou la publicit\u00e9. Le cin\u00e9ma forme un vieux couple avec la montagne, puisqu&#8217;elle [&#8230;]\n","protected":false},"featured_media":33521,"template":"","meta":[],"product_brand":[],"product_cat":[21541],"product_tag":[],"class_list":{"0":"post-151707","1":"product","2":"type-product","3":"status-publish","4":"has-post-thumbnail","6":"product_cat-zeitschriften","7":"pa_autor-lalpe-2","8":"pa_erscheinungsjahr-21842","9":"pa_region-frankreich","10":"pa_sprache-fr","12":"first","13":"instock","14":"taxable","15":"shipping-taxable","16":"purchasable","17":"product-type-simple"},"_links":{"self":[{"href":"https:\/\/pizbube.ch\/en\/wp-json\/wp\/v2\/product\/151707","targetHints":{"allow":["GET"]}}],"collection":[{"href":"https:\/\/pizbube.ch\/en\/wp-json\/wp\/v2\/product"}],"about":[{"href":"https:\/\/pizbube.ch\/en\/wp-json\/wp\/v2\/types\/product"}],"wp:featuredmedia":[{"embeddable":true,"href":"https:\/\/pizbube.ch\/en\/wp-json\/wp\/v2\/media\/33521"}],"wp:attachment":[{"href":"https:\/\/pizbube.ch\/en\/wp-json\/wp\/v2\/media?parent=151707"}],"wp:term":[{"taxonomy":"product_brand","embeddable":true,"href":"https:\/\/pizbube.ch\/en\/wp-json\/wp\/v2\/product_brand?post=151707"},{"taxonomy":"product_cat","embeddable":true,"href":"https:\/\/pizbube.ch\/en\/wp-json\/wp\/v2\/product_cat?post=151707"},{"taxonomy":"product_tag","embeddable":true,"href":"https:\/\/pizbube.ch\/en\/wp-json\/wp\/v2\/product_tag?post=151707"}],"curies":[{"name":"wp","href":"https:\/\/api.w.org\/{rel}","templated":true}]}}