{"id":151710,"date":"2021-01-15T12:01:30","date_gmt":"2021-01-15T12:01:30","guid":{"rendered":"https:\/\/codengine3.ch\/?product=import-placeholder-for-208447"},"modified":"2021-01-15T17:54:08","modified_gmt":"2021-01-15T17:54:08","slug":"dico-vertigo-dictionnaire-de-la-montagne-au-cinema","status":"publish","type":"product","link":"https:\/\/pizbube.ch\/en\/shop\/dico-vertigo-dictionnaire-de-la-montagne-au-cinema\/","title":{"rendered":"Dico Vertigo &#8211; Dictionnaire de la montagne au cin\u00e9ma"},"content":{"rendered":"<p>500 films comment\u00e9s de A \u00e0 Z et illustr\u00e9s d\u2019affiches et photos de tournage.<br \/>\n&#171;Dico Vertigo&#187; ravive nos \u00e9motions d\u2019altitude et exalte notre d\u00e9sir de<br \/>\ncin\u00e9ma.<\/p>\n<p>L\u2019\u0153il exerc\u00e9 derri\u00e8re la cam\u00e9ra, Bernard Germain visionne 100 ans de cin\u00e9ma de<br \/>\nmontagne et retient les \u0153uvres marquantes : des premiers films d\u2019exp\u00e9ditions<br \/>\nen Himalaya aux r\u00e9alisations alpines ultral\u00e9g\u00e8res sur les montagnes de tous<br \/>\nles continents, de l\u2019Alaska \u00e0 l\u2019Antarctique, du Caucase au Kilimandjaro\u2026 \u00c0<br \/>\ntravers films de fiction et documentaires, l\u2019auteur nous emm\u00e8ne en voyage dans<br \/>\nson encyclop\u00e9die subjective o\u00f9 l\u2019on croise Charlie Chaplin, Marcel Ichac,<br \/>\nWerner Herzog, Gilles Chappaz, Clint Eastwood, Gaston R\u00e9buffat, Maryline<br \/>\nMonroe, Juliette Binoche, Hitchcock, Bu\u00f1uel, Kubrick, Tarentino et m\u00eame James<br \/>\nBond !<\/p>\n<p>Chaque film est d\u00e9crit en d\u00e9tail et analys\u00e9 avec gourmandise et pertinence. Le<br \/>\nr\u00e9sultat est un dictionnaire complice, une invitation \u00e0 l\u2019errance ludique dans<br \/>\n500 films o\u00f9 la montagne occupe une place primordiale, tant\u00f4t th\u00e9\u00e2tre de<br \/>\nl\u2019action tant\u00f4t personnage et toujours pr\u00e9sence d\u00e9cisive.  <\/p>\n<p>Cet excitant \u00ab Cin\u00e9ma d\u2019Hauteur \u00bb nous emporte avec ses h\u00e9ros et ses titres<br \/>\ncultes : de Heidi \u00e0 Cliffhanger, de Jeremiah Johnson aux Bronz\u00e9s font du ski,<br \/>\nen passant par Premier de cord\u00e9e, Rasta rockett ; avec ses drames mythiques<br \/>\n(La Mort suspendue, Les Survivants), ses films optimistes (La M\u00e9lodie du<br \/>\nbonheur, L\u2019Ascension), ses films ethnographiques (Terre sans Pain, La Balade<br \/>\nde Narayama), ses documentaires sur les aventures des g\u00e9ants (Bonatti,<br \/>\nMessner, Terray, Profit, Edlinger, Honnold) et les exploits des grandes Dames<br \/>\n(Catherine Destivelle, St\u00e9phanie Bodet\u2026) sans oublier les westerns, les<br \/>\nthrillers, et tant d\u2019\u0153uvres vertigineuses qui s\u00e9duisent les publics de tous<br \/>\n\u00e2ges. Enrichi d\u2019un index th\u00e9matique de 3000 r\u00e9f\u00e9rences et pr\u00e9fac\u00e9 par le<br \/>\nr\u00e9alisateur Nicolas Philibert  <\/p>","protected":false},"excerpt":{"rendered":"<p>500 films comment\u00e9s de A \u00e0 Z et illustr\u00e9s d\u2019affiches et photos de tournage. &#171;Dico Vertigo&#187; ravive nos \u00e9motions d\u2019altitude et exalte notre d\u00e9sir de cin\u00e9ma. L\u2019\u0153il exerc\u00e9 derri\u00e8re la cam\u00e9ra, Bernard Germain visionne 100 ans de cin\u00e9ma de montagne et retient les \u0153uvres marquantes : des premiers films d\u2019exp\u00e9ditions en Himalaya aux r\u00e9alisations alpines [&#8230;]\n","protected":false},"featured_media":40234,"template":"","meta":[],"product_brand":[],"product_cat":[21542],"product_tag":[],"class_list":{"0":"post-151710","1":"product","2":"type-product","3":"status-publish","4":"has-post-thumbnail","6":"product_cat-sachbuecher-dokumentationen","7":"pa_autor-germain","8":"pa_erscheinungsjahr-21586","9":"pa_region-frankreich","10":"pa_sprache-fr","12":"first","13":"instock","14":"taxable","15":"shipping-taxable","16":"purchasable","17":"product-type-simple"},"_links":{"self":[{"href":"https:\/\/pizbube.ch\/en\/wp-json\/wp\/v2\/product\/151710","targetHints":{"allow":["GET"]}}],"collection":[{"href":"https:\/\/pizbube.ch\/en\/wp-json\/wp\/v2\/product"}],"about":[{"href":"https:\/\/pizbube.ch\/en\/wp-json\/wp\/v2\/types\/product"}],"wp:featuredmedia":[{"embeddable":true,"href":"https:\/\/pizbube.ch\/en\/wp-json\/wp\/v2\/media\/40234"}],"wp:attachment":[{"href":"https:\/\/pizbube.ch\/en\/wp-json\/wp\/v2\/media?parent=151710"}],"wp:term":[{"taxonomy":"product_brand","embeddable":true,"href":"https:\/\/pizbube.ch\/en\/wp-json\/wp\/v2\/product_brand?post=151710"},{"taxonomy":"product_cat","embeddable":true,"href":"https:\/\/pizbube.ch\/en\/wp-json\/wp\/v2\/product_cat?post=151710"},{"taxonomy":"product_tag","embeddable":true,"href":"https:\/\/pizbube.ch\/en\/wp-json\/wp\/v2\/product_tag?post=151710"}],"curies":[{"name":"wp","href":"https:\/\/api.w.org\/{rel}","templated":true}]}}