{"id":151711,"date":"2021-01-15T12:01:30","date_gmt":"2021-01-15T12:01:30","guid":{"rendered":"https:\/\/codengine3.ch\/?product=import-placeholder-for-208472"},"modified":"2024-03-01T09:49:58","modified_gmt":"2024-03-01T08:49:58","slug":"100-jahre-bergfilm-dramen-trick-und-abenteuer","status":"publish","type":"product","link":"https:\/\/pizbube.ch\/en\/shop\/100-jahre-bergfilm-dramen-trick-und-abenteuer\/","title":{"rendered":"100 Jahre Bergfilm &#8211; Dramen, Trick und Abenteuer"},"content":{"rendered":"<p>Geschichte des Bergfilms, von Arnold Fanck bis Sylvester Stallone<br \/>\nDas Buch bewegt sich auf den Spuren der gro\u00dfen Bergfilmer. Von Arnold Fanck<br \/>\n\u00fcber Leni Riefenstahl und Luis Trenker bis in die heutige Zeit.<\/p>\n<p>Die Geschichte des Bergfilms ist so spannend wie das Klettern in der Eiger-<br \/>\nNordwand oder das Bergsteigen an einem Achttausender im Himalaya. 1901 wurde<br \/>\nam Matterhorn der erste, bis heute erhaltene Bergfilm gedreht. Vier Minuten<br \/>\nlang zeigt er Bergsteiger, die \u00fcber den H\u00f6rnligrat zum Gipfel des ber\u00fchmtesten<br \/>\nBerges der Alpen steigen. In den zwanziger Jahren machte Arnold Fanck den<br \/>\nBergfilm zum dramatischen Spielfilm. \u00dcber Luis Trenkers Kultfilm \u00bbDer Berg<br \/>\nruft\u00ab und Hans Ertls \u00bbNanga Parbat\u00ab bis hin zu \u00bbCliffhanger\u00ab und dem IMAX-Film<br \/>\n\u00bbGipfel ohne Gnade\u00ab f\u00fchrt die Dramaturgie durch exakt 100 Jahre Bergfilm-<br \/>\nGeschichte.<\/p>\n<p>Das Buch bewegt sich auf den Spuren der gro\u00dfen Bergfilmer. Von Arnold Fanck<br \/>\n\u00fcber Leni Riefenstahl und Luis Trenker bis in die heutige Zeit. So wird die<br \/>\nBedeutung des Bergfilms f\u00fcr unsere Gesellschaft und vor allen Dingen f\u00fcr die<br \/>\nAlpen aufgezeigt. Ein besonderes Augenmerk wird dabei auf das Leben und Wirken<br \/>\nvon Luis Trenker gelegt.<\/p>\n<p>176 Seiten,<br \/>\n200 Abbildungen, 21,5 x 29 cm, Schutzumschlag Leinen.<\/p>","protected":false},"excerpt":{"rendered":"<p>Geschichte des Bergfilms, von Arnold Fanck bis Sylvester Stallone Das Buch bewegt sich auf den Spuren der gro\u00dfen Bergfilmer. Von Arnold Fanck \u00fcber Leni Riefenstahl und Luis Trenker bis in die heutige Zeit. Die Geschichte des Bergfilms ist so spannend wie das Klettern in der Eiger- Nordwand oder das Bergsteigen an einem Achttausender im Himalaya. [&#8230;]\n","protected":false},"featured_media":171863,"template":"","meta":[],"product_brand":[],"product_cat":[21580],"product_tag":[],"class_list":{"0":"post-151711","1":"product","2":"type-product","3":"status-publish","4":"has-post-thumbnail","6":"product_cat-kunst-kultur","7":"pa_autor-koenig-panitz-wachtler","8":"pa_erscheinungsjahr-22242","9":"pa_region-deutschland","10":"pa_sprache-de","12":"first","13":"instock","14":"taxable","15":"shipping-taxable","16":"purchasable","17":"product-type-simple"},"_links":{"self":[{"href":"https:\/\/pizbube.ch\/en\/wp-json\/wp\/v2\/product\/151711","targetHints":{"allow":["GET"]}}],"collection":[{"href":"https:\/\/pizbube.ch\/en\/wp-json\/wp\/v2\/product"}],"about":[{"href":"https:\/\/pizbube.ch\/en\/wp-json\/wp\/v2\/types\/product"}],"wp:featuredmedia":[{"embeddable":true,"href":"https:\/\/pizbube.ch\/en\/wp-json\/wp\/v2\/media\/171863"}],"wp:attachment":[{"href":"https:\/\/pizbube.ch\/en\/wp-json\/wp\/v2\/media?parent=151711"}],"wp:term":[{"taxonomy":"product_brand","embeddable":true,"href":"https:\/\/pizbube.ch\/en\/wp-json\/wp\/v2\/product_brand?post=151711"},{"taxonomy":"product_cat","embeddable":true,"href":"https:\/\/pizbube.ch\/en\/wp-json\/wp\/v2\/product_cat?post=151711"},{"taxonomy":"product_tag","embeddable":true,"href":"https:\/\/pizbube.ch\/en\/wp-json\/wp\/v2\/product_tag?post=151711"}],"curies":[{"name":"wp","href":"https:\/\/api.w.org\/{rel}","templated":true}]}}