{"id":151713,"date":"2021-01-15T12:01:31","date_gmt":"2021-01-15T12:01:31","guid":{"rendered":"https:\/\/codengine3.ch\/?product=import-placeholder-for-203523"},"modified":"2021-01-15T14:24:06","modified_gmt":"2021-01-15T14:24:06","slug":"freizeitaktivitaeten-im-lebensraum-der-alpentiere","status":"publish","type":"product","link":"https:\/\/pizbube.ch\/en\/shop\/freizeitaktivitaeten-im-lebensraum-der-alpentiere\/","title":{"rendered":"Freizeitaktivit\u00e4ten im Lebensraum der Alpentiere"},"content":{"rendered":"<p>Wann und warum sind bestimmte Tierarten in den Alpen gef\u00e4hrdet, wenn<br \/>\nFreizeitsportler in ihren Lebensraum eindringen? Unter welchen Bedingungen<br \/>\nk\u00f6nnen Freizeitaktivit\u00e4ten unbesorgt ausge\u00fcbt werden? Worauf sollten Wanderer,<br \/>\nSnowboarder etc. im Umgang mit den Alpentieren achten? Inwieweit k\u00f6nnen sich<br \/>\nTiere an Freizeitbetrieb gew\u00f6hnen?  <\/p>\n<p>Solchen und \u00e4hnlichen Fragen widmen sich die Autoren dieses Buches. Sie wollen<br \/>\nVerst\u00e4ndnis wecken f\u00fcr die Probleme, die sich aus der Nutzung der<br \/>\nGebirgslandschaft f\u00fcr touristische Zwecke und durch Freizeitaktivit\u00e4ten<br \/>\nergeben und gleichzeitig angemessene Wege der Nutzung aufzeigen.<br \/>\nRund 35 Autoren aus Wissenschaft und Praxis gehen auf Trends im Bereich der<br \/>\nFreizeitaktivit\u00e4ten ein und stellen aktuelle Auswirkungen auf die Tierwelt in<br \/>\nden Alpen vor.  <\/p>","protected":false},"excerpt":{"rendered":"<p>Wann und warum sind bestimmte Tierarten in den Alpen gef\u00e4hrdet, wenn Freizeitsportler in ihren Lebensraum eindringen? Unter welchen Bedingungen k\u00f6nnen Freizeitaktivit\u00e4ten unbesorgt ausge\u00fcbt werden? Worauf sollten Wanderer, Snowboarder etc. im Umgang mit den Alpentieren achten? Inwieweit k\u00f6nnen sich Tiere an Freizeitbetrieb gew\u00f6hnen? Solchen und \u00e4hnlichen Fragen widmen sich die Autoren dieses Buches. Sie wollen Verst\u00e4ndnis [&#8230;]\n","protected":false},"featured_media":31152,"template":"","meta":[],"product_brand":[],"product_cat":[21542],"product_tag":[],"class_list":{"0":"post-151713","1":"product","2":"type-product","3":"status-publish","4":"has-post-thumbnail","6":"product_cat-sachbuecher-dokumentationen","7":"pa_autor-ingold","8":"pa_erscheinungsjahr-21920","9":"pa_region-fauna-flora-geologie-glaziologie","10":"pa_sprache-de","12":"first","13":"outofstock","14":"taxable","15":"shipping-taxable","16":"purchasable","17":"product-type-simple"},"_links":{"self":[{"href":"https:\/\/pizbube.ch\/en\/wp-json\/wp\/v2\/product\/151713","targetHints":{"allow":["GET"]}}],"collection":[{"href":"https:\/\/pizbube.ch\/en\/wp-json\/wp\/v2\/product"}],"about":[{"href":"https:\/\/pizbube.ch\/en\/wp-json\/wp\/v2\/types\/product"}],"wp:featuredmedia":[{"embeddable":true,"href":"https:\/\/pizbube.ch\/en\/wp-json\/wp\/v2\/media\/31152"}],"wp:attachment":[{"href":"https:\/\/pizbube.ch\/en\/wp-json\/wp\/v2\/media?parent=151713"}],"wp:term":[{"taxonomy":"product_brand","embeddable":true,"href":"https:\/\/pizbube.ch\/en\/wp-json\/wp\/v2\/product_brand?post=151713"},{"taxonomy":"product_cat","embeddable":true,"href":"https:\/\/pizbube.ch\/en\/wp-json\/wp\/v2\/product_cat?post=151713"},{"taxonomy":"product_tag","embeddable":true,"href":"https:\/\/pizbube.ch\/en\/wp-json\/wp\/v2\/product_tag?post=151713"}],"curies":[{"name":"wp","href":"https:\/\/api.w.org\/{rel}","templated":true}]}}