{"id":151718,"date":"2021-01-15T12:01:31","date_gmt":"2021-01-15T12:01:31","guid":{"rendered":"https:\/\/codengine3.ch\/?product=import-placeholder-for-201563"},"modified":"2021-01-15T12:02:43","modified_gmt":"2021-01-15T12:02:43","slug":"phantome-der-berge","status":"publish","type":"product","link":"https:\/\/pizbube.ch\/en\/shop\/phantome-der-berge\/","title":{"rendered":"Phantome der Berge"},"content":{"rendered":"<p>Das \u00dcbernat\u00fcrliche scheint in den Bergen n\u00e4her zu sein. Dort, wo der Mensch in<br \/>\ndie Einsamkeit eintaucht, weit weg von den vielen Gegenst\u00e4nden und Ablenkungen<br \/>\ndes Alltags, ist er in seinem entgrenzten Zustand viel empf\u00e4nglicher f\u00fcr<br \/>\nAnrufe aus inneren Schichten seines Wesens &#8211; und auch f\u00fcr die Informationen<br \/>\nder au\u00dfersinnlichen Art. Der Wanderer wird gewarnt, h\u00f6rt Stimmen, sieht<br \/>\nzuweilen Lichter, Schemen oder Gestalten. Sein Blick wird von den steinernen,<br \/>\nunmenschlichen Hindernissen f\u00f6rmlich in die H\u00f6he gezogen. So ging es um 1880<br \/>\nauch Schweizer Bergbewohnern, die beim Besteigen des Matterhorns Irrlichter<br \/>\nvor sich sahen und darin b\u00f6se Geister zu erkennen glaubten. Der englische<br \/>\nBergsteiger Albert Frederick Mummery hat diese im Bild auf dem Buchtitel<br \/>\nfestgehaltene Situation beschrieben. In Phantome der Berge werden viele<br \/>\natemberaubende Geschichten erz\u00e4hlt, die in der Tat geschehen sind oder als<br \/>\nSagen \u00fcberliefert wurden. Es sind Berichte von den Geistern auf dem Berg, von<br \/>\nSpukgestalten, Drachen, Monstern und Sirenen, von Feen und dem sagenumwobenen<br \/>\nYeti. Es sind Interpretationen von Zeichen wie dem Kreuz, Bilder aus dem<br \/>\nInneren und Botschaften aus dem Jenseits, Geschichten von Heiligen Bergen und<br \/>\nderen Geheimnis.<\/p>","protected":false},"excerpt":{"rendered":"<p>Das \u00dcbernat\u00fcrliche scheint in den Bergen n\u00e4her zu sein. Dort, wo der Mensch in die Einsamkeit eintaucht, weit weg von den vielen Gegenst\u00e4nden und Ablenkungen des Alltags, ist er in seinem entgrenzten Zustand viel empf\u00e4nglicher f\u00fcr Anrufe aus inneren Schichten seines Wesens &#8211; und auch f\u00fcr die Informationen der au\u00dfersinnlichen Art. Der Wanderer wird gewarnt, [&#8230;]\n","protected":false},"featured_media":28929,"template":"","meta":[],"product_brand":[],"product_cat":[21542],"product_tag":[],"class_list":{"0":"post-151718","1":"product","2":"type-product","3":"status-publish","4":"has-post-thumbnail","6":"product_cat-sachbuecher-dokumentationen","7":"pa_autor-poser","8":"pa_erscheinungsjahr-22060","9":"pa_region-deutschland","10":"pa_sprache-de","12":"first","13":"outofstock","14":"taxable","15":"shipping-taxable","16":"purchasable","17":"product-type-simple"},"_links":{"self":[{"href":"https:\/\/pizbube.ch\/en\/wp-json\/wp\/v2\/product\/151718","targetHints":{"allow":["GET"]}}],"collection":[{"href":"https:\/\/pizbube.ch\/en\/wp-json\/wp\/v2\/product"}],"about":[{"href":"https:\/\/pizbube.ch\/en\/wp-json\/wp\/v2\/types\/product"}],"wp:featuredmedia":[{"embeddable":true,"href":"https:\/\/pizbube.ch\/en\/wp-json\/wp\/v2\/media\/28929"}],"wp:attachment":[{"href":"https:\/\/pizbube.ch\/en\/wp-json\/wp\/v2\/media?parent=151718"}],"wp:term":[{"taxonomy":"product_brand","embeddable":true,"href":"https:\/\/pizbube.ch\/en\/wp-json\/wp\/v2\/product_brand?post=151718"},{"taxonomy":"product_cat","embeddable":true,"href":"https:\/\/pizbube.ch\/en\/wp-json\/wp\/v2\/product_cat?post=151718"},{"taxonomy":"product_tag","embeddable":true,"href":"https:\/\/pizbube.ch\/en\/wp-json\/wp\/v2\/product_tag?post=151718"}],"curies":[{"name":"wp","href":"https:\/\/api.w.org\/{rel}","templated":true}]}}