{"id":151719,"date":"2021-01-15T12:01:32","date_gmt":"2021-01-15T12:01:32","guid":{"rendered":"https:\/\/codengine3.ch\/?product=import-placeholder-for-204126"},"modified":"2021-01-15T14:30:02","modified_gmt":"2021-01-15T14:30:02","slug":"tessiner-maerchen","status":"publish","type":"product","link":"https:\/\/pizbube.ch\/en\/shop\/tessiner-maerchen\/","title":{"rendered":"Tessiner M\u00e4rchen"},"content":{"rendered":"<p>Spannende M\u00e4rchen f\u00fchren den Leser durch die bezaubernde Landschaft des Tessin<br \/>\nund machen ihn bekannt mit Leben und Kultur des Sonnenkantons. 112 S. Broschur<\/p>","protected":false},"excerpt":{"rendered":"<p>Spannende M\u00e4rchen f\u00fchren den Leser durch die bezaubernde Landschaft des Tessin und machen ihn bekannt mit Leben und Kultur des Sonnenkantons. 112 S. Broschur<\/p>","protected":false},"featured_media":31882,"template":"","meta":[],"product_brand":[],"product_cat":[21580],"product_tag":[],"class_list":{"0":"post-151719","1":"product","2":"type-product","3":"status-publish","4":"has-post-thumbnail","6":"product_cat-kunst-kultur","7":"pa_autor-semadeni","8":"pa_erscheinungsjahr-22154","9":"pa_region-schweiz","10":"pa_sprache-de","12":"first","13":"instock","14":"taxable","15":"shipping-taxable","16":"purchasable","17":"product-type-simple"},"_links":{"self":[{"href":"https:\/\/pizbube.ch\/en\/wp-json\/wp\/v2\/product\/151719","targetHints":{"allow":["GET"]}}],"collection":[{"href":"https:\/\/pizbube.ch\/en\/wp-json\/wp\/v2\/product"}],"about":[{"href":"https:\/\/pizbube.ch\/en\/wp-json\/wp\/v2\/types\/product"}],"wp:featuredmedia":[{"embeddable":true,"href":"https:\/\/pizbube.ch\/en\/wp-json\/wp\/v2\/media\/31882"}],"wp:attachment":[{"href":"https:\/\/pizbube.ch\/en\/wp-json\/wp\/v2\/media?parent=151719"}],"wp:term":[{"taxonomy":"product_brand","embeddable":true,"href":"https:\/\/pizbube.ch\/en\/wp-json\/wp\/v2\/product_brand?post=151719"},{"taxonomy":"product_cat","embeddable":true,"href":"https:\/\/pizbube.ch\/en\/wp-json\/wp\/v2\/product_cat?post=151719"},{"taxonomy":"product_tag","embeddable":true,"href":"https:\/\/pizbube.ch\/en\/wp-json\/wp\/v2\/product_tag?post=151719"}],"curies":[{"name":"wp","href":"https:\/\/api.w.org\/{rel}","templated":true}]}}