{"id":151722,"date":"2021-01-15T12:01:32","date_gmt":"2021-01-15T12:01:32","guid":{"rendered":"https:\/\/codengine3.ch\/?product=import-placeholder-for-202904"},"modified":"2021-01-15T12:52:19","modified_gmt":"2021-01-15T12:52:19","slug":"samnaungruppe","status":"publish","type":"product","link":"https:\/\/pizbube.ch\/en\/shop\/samnaungruppe\/","title":{"rendered":"Samnaungruppe"},"content":{"rendered":"<p>Zwischen Ferwallgruppe im Norden, Silvrettagruppe im Westen, Sesvennagruppe im<br \/>\nS\u00fcden und den \u00d6tztaler Alpen im Osten erstreckt sich ein fl\u00e4chenm\u00e4\u00dfig<br \/>\nbeachtliches Berggebiet, das zu den weniger bekannten zwischen seinen<br \/>\nber\u00fchmten Nachbarn z\u00e4hlt. Ein gewaltiges Gebirge mit hohen Gipfeln, die fast<br \/>\nan die 2200 m-Grenze heranreichen und vor allem den Bergwanderern und<br \/>\nBergsteigern sowie den Liebhabern einsamer Hochtouren eine un\u00fcbersehbare<br \/>\nAuswahl von Tourenm\u00f6glichkeiten bieten. Besonders Alleing\u00e4ngern werden die<br \/>\nHochgipfel der Samnaungruppedie kaum anderswo in idealer Weise gerecht;<br \/>\ngr\u00f6\u00dfere Gletscher, die f\u00fcr den Einzelbergsteiger erhebliche Gefahren<br \/>\naufweisen, fehlen vollst\u00e4ndig.<br \/>\nDie 2. Auflage wurde vollst\u00e4ndig \u00fcberarbeitet und neu gestaltet. Wichtige<br \/>\nAngaben, z.B. H\u00f6henunterschied und Zeitbedarf, sind nun im Beschreibungskopf<br \/>\nzusammengefa\u00dft. Die Fotos zeigen h\u00e4ufig Routeneintragungen und sind<br \/>\nausf\u00fchrlich beschriftet. Der Weitwanderweg Nr. 712, der die Samnaungruppe vom<br \/>\nK\u00f6lner Haus bis zur Heidelberger H\u00fctte durchquert, wird ausf\u00fchrlich<br \/>\nbeschrieben und ist in der Karte besonders dargestellt. Alle<br \/>\nSkitourenm\u00f6glichkeiten sind bei der Randzahl mit einem Stern vermerkt.<\/p>","protected":false},"excerpt":{"rendered":"<p>Zwischen Ferwallgruppe im Norden, Silvrettagruppe im Westen, Sesvennagruppe im S\u00fcden und den \u00d6tztaler Alpen im Osten erstreckt sich ein fl\u00e4chenm\u00e4\u00dfig beachtliches Berggebiet, das zu den weniger bekannten zwischen seinen ber\u00fchmten Nachbarn z\u00e4hlt. Ein gewaltiges Gebirge mit hohen Gipfeln, die fast an die 2200 m-Grenze heranreichen und vor allem den Bergwanderern und Bergsteigern sowie den Liebhabern [&#8230;]\n","protected":false},"featured_media":30383,"template":"","meta":[],"product_brand":[],"product_cat":[21544],"product_tag":[],"class_list":{"0":"post-151722","1":"product","2":"type-product","3":"status-publish","4":"has-post-thumbnail","6":"product_cat-fuehrerliteratur-alpin-sommer","7":"pa_autor-werner","8":"pa_erscheinungsjahr-22287","9":"pa_region-oesterreich","10":"pa_sprache-de","12":"first","13":"instock","14":"taxable","15":"shipping-taxable","16":"purchasable","17":"product-type-simple"},"_links":{"self":[{"href":"https:\/\/pizbube.ch\/en\/wp-json\/wp\/v2\/product\/151722","targetHints":{"allow":["GET"]}}],"collection":[{"href":"https:\/\/pizbube.ch\/en\/wp-json\/wp\/v2\/product"}],"about":[{"href":"https:\/\/pizbube.ch\/en\/wp-json\/wp\/v2\/types\/product"}],"wp:featuredmedia":[{"embeddable":true,"href":"https:\/\/pizbube.ch\/en\/wp-json\/wp\/v2\/media\/30383"}],"wp:attachment":[{"href":"https:\/\/pizbube.ch\/en\/wp-json\/wp\/v2\/media?parent=151722"}],"wp:term":[{"taxonomy":"product_brand","embeddable":true,"href":"https:\/\/pizbube.ch\/en\/wp-json\/wp\/v2\/product_brand?post=151722"},{"taxonomy":"product_cat","embeddable":true,"href":"https:\/\/pizbube.ch\/en\/wp-json\/wp\/v2\/product_cat?post=151722"},{"taxonomy":"product_tag","embeddable":true,"href":"https:\/\/pizbube.ch\/en\/wp-json\/wp\/v2\/product_tag?post=151722"}],"curies":[{"name":"wp","href":"https:\/\/api.w.org\/{rel}","templated":true}]}}