{"id":151723,"date":"2021-01-15T12:01:32","date_gmt":"2021-01-15T12:01:32","guid":{"rendered":"https:\/\/codengine3.ch\/?product=import-placeholder-for-207861"},"modified":"2021-01-15T16:59:24","modified_gmt":"2021-01-15T16:59:24","slug":"mythos-piz-buin","status":"publish","type":"product","link":"https:\/\/pizbube.ch\/en\/shop\/mythos-piz-buin\/","title":{"rendered":"Mythos Piz Buin"},"content":{"rendered":"<p>Kulturgeschichte eines Berges<\/p>\n<p>Bereits Johann Jakob Weilenmann erkannte 1865 bei seiner Erstbesteigung des<br \/>\nPiz Buin die &#171;jungfr\u00e4uliche&#187; Sch\u00f6nheit des Berges. Mit seinen 3.312 Metern<br \/>\nH\u00f6he ragt der Piz Buin, inmitten eines faszinierenden Gipfelpanoramas, aus dem<br \/>\nHerzen der Silvretta. 150 Jahre sp\u00e4ter ist der Piz Buin immer noch Faszination<br \/>\nund Mythos gleicherma\u00dfen.<br \/>\nDer Sammelband bietet Einblicke in einmalige Kultur- und Naturr\u00e4ume rund um<br \/>\ndie Grenzregion der Silvretta.<\/p>\n<p>Die 13 Kapitel des Bandes f\u00fchren unter anderem durch die Alpingeschichte,<br \/>\nnehmen die LeserInnen mit auf arch\u00e4ologische Erkundungstouren, bereisen<br \/>\nspannende Sagenwelten oder behandeln k\u00fcnstlerische Auseinandersetzungen mit<br \/>\ndem Hochgebirge rund um den Piz Buin. Aber auch der Berg als Wirtschaftsfaktor<br \/>\nund Identit\u00e4tsraum sind Aspekte, die behandelt werden. Der Sammelband bietet<br \/>\neinen Rundumblick des Piz Buin und beleuchtet den Berg aus den verschiedensten<br \/>\nPerspektiven. Und um das Bild des Piz Buin noch ein bisschen farbiger zu<br \/>\ngestalten, darf ein Einblick in die Entstehungsgeschichte des gleichnamigen<br \/>\nSonnenschutzmittels nat\u00fcrlich nicht fehlen!  <\/p>","protected":false},"excerpt":{"rendered":"<p>Kulturgeschichte eines Berges Bereits Johann Jakob Weilenmann erkannte 1865 bei seiner Erstbesteigung des Piz Buin die &#171;jungfr\u00e4uliche&#187; Sch\u00f6nheit des Berges. Mit seinen 3.312 Metern H\u00f6he ragt der Piz Buin, inmitten eines faszinierenden Gipfelpanoramas, aus dem Herzen der Silvretta. 150 Jahre sp\u00e4ter ist der Piz Buin immer noch Faszination und Mythos gleicherma\u00dfen. Der Sammelband bietet Einblicke [&#8230;]\n","protected":false},"featured_media":38657,"template":"","meta":[],"product_brand":[],"product_cat":[21542],"product_tag":[],"class_list":{"0":"post-151723","1":"product","2":"type-product","3":"status-publish","4":"has-post-thumbnail","6":"product_cat-sachbuecher-dokumentationen","7":"pa_autor-kasper","8":"pa_erscheinungsjahr-21597","9":"pa_region-oesterreich","10":"pa_sprache-de","12":"first","13":"instock","14":"taxable","15":"shipping-taxable","16":"purchasable","17":"product-type-simple"},"_links":{"self":[{"href":"https:\/\/pizbube.ch\/en\/wp-json\/wp\/v2\/product\/151723","targetHints":{"allow":["GET"]}}],"collection":[{"href":"https:\/\/pizbube.ch\/en\/wp-json\/wp\/v2\/product"}],"about":[{"href":"https:\/\/pizbube.ch\/en\/wp-json\/wp\/v2\/types\/product"}],"wp:featuredmedia":[{"embeddable":true,"href":"https:\/\/pizbube.ch\/en\/wp-json\/wp\/v2\/media\/38657"}],"wp:attachment":[{"href":"https:\/\/pizbube.ch\/en\/wp-json\/wp\/v2\/media?parent=151723"}],"wp:term":[{"taxonomy":"product_brand","embeddable":true,"href":"https:\/\/pizbube.ch\/en\/wp-json\/wp\/v2\/product_brand?post=151723"},{"taxonomy":"product_cat","embeddable":true,"href":"https:\/\/pizbube.ch\/en\/wp-json\/wp\/v2\/product_cat?post=151723"},{"taxonomy":"product_tag","embeddable":true,"href":"https:\/\/pizbube.ch\/en\/wp-json\/wp\/v2\/product_tag?post=151723"}],"curies":[{"name":"wp","href":"https:\/\/api.w.org\/{rel}","templated":true}]}}