{"id":151735,"date":"2021-01-15T12:01:38","date_gmt":"2021-01-15T12:01:38","guid":{"rendered":"https:\/\/codengine3.ch\/?product=import-placeholder-for-202697"},"modified":"2021-01-15T12:38:33","modified_gmt":"2021-01-15T12:38:33","slug":"bozen-kaltern","status":"publish","type":"product","link":"https:\/\/pizbube.ch\/en\/shop\/bozen-kaltern\/","title":{"rendered":"Bozen &#8211; Kaltern"},"content":{"rendered":"<p>53 Touren zwischen Penser Joch und Brixen, Eppan im \u00dcberetsch und Salurn im<br \/>\nUnterland<\/p>\n<p>Die Region um Bozen und Kaltern geh\u00f6rt zu den reizvollsten und vielf\u00e4ltigsten<br \/>\nWanderregionen in S\u00fcdtirol. Der Rother Wanderf\u00fchrer \u00bbBozen &#8211; Kaltern\u00ab stellt<br \/>\n53 abwechslungsreiche Wanderungen und Bergtouren der Ferienregion \u00bbS\u00fcdtirols<br \/>\nS\u00fcden\u00ab und einigen angrenzenden Gebieten vor. Mit der Auswahl an<br \/>\nTalspazierg\u00e4ngen, Panoramawegen, H\u00fcttenwanderungen und Gipfeltouren finden<br \/>\nsowohl Genusswanderer als auch versierte Bergsteiger zahlreiche Vorschl\u00e4ge.<\/p>\n<p>Die vorgestellten Wege und Steige f\u00fchren durch die Randzonen der Dolomiten,<br \/>\ndas fruchtbare Etschtal, die sonnenverw\u00f6hnte Mittelgebirgslandschaften um den<br \/>\nKalterer See und im benachbarten Trentiner Nonstal, \u00fcber den steil aufragende<br \/>\nMendelkamm und erschlie\u00dfen das urw\u00fcchsige Sarntal, \u00fcberragt von den stillen<br \/>\nSarntaler Alpen. Rund um Bozen finden sich wundersch\u00f6ne Ausflugsgebiete, die<br \/>\nsich auch an einem halben Tag erleben lassen.<\/p>\n<p>Das Gebiet in diesem Wanderf\u00fchrer reicht vom Penser Joch bis Brixen, von Eppan<br \/>\nim \u00dcberetsch bis Salurn im Unterland. Die exzellenten S\u00fcdtirol-Kenner Helmut<br \/>\nDumler, Gerhard Hirtlreiter und Eugen E. H\u00fcsler haben f\u00fcr diesen Rother<br \/>\nWanderf\u00fchrer die sch\u00f6nsten Touren im Herzen und im S\u00fcden S\u00fcdtirols<br \/>\nzusammengestellt. Ihre Wandervorschl\u00e4ge bieten detaillierte Wegbeschreibungen,<br \/>\nKartenausschnitte mit eingezeichnetem Routenverlauf und aussagekr\u00e4ftige<br \/>\nH\u00f6henprofile. GPS-Daten stehen zum Download bereit.<\/p>\n<p>2. Auflage 2016; 192 Seiten mit 205 Farbabbildungen<br \/>\n53 H\u00f6henprofile, 56 Wanderk\u00e4rtchen im Ma\u00dfstab 1:25.000 \/ 1:50.000 \/ 1:75.000,<br \/>\nzwei \u00dcbersichtskarten im Ma\u00dfstab 1:500.000 und 1:800.000<\/p>","protected":false},"excerpt":{"rendered":"<ul>\n<li><a href=\"https:\/\/pizbube.ch\/wp-content\/uploads\/attachments\/a_001\/0FC992D3F80B6108795819929F1E6EDD.pdf\" target=\"_blank\" rel=\"noopener\">PDF: bozen kaltern_inhalt.pdf<\/a><\/li>\n<\/ul>","protected":false},"featured_media":26074,"template":"","meta":[],"product_brand":[],"product_cat":[21605],"product_tag":[],"class_list":{"0":"post-151735","1":"product","2":"type-product","3":"status-publish","4":"has-post-thumbnail","6":"product_cat-wanderfuehrer-trekking","7":"pa_autor-dumler-hirtlreiter-huesler","8":"pa_erscheinungsjahr-21571","9":"pa_region-italien","10":"pa_sprache-de","12":"first","13":"instock","14":"taxable","15":"shipping-taxable","16":"purchasable","17":"product-type-simple"},"_links":{"self":[{"href":"https:\/\/pizbube.ch\/en\/wp-json\/wp\/v2\/product\/151735","targetHints":{"allow":["GET"]}}],"collection":[{"href":"https:\/\/pizbube.ch\/en\/wp-json\/wp\/v2\/product"}],"about":[{"href":"https:\/\/pizbube.ch\/en\/wp-json\/wp\/v2\/types\/product"}],"wp:featuredmedia":[{"embeddable":true,"href":"https:\/\/pizbube.ch\/en\/wp-json\/wp\/v2\/media\/26074"}],"wp:attachment":[{"href":"https:\/\/pizbube.ch\/en\/wp-json\/wp\/v2\/media?parent=151735"}],"wp:term":[{"taxonomy":"product_brand","embeddable":true,"href":"https:\/\/pizbube.ch\/en\/wp-json\/wp\/v2\/product_brand?post=151735"},{"taxonomy":"product_cat","embeddable":true,"href":"https:\/\/pizbube.ch\/en\/wp-json\/wp\/v2\/product_cat?post=151735"},{"taxonomy":"product_tag","embeddable":true,"href":"https:\/\/pizbube.ch\/en\/wp-json\/wp\/v2\/product_tag?post=151735"}],"curies":[{"name":"wp","href":"https:\/\/api.w.org\/{rel}","templated":true}]}}