{"id":151736,"date":"2021-01-15T12:01:38","date_gmt":"2021-01-15T12:01:38","guid":{"rendered":"https:\/\/codengine3.ch\/?product=import-placeholder-for-205816"},"modified":"2024-04-17T10:03:52","modified_gmt":"2024-04-17T08:03:52","slug":"rund-um-meran","status":"publish","type":"product","link":"https:\/\/pizbube.ch\/en\/shop\/rund-um-meran\/","title":{"rendered":"Rund um Meran"},"content":{"rendered":"<p>Passeiertal &#8211; Texelgruppe &#8211; Ultental<br \/>\nDie sch\u00f6nsten Tal- und H\u00f6henwanderungen<\/p>\n<p><span class=\"value\">Meran mit seinem wundersch\u00f6nen historischen Stadtkern verbindet mediterranes Flair und eine beeindruckende Bergwelt. Ein mildes Klima, in dem sogar Palmen gedeihen, sonnige Almen und imposante Gipfel machen die Region zu einem Wanderparadies. Dieser Rother Wanderf\u00fchrer stellt 50 ausgew\u00e4hlte Wanderungen \u00bbRund um Meran\u00ab vor. Das Angebot richtet sich an Genie\u00dfer, Familien mit Kindern und nicht zuletzt an ambitionierte Bergsteiger.<\/span><\/p>\n<p>Gem\u00fctlich sind die Wanderungen entlang der Waale, die zur Bew\u00e4sserung der Wein- und Obsth\u00e4nge dienen. Je nach Jahreszeit f\u00fchren sie durch ein duftendes Bl\u00fctenmeer oder verlockende Obsthaine. Das romantische Ultental besticht durch seine Seen und die hoch aufragenden Gipfel. Im mittleren Etschtal f\u00fchren herrliche Touren zu sonnigen Hangterrassen und bl\u00fchenden Almweiden. Wanderungen am Fu\u00df der \u00d6tztaler Alpen oder \u00fcber die zackigen H\u00f6henz\u00fcge des Passeiertals und der Texelgruppe lassen Bergsteigerherzen h\u00f6herschlagen.<\/p>\n<p>Jede Tour in diesem Wanderf\u00fchrer wird mit einer detaillierten Wegbeschreibung, einem Wanderk\u00e4rtchen mit eingetragenem Routenverlauf und einem aussagekr\u00e4ftigen H\u00f6henprofil vorgestellt. Wichtige Adressen und Tipps zum Einkehren runden das Angebot ab. GPS-Daten stehen auf der Internetseite des Verlags zum Download bereit.<\/p>\n<p>15. \u00fcberarbeitete Auflage 2022<br \/>\n144 Seiten mit 67 Farbabbildungen<br \/>\n49 Wanderk\u00e4rtchen im Ma\u00dfstab 1:50.000, eines im Ma\u00dfstab 1:200.000, 50<br \/>\nH\u00f6henprofile, zwei \u00dcbersichtskarten im Ma\u00dfstab 1:350.000 \/ 1:600.000<\/p>","protected":false},"excerpt":{"rendered":"<p>Passeiertal &#8211; Texelgruppe &#8211; Ultental Die sch\u00f6nsten Tal- und H\u00f6henwanderungen Meran mit seinem wundersch\u00f6nen historischen Stadtkern verbindet mediterranes Flair und eine beeindruckende Bergwelt. Ein mildes Klima, in dem sogar Palmen gedeihen, sonnige Almen und imposante Gipfel machen die Region zu einem Wanderparadies. Dieser Rother Wanderf\u00fchrer stellt 50 ausgew\u00e4hlte Wanderungen \u00bbRund um Meran\u00ab vor. Das Angebot [&#8230;]\n","protected":false},"featured_media":172522,"template":"","meta":[],"product_brand":[],"product_cat":[21605],"product_tag":[],"class_list":{"0":"post-151736","1":"product","2":"type-product","3":"status-publish","4":"has-post-thumbnail","6":"product_cat-wanderfuehrer-trekking","7":"pa_autor-klier","8":"pa_erscheinungsjahr-27013","9":"pa_region-italien","10":"pa_sprache-de","12":"first","13":"instock","14":"taxable","15":"shipping-taxable","16":"purchasable","17":"product-type-simple"},"_links":{"self":[{"href":"https:\/\/pizbube.ch\/en\/wp-json\/wp\/v2\/product\/151736","targetHints":{"allow":["GET"]}}],"collection":[{"href":"https:\/\/pizbube.ch\/en\/wp-json\/wp\/v2\/product"}],"about":[{"href":"https:\/\/pizbube.ch\/en\/wp-json\/wp\/v2\/types\/product"}],"wp:featuredmedia":[{"embeddable":true,"href":"https:\/\/pizbube.ch\/en\/wp-json\/wp\/v2\/media\/172522"}],"wp:attachment":[{"href":"https:\/\/pizbube.ch\/en\/wp-json\/wp\/v2\/media?parent=151736"}],"wp:term":[{"taxonomy":"product_brand","embeddable":true,"href":"https:\/\/pizbube.ch\/en\/wp-json\/wp\/v2\/product_brand?post=151736"},{"taxonomy":"product_cat","embeddable":true,"href":"https:\/\/pizbube.ch\/en\/wp-json\/wp\/v2\/product_cat?post=151736"},{"taxonomy":"product_tag","embeddable":true,"href":"https:\/\/pizbube.ch\/en\/wp-json\/wp\/v2\/product_tag?post=151736"}],"curies":[{"name":"wp","href":"https:\/\/api.w.org\/{rel}","templated":true}]}}