{"id":151737,"date":"2021-01-15T12:01:38","date_gmt":"2021-01-15T12:01:38","guid":{"rendered":"https:\/\/codengine3.ch\/?product=import-placeholder-for-206202"},"modified":"2021-01-15T14:47:13","modified_gmt":"2021-01-15T14:47:13","slug":"topographische-mountainbike-karte-vinschgau","status":"publish","type":"product","link":"https:\/\/pizbube.ch\/en\/shop\/topographische-mountainbike-karte-vinschgau\/","title":{"rendered":"Topographische Mountainbike Karte Vinschgau"},"content":{"rendered":"<p>Druckformat: 100 x 70 cm, beidseitig bedruckt<br \/>\nMa\u00dfstab 1:40.000<br \/>\nAusschnitt Vorderseite: Prad\/Schluderns bis Marling\/Meran<br \/>\nAusschnitt R\u00fcckseite: Nauders\/Reschen bis zum Stilfserjoch<br \/>\nDie Karte enth\u00e4lt alle Elemente einer topo Karte, Schummerung mit Landnutzung,<br \/>\nH\u00f6henlinien in 25er, 100er und 500 Schritten, alle Teerstra\u00dfen, Forstwege der<br \/>\nRegion, sowie alle sinnvollen Trails mit 4 Klassifizierungen.<br \/>\nDie Karte enth\u00e4lt weiterhin alle Partner, wichtige Sehensw\u00fcrdigkeiten, und<br \/>\nweitere Pois, welche bei der Planung helfen.<\/p>","protected":false},"excerpt":{"rendered":"<p>Druckformat: 100 x 70 cm, beidseitig bedruckt Ma\u00dfstab 1:40.000 Ausschnitt Vorderseite: Prad\/Schluderns bis Marling\/Meran Ausschnitt R\u00fcckseite: Nauders\/Reschen bis zum Stilfserjoch Die Karte enth\u00e4lt alle Elemente einer topo Karte, Schummerung mit Landnutzung, H\u00f6henlinien in 25er, 100er und 500 Schritten, alle Teerstra\u00dfen, Forstwege der Region, sowie alle sinnvollen Trails mit 4 Klassifizierungen. Die Karte enth\u00e4lt weiterhin alle [&#8230;]\n","protected":false},"featured_media":35162,"template":"","meta":[],"product_brand":[],"product_cat":[21543],"product_tag":[],"class_list":{"0":"post-151737","1":"product","2":"type-product","3":"status-publish","4":"has-post-thumbnail","6":"product_cat-landkarten","7":"pa_autor-gruber","8":"pa_erscheinungsjahr-21830","9":"pa_region-italien","10":"pa_sprache-d","11":"pa_sprache-i","13":"first","14":"outofstock","15":"taxable","16":"shipping-taxable","17":"purchasable","18":"product-type-simple"},"_links":{"self":[{"href":"https:\/\/pizbube.ch\/en\/wp-json\/wp\/v2\/product\/151737","targetHints":{"allow":["GET"]}}],"collection":[{"href":"https:\/\/pizbube.ch\/en\/wp-json\/wp\/v2\/product"}],"about":[{"href":"https:\/\/pizbube.ch\/en\/wp-json\/wp\/v2\/types\/product"}],"wp:featuredmedia":[{"embeddable":true,"href":"https:\/\/pizbube.ch\/en\/wp-json\/wp\/v2\/media\/35162"}],"wp:attachment":[{"href":"https:\/\/pizbube.ch\/en\/wp-json\/wp\/v2\/media?parent=151737"}],"wp:term":[{"taxonomy":"product_brand","embeddable":true,"href":"https:\/\/pizbube.ch\/en\/wp-json\/wp\/v2\/product_brand?post=151737"},{"taxonomy":"product_cat","embeddable":true,"href":"https:\/\/pizbube.ch\/en\/wp-json\/wp\/v2\/product_cat?post=151737"},{"taxonomy":"product_tag","embeddable":true,"href":"https:\/\/pizbube.ch\/en\/wp-json\/wp\/v2\/product_tag?post=151737"}],"curies":[{"name":"wp","href":"https:\/\/api.w.org\/{rel}","templated":true}]}}