{"id":151738,"date":"2021-01-15T12:01:38","date_gmt":"2021-01-15T12:01:38","guid":{"rendered":"https:\/\/codengine3.ch\/?product=import-placeholder-for-204614"},"modified":"2025-08-23T11:37:42","modified_gmt":"2025-08-23T09:37:42","slug":"suedtirol-west-vinschgau-meran-kalterer-see","status":"publish","type":"product","link":"https:\/\/pizbube.ch\/en\/shop\/suedtirol-west-vinschgau-meran-kalterer-see\/","title":{"rendered":"S\u00fcdtirol West: Vinschgau \u2013 Meran \u2013 Kalterer See"},"content":{"rendered":"<p>52 Touren zwischen Stilfser Joch und Sterzing \u2013 mit Meraner H\u00f6henweg<\/p>\n<p>Almen und Palmen, Gletscher und Weinberge, einsame T\u00e4ler und reizvolle<br \/>\nOrtschaften und nicht zuletzt die traditionelle Tiroler Gastlichkeit \u2013<br \/>\nS\u00fcdtirol ist das Wanderparadies der Alpen! Das Rother Wanderbuch \u00bbS\u00fcdtirol<br \/>\nWest\u00ab stellt 52 attraktive Touren vor, die den Westteil des Landes zwischen<br \/>\nReschenpass und Brenner, zwischen dem eisgepanzerten Ortler und dem mediterran<br \/>\nangehauchten Kalterer See erschlie\u00dfen.<\/p>\n<p>Ein Netz von Wanderwegen und alpinen Pfaden erschlie\u00dft Landschaften, die<br \/>\ngegens\u00e4tzlicher kaum sein k\u00f6nnten: Zwischen den vergletscherten<br \/>\nDreieinhalbtausendern am \u00d6tztaler Hauptkamm und den mediterranen Weinbergen um<br \/>\nMeran sind es nur wenige Kilometer Luftlinie. Gerhard Hirtlreiter, seit fr\u00fcher<br \/>\nJugend in S\u00fcdtirols Bergen unterwegs, hat f\u00fcr dieses Wanderbuch 52 sehr<br \/>\nabwechslungsreiche Touren ausgew\u00e4hlt, f\u00fcr Genusswanderer ebenso wie f\u00fcr<br \/>\nengagierte Bergsteiger. Neben Halbtages- und Tageswanderungen werden auch<br \/>\nmehrt\u00e4gige Touren (wie das Sarner Hufeisen und der Meraner H\u00f6henweg)<br \/>\nbeschrieben \u2013 beliebte Klassiker und stille Geheimtipps, beschauliche<br \/>\nWanderungen in Weinbergen ebenso wie aussichtsreiche H\u00f6henwege und Bergtouren<br \/>\nauf grandiose Dreitausender.<\/p>\n<p>Jede Tour wird mit einer ausf\u00fchrlichen Wegbeschreibung, einer Wanderkarte mit<br \/>\nRoutenverlauf, einem aussagekr\u00e4ftigen H\u00f6hendiagramm, Hinweisen auf Sehens- und<br \/>\nBemerkenswertes, allen wesentlichen Tourendaten (einschlie\u00dflich der Buslinie<br \/>\nzum Ausgangspunkt) und einer Schwierigkeitscharakterisierung vorgestellt. Die<br \/>\nTourentabelle in der Umschlagklappe zeigt auf einen Blick Kriterien wie<br \/>\nSchwierigkeit, Kindereignung und erleichtert so die Tourenauswahl.<\/p>\n<p>F\u00fcr die vierte Auflage dieses Rother Wanderbuchs wurde das Buch sorgf\u00e4ltig<br \/>\n\u00fcberarbeitet. Nun stehen auch f\u00fcr alle Touren GPS-Daten zum Download bereit.<\/p>\n<p>4. Auflage 2020<br \/>\n192 Seiten mit 175 Farbabbildungen<br \/>\n50 Wanderk\u00e4rtchen im Ma\u00dfstab 1:50.000, drei \u00dcbersichtskarten in den Ma\u00dfst\u00e4ben<br \/>\n1:150.000, 1:185.000 und 1:500.000, 64 H\u00f6henprofile<br \/>\nFormat 12,5 x 20,0 cm<\/p>","protected":false},"excerpt":{"rendered":"<p>52 Touren zwischen Stilfser Joch und Sterzing \u2013 mit Meraner H\u00f6henweg Almen und Palmen, Gletscher und Weinberge, einsame T\u00e4ler und reizvolle Ortschaften und nicht zuletzt die traditionelle Tiroler Gastlichkeit \u2013 S\u00fcdtirol ist das Wanderparadies der Alpen! Das Rother Wanderbuch \u00bbS\u00fcdtirol West\u00ab stellt 52 attraktive Touren vor, die den Westteil des Landes zwischen Reschenpass und Brenner, [&#8230;]\n","protected":false},"featured_media":181053,"template":"","meta":[],"product_brand":[],"product_cat":[21605],"product_tag":[],"class_list":{"0":"post-151738","1":"product","2":"type-product","3":"status-publish","4":"has-post-thumbnail","6":"product_cat-wanderfuehrer-trekking","7":"pa_autor-hirtlreiter","8":"pa_erscheinungsjahr-21558","9":"pa_region-italien","10":"pa_sprache-de","12":"first","13":"instock","14":"taxable","15":"shipping-taxable","16":"purchasable","17":"product-type-simple"},"_links":{"self":[{"href":"https:\/\/pizbube.ch\/en\/wp-json\/wp\/v2\/product\/151738","targetHints":{"allow":["GET"]}}],"collection":[{"href":"https:\/\/pizbube.ch\/en\/wp-json\/wp\/v2\/product"}],"about":[{"href":"https:\/\/pizbube.ch\/en\/wp-json\/wp\/v2\/types\/product"}],"wp:featuredmedia":[{"embeddable":true,"href":"https:\/\/pizbube.ch\/en\/wp-json\/wp\/v2\/media\/181053"}],"wp:attachment":[{"href":"https:\/\/pizbube.ch\/en\/wp-json\/wp\/v2\/media?parent=151738"}],"wp:term":[{"taxonomy":"product_brand","embeddable":true,"href":"https:\/\/pizbube.ch\/en\/wp-json\/wp\/v2\/product_brand?post=151738"},{"taxonomy":"product_cat","embeddable":true,"href":"https:\/\/pizbube.ch\/en\/wp-json\/wp\/v2\/product_cat?post=151738"},{"taxonomy":"product_tag","embeddable":true,"href":"https:\/\/pizbube.ch\/en\/wp-json\/wp\/v2\/product_tag?post=151738"}],"curies":[{"name":"wp","href":"https:\/\/api.w.org\/{rel}","templated":true}]}}