{"id":151740,"date":"2021-01-15T12:01:38","date_gmt":"2021-01-15T12:01:38","guid":{"rendered":"https:\/\/codengine3.ch\/?product=import-placeholder-for-203066"},"modified":"2021-01-15T12:53:48","modified_gmt":"2021-01-15T12:53:48","slug":"waalwege-in-suedtirol","status":"publish","type":"product","link":"https:\/\/pizbube.ch\/en\/shop\/waalwege-in-suedtirol\/","title":{"rendered":"Waalwege in S\u00fcdtirol"},"content":{"rendered":"<p>Bildwanderf\u00fchrer durch eine untergehende Kultur  <\/p>\n<p>Waale nennt man in S\u00fcdtirol des jahrhundertealte System von k\u00fcnstlich<br \/>\ngeschaffenenen Wasserl\u00e4ufen, das bis in unser Jahrhundert die<br \/>\nExistenzgrundlage der Vinschgauer Bauern bildete. Entlang dieser idyllischen,<br \/>\noft kilometerlangen Gr\u00e4ben und Kan\u00e4le entstanden bequeme Pfade, urspr\u00fcnglich<br \/>\nzur Instandhaltung dieser Wasseradern gedacht, laden sie heute zu erholsamen<br \/>\nWanderungen ein. Das reich illustrierte Buch informiert \u00fcber diese<br \/>\nWanderrouten, beschreibt aber auch die kulturellen, historischen und<br \/>\nwirtschaftlichen Zusammenh\u00e4nge dieser Landschaft.  <\/p>\n<p>Dieser F\u00fchrer begleitet uns bei der Erkundung einer der weniger bekannten<br \/>\nSeiten S\u00fcdtirols und besonders des Vinschgaus &#8211; auf den Steigen, die die<br \/>\nuralten Bew\u00e4sserungskan\u00e4le, die Waale, s\u00e4umen. Die vorgeschlagenen Wanderungen<br \/>\nentlang zahlreicher Waalwege bringen uns eine jahrtausendalte Kultur und ihre<br \/>\nEntwicklung n\u00e4her. Wir sto\u00dfen auf Zeugnisse einer archaischen, uns zeitlich so<br \/>\nfern erscheinenden und doch bis gestern noch lebendigen Welt, in deren<br \/>\nMittelpunkt dieses kostbare, so rare Element stand, das wie ehedem<br \/>\nunerl\u00e4sslich ist f\u00fcr alles Leben: das Wasser!  <\/p>","protected":false},"excerpt":{"rendered":"<p>Bildwanderf\u00fchrer durch eine untergehende Kultur Waale nennt man in S\u00fcdtirol des jahrhundertealte System von k\u00fcnstlich geschaffenenen Wasserl\u00e4ufen, das bis in unser Jahrhundert die Existenzgrundlage der Vinschgauer Bauern bildete. Entlang dieser idyllischen, oft kilometerlangen Gr\u00e4ben und Kan\u00e4le entstanden bequeme Pfade, urspr\u00fcnglich zur Instandhaltung dieser Wasseradern gedacht, laden sie heute zu erholsamen Wanderungen ein. Das reich illustrierte [&#8230;]\n","protected":false},"featured_media":30582,"template":"","meta":[],"product_brand":[],"product_cat":[21605],"product_tag":[],"class_list":{"0":"post-151740","1":"product","2":"type-product","3":"status-publish","4":"has-post-thumbnail","6":"product_cat-wanderfuehrer-trekking","7":"pa_autor-bodini","8":"pa_erscheinungsjahr-21830","9":"pa_region-italien","10":"pa_sprache-de","12":"first","13":"instock","14":"taxable","15":"shipping-taxable","16":"purchasable","17":"product-type-simple"},"_links":{"self":[{"href":"https:\/\/pizbube.ch\/en\/wp-json\/wp\/v2\/product\/151740","targetHints":{"allow":["GET"]}}],"collection":[{"href":"https:\/\/pizbube.ch\/en\/wp-json\/wp\/v2\/product"}],"about":[{"href":"https:\/\/pizbube.ch\/en\/wp-json\/wp\/v2\/types\/product"}],"wp:featuredmedia":[{"embeddable":true,"href":"https:\/\/pizbube.ch\/en\/wp-json\/wp\/v2\/media\/30582"}],"wp:attachment":[{"href":"https:\/\/pizbube.ch\/en\/wp-json\/wp\/v2\/media?parent=151740"}],"wp:term":[{"taxonomy":"product_brand","embeddable":true,"href":"https:\/\/pizbube.ch\/en\/wp-json\/wp\/v2\/product_brand?post=151740"},{"taxonomy":"product_cat","embeddable":true,"href":"https:\/\/pizbube.ch\/en\/wp-json\/wp\/v2\/product_cat?post=151740"},{"taxonomy":"product_tag","embeddable":true,"href":"https:\/\/pizbube.ch\/en\/wp-json\/wp\/v2\/product_tag?post=151740"}],"curies":[{"name":"wp","href":"https:\/\/api.w.org\/{rel}","templated":true}]}}