{"id":151741,"date":"2021-01-15T12:01:38","date_gmt":"2021-01-15T12:01:38","guid":{"rendered":"https:\/\/codengine3.ch\/?product=import-placeholder-for-207504"},"modified":"2021-01-15T16:04:00","modified_gmt":"2021-01-15T16:04:00","slug":"vinschger-hoehenweg-alta-via-venosta-1-50000","status":"publish","type":"product","link":"https:\/\/pizbube.ch\/en\/shop\/vinschger-hoehenweg-alta-via-venosta-1-50000\/","title":{"rendered":"Vinschger H\u00f6henweg \/ Alta Via Venosta 1 : 50&#8217;000"},"content":{"rendered":"<p>Von Schloss Juval bis zur Etschquelle Reschen 1:50.000<br \/>\nCartina escursionistica \/ Wanderkarte N. 116<\/p>\n<p>Die Tappeiner Wanderkarten sind digital erstellte GPS-taugliche Outdoorkarten<br \/>\nin den idealsten Ma\u00dfst\u00e4ben von 1:25.000 bis 1:50.000. Tappeiner Wanderkarten<br \/>\nbestechen durch Ihre klare Darstellung, die leichte Lesbarkeit, der F\u00fclle an<br \/>\ntouristischen Informationen sowie durch Tourenvorschl\u00e4gen zu allen Outdoor-<br \/>\nThemen wie Wandern, Klettern, Biken, Radfahren etc.<\/p>\n<p>Durch die enge Zusammenarbeit mit lokalen Insidern wie Bergf\u00fchrern,<br \/>\nAlpinschulen, Tourismusvereinen und Hoteliers sowie durch st\u00e4ndig<br \/>\n\u00fcberarbeitete Auflagen ist die Tappeiner Wanderkarte die aktuellste<br \/>\nWanderkarte von S\u00fcdtirolern f\u00fcr S\u00fcdtirol. Die Kombination von detaillierten<br \/>\ntopografischen Karten einerseits und plastischen 3D-Darstellungen bzw.<br \/>\nFlugbildpanoramen andererseits garantieren bestm\u00f6gliche Informationen f\u00fcr den<br \/>\nNutzer.<\/p>","protected":false},"excerpt":{"rendered":"<p>Von Schloss Juval bis zur Etschquelle Reschen 1:50.000 Cartina escursionistica \/ Wanderkarte N. 116 Die Tappeiner Wanderkarten sind digital erstellte GPS-taugliche Outdoorkarten in den idealsten Ma\u00dfst\u00e4ben von 1:25.000 bis 1:50.000. Tappeiner Wanderkarten bestechen durch Ihre klare Darstellung, die leichte Lesbarkeit, der F\u00fclle an touristischen Informationen sowie durch Tourenvorschl\u00e4gen zu allen Outdoor- Themen wie Wandern, Klettern, [&#8230;]\n","protected":false},"featured_media":37672,"template":"","meta":[],"product_brand":[],"product_cat":[21543],"product_tag":[],"class_list":{"0":"post-151741","1":"product","2":"type-product","3":"status-publish","4":"has-post-thumbnail","6":"product_cat-landkarten","7":"pa_autor-tappeiner","8":"pa_erscheinungsjahr-21830","9":"pa_region-italien","10":"pa_sprache-de-it","12":"first","13":"instock","14":"taxable","15":"shipping-taxable","16":"purchasable","17":"product-type-simple"},"_links":{"self":[{"href":"https:\/\/pizbube.ch\/en\/wp-json\/wp\/v2\/product\/151741","targetHints":{"allow":["GET"]}}],"collection":[{"href":"https:\/\/pizbube.ch\/en\/wp-json\/wp\/v2\/product"}],"about":[{"href":"https:\/\/pizbube.ch\/en\/wp-json\/wp\/v2\/types\/product"}],"wp:featuredmedia":[{"embeddable":true,"href":"https:\/\/pizbube.ch\/en\/wp-json\/wp\/v2\/media\/37672"}],"wp:attachment":[{"href":"https:\/\/pizbube.ch\/en\/wp-json\/wp\/v2\/media?parent=151741"}],"wp:term":[{"taxonomy":"product_brand","embeddable":true,"href":"https:\/\/pizbube.ch\/en\/wp-json\/wp\/v2\/product_brand?post=151741"},{"taxonomy":"product_cat","embeddable":true,"href":"https:\/\/pizbube.ch\/en\/wp-json\/wp\/v2\/product_cat?post=151741"},{"taxonomy":"product_tag","embeddable":true,"href":"https:\/\/pizbube.ch\/en\/wp-json\/wp\/v2\/product_tag?post=151741"}],"curies":[{"name":"wp","href":"https:\/\/api.w.org\/{rel}","templated":true}]}}