{"id":151742,"date":"2021-01-15T12:01:38","date_gmt":"2021-01-15T12:01:38","guid":{"rendered":"https:\/\/codengine3.ch\/?product=import-placeholder-for-207626"},"modified":"2021-01-15T16:05:20","modified_gmt":"2021-01-15T16:05:20","slug":"das-versunkene-dorf","status":"publish","type":"product","link":"https:\/\/pizbube.ch\/en\/shop\/das-versunkene-dorf\/","title":{"rendered":"Das versunkene Dorf"},"content":{"rendered":"<p>\n\u201eEntweder du gehst oder du ers\u00e4ufst.\u201c<br \/>\nZeitzeuge Josef Stecher  <\/p>\n<p>In den 1940er-Jahren spielt sich im Vinschgau eine Trag\u00f6die ab: Fast \u00fcber<br \/>\nNacht werden die D\u00f6rfer Graun und Reschen durch ein staatliches Stauseeprojekt<br \/>\nunter Wasser gesetzt. Als der Elektrokonzern Montecatini das Becken, in dem<br \/>\ndie D\u00f6rfer stehen, erstmals probeweise und ohne Vorwarnung flutet, leben die<br \/>\nmeisten Menschen noch in ihren H\u00e4usern. Ihrer Lebensgrundlage beraubt,<br \/>\nverlassen die Einwohner Haus und Hof und ziehen in die hastig neu errichteten<br \/>\nD\u00f6rfer oder weiter fort. Wer keine Bleibe hat, wird \u00fcbergangsweise in Baracken<br \/>\nuntergebracht.  <\/p>\n<p>\u201eDas versunkene Dorf\u201c erkundet die Ereignisse rund um die Seestauung und sp\u00fcrt<br \/>\nden menschlichen Schicksalen nach: Wie sind die \u201eHinausgew\u00e4sserten\u201c mit<br \/>\nUngerechtigkeit, Heimatverlust und Neuanfang zurechtgekommen? Was bleibt, ist<br \/>\nder Turm im See: F\u00fcr die einen ein Kuriosum mit touristischem Potenzial, f\u00fcr<br \/>\ndie Vertriebenen ein Mahnmal, das sie t\u00e4glich an ihren Verlust erinnert.  <\/p>","protected":false},"excerpt":{"rendered":"<p>\u201eEntweder du gehst oder du ers\u00e4ufst.\u201c Zeitzeuge Josef Stecher In den 1940er-Jahren spielt sich im Vinschgau eine Trag\u00f6die ab: Fast \u00fcber Nacht werden die D\u00f6rfer Graun und Reschen durch ein staatliches Stauseeprojekt unter Wasser gesetzt. Als der Elektrokonzern Montecatini das Becken, in dem die D\u00f6rfer stehen, erstmals probeweise und ohne Vorwarnung flutet, leben die meisten [&#8230;]\n","protected":false},"featured_media":37981,"template":"","meta":[],"product_brand":[],"product_cat":[21542],"product_tag":[],"class_list":{"0":"post-151742","1":"product","2":"type-product","3":"status-publish","4":"has-post-thumbnail","6":"product_cat-sachbuecher-dokumentationen","7":"pa_autor-lembergh-pircher","8":"pa_erscheinungsjahr-21558","9":"pa_region-italien","10":"pa_sprache-de","12":"first","13":"instock","14":"taxable","15":"shipping-taxable","16":"purchasable","17":"product-type-simple"},"_links":{"self":[{"href":"https:\/\/pizbube.ch\/en\/wp-json\/wp\/v2\/product\/151742","targetHints":{"allow":["GET"]}}],"collection":[{"href":"https:\/\/pizbube.ch\/en\/wp-json\/wp\/v2\/product"}],"about":[{"href":"https:\/\/pizbube.ch\/en\/wp-json\/wp\/v2\/types\/product"}],"wp:featuredmedia":[{"embeddable":true,"href":"https:\/\/pizbube.ch\/en\/wp-json\/wp\/v2\/media\/37981"}],"wp:attachment":[{"href":"https:\/\/pizbube.ch\/en\/wp-json\/wp\/v2\/media?parent=151742"}],"wp:term":[{"taxonomy":"product_brand","embeddable":true,"href":"https:\/\/pizbube.ch\/en\/wp-json\/wp\/v2\/product_brand?post=151742"},{"taxonomy":"product_cat","embeddable":true,"href":"https:\/\/pizbube.ch\/en\/wp-json\/wp\/v2\/product_cat?post=151742"},{"taxonomy":"product_tag","embeddable":true,"href":"https:\/\/pizbube.ch\/en\/wp-json\/wp\/v2\/product_tag?post=151742"}],"curies":[{"name":"wp","href":"https:\/\/api.w.org\/{rel}","templated":true}]}}