{"id":151748,"date":"2021-01-15T12:01:39","date_gmt":"2021-01-15T12:01:39","guid":{"rendered":"https:\/\/codengine3.ch\/?product=import-placeholder-for-201455"},"modified":"2021-01-15T12:01:44","modified_gmt":"2021-01-15T12:01:44","slug":"13-spiegel-meiner-seele","status":"publish","type":"product","link":"https:\/\/pizbube.ch\/en\/shop\/13-spiegel-meiner-seele\/","title":{"rendered":"13 Spiegel meiner Seele"},"content":{"rendered":"<p>Mit f\u00fcnfzig Jahren hat Reinhold Messner, der ber\u00fchmteste Bergsteiger und<br \/>\nAbenteurer unserer Tage, Bilanz gezogen und die andere Seite seines Wesens<br \/>\noffenbart, die oft hinter den Sensationen seiner Abenteuer verborgen bleibt:<br \/>\nNoch nie hat Messner einen so tiefen Blick in sein Innerstes erlaubt wie in<br \/>\ndiesen dreizehn Geschichten, die seine Seele spiegeln.<\/p>\n<p>Mit diesem Buch zeigt uns Reinhold Messner die andere Seite seines Wesens,<br \/>\njene Seite, die bisher allzu oft hinter den Sensationen seiner Abenteuer<br \/>\nverborgen blieb: seine selbstverordnete Einsamkeit, seine Flucht in die Arbeit<br \/>\nund in die Tr\u00f6stlichkeit von W\u00fcstensand, Eis und Schnee. Er erz\u00e4hlt von seiner<br \/>\nBurg Juval im Vinschgau, von seiner Familie und von seiner Leidenschaft f\u00fcr<br \/>\ndie Jagd. In wenigen seiner B\u00fccher hat Messner einen so tiefen Blick in sein<br \/>\nInnerstes getan wie in diesen dreizehn Geschichten, die seine Seele spiegeln.<\/p>","protected":false},"excerpt":{"rendered":"<p>Mit f\u00fcnfzig Jahren hat Reinhold Messner, der ber\u00fchmteste Bergsteiger und Abenteurer unserer Tage, Bilanz gezogen und die andere Seite seines Wesens offenbart, die oft hinter den Sensationen seiner Abenteuer verborgen bleibt: Noch nie hat Messner einen so tiefen Blick in sein Innerstes erlaubt wie in diesen dreizehn Geschichten, die seine Seele spiegeln. Mit diesem Buch [&#8230;]\n","protected":false},"featured_media":39271,"template":"","meta":[],"product_brand":[],"product_cat":[21629],"product_tag":[],"class_list":{"0":"post-151748","1":"product","2":"type-product","3":"status-publish","4":"has-post-thumbnail","6":"product_cat-belletristik","7":"pa_autor-messner","8":"pa_erscheinungsjahr-21621","9":"pa_region-italien","10":"pa_sprache-de","12":"first","13":"instock","14":"taxable","15":"shipping-taxable","16":"purchasable","17":"product-type-simple"},"_links":{"self":[{"href":"https:\/\/pizbube.ch\/en\/wp-json\/wp\/v2\/product\/151748","targetHints":{"allow":["GET"]}}],"collection":[{"href":"https:\/\/pizbube.ch\/en\/wp-json\/wp\/v2\/product"}],"about":[{"href":"https:\/\/pizbube.ch\/en\/wp-json\/wp\/v2\/types\/product"}],"wp:featuredmedia":[{"embeddable":true,"href":"https:\/\/pizbube.ch\/en\/wp-json\/wp\/v2\/media\/39271"}],"wp:attachment":[{"href":"https:\/\/pizbube.ch\/en\/wp-json\/wp\/v2\/media?parent=151748"}],"wp:term":[{"taxonomy":"product_brand","embeddable":true,"href":"https:\/\/pizbube.ch\/en\/wp-json\/wp\/v2\/product_brand?post=151748"},{"taxonomy":"product_cat","embeddable":true,"href":"https:\/\/pizbube.ch\/en\/wp-json\/wp\/v2\/product_cat?post=151748"},{"taxonomy":"product_tag","embeddable":true,"href":"https:\/\/pizbube.ch\/en\/wp-json\/wp\/v2\/product_tag?post=151748"}],"curies":[{"name":"wp","href":"https:\/\/api.w.org\/{rel}","templated":true}]}}