{"id":151750,"date":"2021-01-15T12:01:39","date_gmt":"2021-01-15T12:01:39","guid":{"rendered":"https:\/\/codengine3.ch\/?product=import-placeholder-for-203826"},"modified":"2021-01-15T14:26:57","modified_gmt":"2021-01-15T14:26:57","slug":"mein-leben-am-limit-tb","status":"publish","type":"product","link":"https:\/\/pizbube.ch\/en\/shop\/mein-leben-am-limit-tb\/","title":{"rendered":"Mein Leben am Limit (TB)"},"content":{"rendered":"<p>Eine Autobiographie in Gespr\u00e4chen mit Thomas H\u00fcetlin.  <\/p>\n<p>Reinhold Messner ist von Anfang an weitergegangen als die anderen, hat Tabus<br \/>\ngebrochen. Fr\u00fch lie\u00df er das enge Tal seiner S\u00fcdtiroler Kindheit hinter sich,<br \/>\nbezwang als erster den Mount Everest ohne Sauerstoffmaske, bestieg alle<br \/>\nvierzehn Achttausender und entwickelte nebenbei neuartige wasserfeste<br \/>\nBergstiefel. Sp\u00e4ter durchquerte er zu Fu\u00df die gr\u00f6\u00dften Eisw\u00fcsten der Erde: Ich<br \/>\ngehe freiwillig in die H\u00f6lle, sagte er lapidar. Heute ist er EU-Parlamentarier<br \/>\nund treibt in Eigenregie sein ehrgeiziges Bergmuseumsprojekt voran.<\/p>\n<p>Was aber befl\u00fcgelt diesen Erfolgsmenschen? Woher sch\u00f6pft er die Kraft und die<br \/>\nFantasie, sich immer wieder neu zuerfinden? Reinhold Messner gibt Antworten<br \/>\nauf diese Fragen. Und spricht \u00fcber seine Heimat, seine Frau und seine Kinder,<br \/>\n\u00fcber Freundschaft und Egoismus, \u00fcber b\u00fcrgerliche Moral und \u00fcber seinen<br \/>\nInstinkt, immer das Richtige zu tun.<br \/>\n(Taschenbuchausgabe)  <\/p>","protected":false},"excerpt":{"rendered":"<p>Eine Autobiographie in Gespr\u00e4chen mit Thomas H\u00fcetlin. Reinhold Messner ist von Anfang an weitergegangen als die anderen, hat Tabus gebrochen. Fr\u00fch lie\u00df er das enge Tal seiner S\u00fcdtiroler Kindheit hinter sich, bezwang als erster den Mount Everest ohne Sauerstoffmaske, bestieg alle vierzehn Achttausender und entwickelte nebenbei neuartige wasserfeste Bergstiefel. Sp\u00e4ter durchquerte er zu Fu\u00df die [&#8230;]\n","protected":false},"featured_media":31519,"template":"","meta":[],"product_brand":[],"product_cat":[21542],"product_tag":[],"class_list":{"0":"post-151750","1":"product","2":"type-product","3":"status-publish","4":"has-post-thumbnail","6":"product_cat-sachbuecher-dokumentationen","7":"pa_autor-messner","8":"pa_erscheinungsjahr-21830","9":"pa_region-italien","10":"pa_sprache-de","12":"first","13":"instock","14":"taxable","15":"shipping-taxable","16":"purchasable","17":"product-type-simple"},"_links":{"self":[{"href":"https:\/\/pizbube.ch\/en\/wp-json\/wp\/v2\/product\/151750","targetHints":{"allow":["GET"]}}],"collection":[{"href":"https:\/\/pizbube.ch\/en\/wp-json\/wp\/v2\/product"}],"about":[{"href":"https:\/\/pizbube.ch\/en\/wp-json\/wp\/v2\/types\/product"}],"wp:featuredmedia":[{"embeddable":true,"href":"https:\/\/pizbube.ch\/en\/wp-json\/wp\/v2\/media\/31519"}],"wp:attachment":[{"href":"https:\/\/pizbube.ch\/en\/wp-json\/wp\/v2\/media?parent=151750"}],"wp:term":[{"taxonomy":"product_brand","embeddable":true,"href":"https:\/\/pizbube.ch\/en\/wp-json\/wp\/v2\/product_brand?post=151750"},{"taxonomy":"product_cat","embeddable":true,"href":"https:\/\/pizbube.ch\/en\/wp-json\/wp\/v2\/product_cat?post=151750"},{"taxonomy":"product_tag","embeddable":true,"href":"https:\/\/pizbube.ch\/en\/wp-json\/wp\/v2\/product_tag?post=151750"}],"curies":[{"name":"wp","href":"https:\/\/api.w.org\/{rel}","templated":true}]}}