{"id":151752,"date":"2021-01-15T12:01:40","date_gmt":"2021-01-15T12:01:40","guid":{"rendered":"https:\/\/codengine3.ch\/?product=import-placeholder-for-205316"},"modified":"2021-01-15T14:40:20","modified_gmt":"2021-01-15T14:40:20","slug":"escaladas-sencillas-a-grandes-cumbres-del-pirineo","status":"publish","type":"product","link":"https:\/\/pizbube.ch\/en\/shop\/escaladas-sencillas-a-grandes-cumbres-del-pirineo\/","title":{"rendered":"Escaladas sencillas a grandes cumbres del Pirineo"},"content":{"rendered":"<p>Cumbres m\u00edticas, emblem\u00e1ticas y referenciales para el monta\u00f1ero y para el<br \/>\nescalador. En esta gu\u00eda se proponen v\u00edas de escalada para iniciarse en esta<br \/>\npr\u00e1ctica deportiva o para que los ya escaladores disfruten de las paredes de<br \/>\nlas monta\u00f1as pirenaicas.  <\/p>\n<p>Contiene 40 v\u00edas diferentes, cada una con fotograf\u00edas, croquis, informaci\u00f3n<br \/>\ngeneral, aproximaci\u00f3n, descenso y una gu\u00eda pr\u00e1ctica que contiene: dificultad,<br \/>\npunto de partida, acceso, noche intermedia, tiempo estimado y desnivel por<br \/>\netapa, material necesario y \u00e9poca recomendada.  <\/p>","protected":false},"excerpt":{"rendered":"<p>Cumbres m\u00edticas, emblem\u00e1ticas y referenciales para el monta\u00f1ero y para el escalador. En esta gu\u00eda se proponen v\u00edas de escalada para iniciarse en esta pr\u00e1ctica deportiva o para que los ya escaladores disfruten de las paredes de las monta\u00f1as pirenaicas. Contiene 40 v\u00edas diferentes, cada una con fotograf\u00edas, croquis, informaci\u00f3n general, aproximaci\u00f3n, descenso y una [&#8230;]\n","protected":false},"featured_media":33988,"template":"","meta":[],"product_brand":[],"product_cat":[21544],"product_tag":[],"class_list":{"0":"post-151752","1":"product","2":"type-product","3":"status-publish","4":"has-post-thumbnail","6":"product_cat-fuehrerliteratur-alpin-sommer","7":"pa_autor-atela","8":"pa_erscheinungsjahr-21842","9":"pa_region-spanien","10":"pa_sprache-sp","12":"first","13":"instock","14":"taxable","15":"shipping-taxable","16":"purchasable","17":"product-type-simple"},"_links":{"self":[{"href":"https:\/\/pizbube.ch\/en\/wp-json\/wp\/v2\/product\/151752","targetHints":{"allow":["GET"]}}],"collection":[{"href":"https:\/\/pizbube.ch\/en\/wp-json\/wp\/v2\/product"}],"about":[{"href":"https:\/\/pizbube.ch\/en\/wp-json\/wp\/v2\/types\/product"}],"wp:featuredmedia":[{"embeddable":true,"href":"https:\/\/pizbube.ch\/en\/wp-json\/wp\/v2\/media\/33988"}],"wp:attachment":[{"href":"https:\/\/pizbube.ch\/en\/wp-json\/wp\/v2\/media?parent=151752"}],"wp:term":[{"taxonomy":"product_brand","embeddable":true,"href":"https:\/\/pizbube.ch\/en\/wp-json\/wp\/v2\/product_brand?post=151752"},{"taxonomy":"product_cat","embeddable":true,"href":"https:\/\/pizbube.ch\/en\/wp-json\/wp\/v2\/product_cat?post=151752"},{"taxonomy":"product_tag","embeddable":true,"href":"https:\/\/pizbube.ch\/en\/wp-json\/wp\/v2\/product_tag?post=151752"}],"curies":[{"name":"wp","href":"https:\/\/api.w.org\/{rel}","templated":true}]}}