{"id":151753,"date":"2021-01-15T12:01:40","date_gmt":"2021-01-15T12:01:40","guid":{"rendered":"https:\/\/codengine3.ch\/?product=import-placeholder-for-202676"},"modified":"2021-01-15T12:38:23","modified_gmt":"2021-01-15T12:38:23","slug":"esqui-de-montana-en-el-pirineo-aragones","status":"publish","type":"product","link":"https:\/\/pizbube.ch\/en\/shop\/esqui-de-montana-en-el-pirineo-aragones\/","title":{"rendered":"Esqu\u00ed de monta\u00f1a en el Pirineo aragon\u00e9s"},"content":{"rendered":"<p>\nEn el conjunto de la cordillera pirenaica, el tramo aragon\u00e9s no destaca por su<br \/>\nlongitud, pero si lo hace por su extensi\u00f3n y complejidad. En efecto, no s\u00f3lo<br \/>\nlas mayores cumbres se encuentran en \u00e9l, sino que alberga un porcentaje<br \/>\nabrumador de picos de m\u00e1s de tres mil metros. Un escenario excepcional para la<br \/>\npr\u00e1ctica del esqu\u00ed de monta\u00f1a, de una belleza espectacular.<\/p>\n<p>Manuel L\u00f3pez Sarri\u00f3n ha seleccionado 35 itinerarios que destacan,<br \/>\nprincipalmente, por ascender a cumbres emblem\u00e1ticas y otras menos conocidas,<br \/>\npero no por ello exentas de inter\u00e9s. Casi todas tienen en com\u00fan que son<br \/>\nf\u00e1cilmente accesibles en una jornada, algo que nos permitir\u00e1 sin duda aligerar<br \/>\nla mochila y disfrutar mucho m\u00e1s de nuestras salidas.<\/p>\n<p>Cada itinerario se acompa\u00f1a de una descripci\u00f3n pormenorizada con su<br \/>\ncorrespondiente ficha t\u00e9cnica, mapa y perfil de ruta, as\u00ed como todos los datos<br \/>\npr\u00e1cticos necesarios para que planifiques f\u00e1cilmente tus incursiones<br \/>\ninvernales. Adem\u00e1s, la gu\u00eda se completa con \u00fatiles consejos que sin duda<br \/>\ncontribuir\u00e1n a la pr\u00e1ctica segura del esqu\u00ed de monta\u00f1a.<\/p>","protected":false},"excerpt":{"rendered":"<p>En el conjunto de la cordillera pirenaica, el tramo aragon\u00e9s no destaca por su longitud, pero si lo hace por su extensi\u00f3n y complejidad. En efecto, no s\u00f3lo las mayores cumbres se encuentran en \u00e9l, sino que alberga un porcentaje abrumador de picos de m\u00e1s de tres mil metros. Un escenario excepcional para la pr\u00e1ctica [&#8230;]\n","protected":false},"featured_media":30105,"template":"","meta":[],"product_brand":[],"product_cat":[21540],"product_tag":[],"class_list":{"0":"post-151753","1":"product","2":"type-product","3":"status-publish","4":"has-post-thumbnail","6":"product_cat-fuehrerliteratur-alpin-winter","7":"pa_autor-sarrion","8":"pa_erscheinungsjahr-22292","9":"pa_region-spanien","10":"pa_sprache-sp","12":"first","13":"outofstock","14":"taxable","15":"shipping-taxable","16":"purchasable","17":"product-type-simple"},"_links":{"self":[{"href":"https:\/\/pizbube.ch\/en\/wp-json\/wp\/v2\/product\/151753","targetHints":{"allow":["GET"]}}],"collection":[{"href":"https:\/\/pizbube.ch\/en\/wp-json\/wp\/v2\/product"}],"about":[{"href":"https:\/\/pizbube.ch\/en\/wp-json\/wp\/v2\/types\/product"}],"wp:featuredmedia":[{"embeddable":true,"href":"https:\/\/pizbube.ch\/en\/wp-json\/wp\/v2\/media\/30105"}],"wp:attachment":[{"href":"https:\/\/pizbube.ch\/en\/wp-json\/wp\/v2\/media?parent=151753"}],"wp:term":[{"taxonomy":"product_brand","embeddable":true,"href":"https:\/\/pizbube.ch\/en\/wp-json\/wp\/v2\/product_brand?post=151753"},{"taxonomy":"product_cat","embeddable":true,"href":"https:\/\/pizbube.ch\/en\/wp-json\/wp\/v2\/product_cat?post=151753"},{"taxonomy":"product_tag","embeddable":true,"href":"https:\/\/pizbube.ch\/en\/wp-json\/wp\/v2\/product_tag?post=151753"}],"curies":[{"name":"wp","href":"https:\/\/api.w.org\/{rel}","templated":true}]}}