{"id":151758,"date":"2021-01-15T12:01:40","date_gmt":"2021-01-15T12:01:40","guid":{"rendered":"https:\/\/codengine3.ch\/?product=import-placeholder-for-206237"},"modified":"2021-01-15T14:47:27","modified_gmt":"2021-01-15T14:47:27","slug":"das-andere-ladakh","status":"publish","type":"product","link":"https:\/\/pizbube.ch\/en\/shop\/das-andere-ladakh\/","title":{"rendered":"Das andere Ladakh"},"content":{"rendered":"<p>Abenteuer im indischen Himalaya  <\/p>\n<p>Berge sind ganz besondere Orte, vor allen Dingen, wenn man sich auf die Suche<br \/>\nnach Kindern begibt. Karola Kostial tr\u00e4gt im Rucksack ihre eigenen<br \/>\nErfahrungen, ihre eigenen Perspektiven eines faszinierenden Landes im West-<br \/>\nHimalaja: Ladakh, das Land der hohen P\u00e4sse. Der Ruf nach Ladakh, ihre Reisen<br \/>\ndurch das Land, der Aufbau der Arbeit mit behinderten Kindern wird zum gro\u00dfen<br \/>\nAbenteuer ihres Lebens. Der spannende Bericht erz\u00e4hlt von Begegnungen mit<br \/>\nfreundlichen Menschen und unglaublicher Natur, von Grenzerfahrungen und<br \/>\nscheinbar un\u00fcberwindbaren Hindernissen. Br\u00fccken entstehen zwischen L\u00e4ndern und<br \/>\nMenschen, Br\u00fccken der Hilfsbereitschaft und des Engagements. Am Schluss bleibt<br \/>\ndie Liebe zu einem Land und Menschen, die das Lachen nicht vergessen haben.  <\/p>","protected":false},"excerpt":{"rendered":"<p>Abenteuer im indischen Himalaya Berge sind ganz besondere Orte, vor allen Dingen, wenn man sich auf die Suche nach Kindern begibt. Karola Kostial tr\u00e4gt im Rucksack ihre eigenen Erfahrungen, ihre eigenen Perspektiven eines faszinierenden Landes im West- Himalaja: Ladakh, das Land der hohen P\u00e4sse. Der Ruf nach Ladakh, ihre Reisen durch das Land, der Aufbau [&#8230;]\n","protected":false},"featured_media":35210,"template":"","meta":[],"product_brand":[],"product_cat":[21542],"product_tag":[],"class_list":{"0":"post-151758","1":"product","2":"type-product","3":"status-publish","4":"has-post-thumbnail","6":"product_cat-sachbuecher-dokumentationen","7":"pa_autor-kostial","8":"pa_erscheinungsjahr-21830","9":"pa_region-asien","10":"pa_sprache-de","12":"first","13":"instock","14":"taxable","15":"shipping-taxable","16":"purchasable","17":"product-type-simple"},"_links":{"self":[{"href":"https:\/\/pizbube.ch\/en\/wp-json\/wp\/v2\/product\/151758","targetHints":{"allow":["GET"]}}],"collection":[{"href":"https:\/\/pizbube.ch\/en\/wp-json\/wp\/v2\/product"}],"about":[{"href":"https:\/\/pizbube.ch\/en\/wp-json\/wp\/v2\/types\/product"}],"wp:featuredmedia":[{"embeddable":true,"href":"https:\/\/pizbube.ch\/en\/wp-json\/wp\/v2\/media\/35210"}],"wp:attachment":[{"href":"https:\/\/pizbube.ch\/en\/wp-json\/wp\/v2\/media?parent=151758"}],"wp:term":[{"taxonomy":"product_brand","embeddable":true,"href":"https:\/\/pizbube.ch\/en\/wp-json\/wp\/v2\/product_brand?post=151758"},{"taxonomy":"product_cat","embeddable":true,"href":"https:\/\/pizbube.ch\/en\/wp-json\/wp\/v2\/product_cat?post=151758"},{"taxonomy":"product_tag","embeddable":true,"href":"https:\/\/pizbube.ch\/en\/wp-json\/wp\/v2\/product_tag?post=151758"}],"curies":[{"name":"wp","href":"https:\/\/api.w.org\/{rel}","templated":true}]}}