{"id":151763,"date":"2021-01-15T12:01:46","date_gmt":"2021-01-15T12:01:46","guid":{"rendered":"https:\/\/codengine3.ch\/?product=import-placeholder-for-205804"},"modified":"2021-01-15T14:44:02","modified_gmt":"2021-01-15T14:44:02","slug":"cabeco-dor-guia-de-escalada","status":"publish","type":"product","link":"https:\/\/pizbube.ch\/en\/shop\/cabeco-dor-guia-de-escalada\/","title":{"rendered":"Cabe\u00e7o d&#8217;Or Gu\u00eda de escalada"},"content":{"rendered":"<p>El Cabe\u00e7o d&#8217;Or es uno de los escenarios m\u00e1s interesantes para la pr\u00e1ctica de<br \/>\nla escalada del levante espa\u00f1ol. El atormentado relieve de su caliza y la gran<br \/>\ncantidad de sectores ofrecen magn\u00edficas posibilidades. Desde sectores con<br \/>\naproximaciones relativamente cortas, hasta otros cuyas ubicaciones se<br \/>\nencuentran bastantes alejadas. Desde v\u00edas de deportiva en las que apenas habr\u00e1<br \/>\nque llevar un manojo de cintas, hasta otras m\u00e1s de aventura, en las que habr\u00e1<br \/>\nque ir cargado hasta los topes.  <\/p>\n<p>Son un total de 114 rutas las que aparecen aqu\u00ed rese\u00f1adas, con un lenguaje<br \/>\ndirecto y sencillo, acompa\u00f1adas de los datos pr\u00e1cticos imprescindibles para su<br \/>\nrealizaci\u00f3n, as\u00ed como de la valoraci\u00f3n por su inter\u00e9s, la historia de sus<br \/>\naperturistas y otros datos de inter\u00e9s. Los recorridos aparecen marcados sobre<br \/>\nfotograf\u00edas de los sectores y paredes para facilitar su localizaci\u00f3n, y se<br \/>\ncomplementan adem\u00e1s con un detallado croquis de cada v\u00eda, poniendo en manos<br \/>\ndel lector toda la informaci\u00f3n disponible para el disfrute de la escalada.  <\/p>","protected":false},"excerpt":{"rendered":"<p>El Cabe\u00e7o d&#8217;Or es uno de los escenarios m\u00e1s interesantes para la pr\u00e1ctica de la escalada del levante espa\u00f1ol. El atormentado relieve de su caliza y la gran cantidad de sectores ofrecen magn\u00edficas posibilidades. Desde sectores con aproximaciones relativamente cortas, hasta otros cuyas ubicaciones se encuentran bastantes alejadas. Desde v\u00edas de deportiva en las que [&#8230;]\n","protected":false},"featured_media":34629,"template":"","meta":[],"product_brand":[],"product_cat":[21539],"product_tag":[],"class_list":{"0":"post-151763","1":"product","2":"type-product","3":"status-publish","4":"has-post-thumbnail","6":"product_cat-fuehrerliteratur-sportklettern-bouldern","7":"pa_autor-bernabeu","8":"pa_erscheinungsjahr-21693","9":"pa_region-spanien","10":"pa_sprache-sp","12":"first","13":"instock","14":"taxable","15":"shipping-taxable","16":"purchasable","17":"product-type-simple"},"_links":{"self":[{"href":"https:\/\/pizbube.ch\/en\/wp-json\/wp\/v2\/product\/151763","targetHints":{"allow":["GET"]}}],"collection":[{"href":"https:\/\/pizbube.ch\/en\/wp-json\/wp\/v2\/product"}],"about":[{"href":"https:\/\/pizbube.ch\/en\/wp-json\/wp\/v2\/types\/product"}],"wp:featuredmedia":[{"embeddable":true,"href":"https:\/\/pizbube.ch\/en\/wp-json\/wp\/v2\/media\/34629"}],"wp:attachment":[{"href":"https:\/\/pizbube.ch\/en\/wp-json\/wp\/v2\/media?parent=151763"}],"wp:term":[{"taxonomy":"product_brand","embeddable":true,"href":"https:\/\/pizbube.ch\/en\/wp-json\/wp\/v2\/product_brand?post=151763"},{"taxonomy":"product_cat","embeddable":true,"href":"https:\/\/pizbube.ch\/en\/wp-json\/wp\/v2\/product_cat?post=151763"},{"taxonomy":"product_tag","embeddable":true,"href":"https:\/\/pizbube.ch\/en\/wp-json\/wp\/v2\/product_tag?post=151763"}],"curies":[{"name":"wp","href":"https:\/\/api.w.org\/{rel}","templated":true}]}}