{"id":151764,"date":"2021-01-15T12:01:46","date_gmt":"2021-01-15T12:01:46","guid":{"rendered":"https:\/\/codengine3.ch\/?product=import-placeholder-for-205230"},"modified":"2021-01-15T14:39:41","modified_gmt":"2021-01-15T14:39:41","slug":"escaladas-en-alicante-medio-y-alto-vinalopo-foia-de-castalla-ontinyent","status":"publish","type":"product","link":"https:\/\/pizbube.ch\/en\/shop\/escaladas-en-alicante-medio-y-alto-vinalopo-foia-de-castalla-ontinyent\/","title":{"rendered":"Escaladas en Alicante. Medio y Alto Vinalop\u00f3 &#8211; Foia de Castalla &#8211; Ontinyent"},"content":{"rendered":"<p>Topoguidebook of Alicante: described are Vinalopo, Foia de Castalla and<br \/>\nOntinyent.  <\/p>\n<p>Gu\u00eda de escaladas en Alicante de la zona del Medio y Alto Vinalop\u00f3, Foia de<br \/>\nCastalla y Ontinyent. En esta edici\u00f3n, que viene a sustituir a la antigua gu\u00eda<br \/>\nde escaladas del Medio y Alto Vinalop\u00f3, se han incluido nuevas zonas de<br \/>\nescalada, algunas de reciente creaci\u00f3n, muy frecuentadas por su f\u00e1cil acceso y<br \/>\nla cercan\u00eda a las poblaciones.  <\/p>","protected":false},"excerpt":{"rendered":"<p>Topoguidebook of Alicante: described are Vinalopo, Foia de Castalla and Ontinyent. Gu\u00eda de escaladas en Alicante de la zona del Medio y Alto Vinalop\u00f3, Foia de Castalla y Ontinyent. En esta edici\u00f3n, que viene a sustituir a la antigua gu\u00eda de escaladas del Medio y Alto Vinalop\u00f3, se han incluido nuevas zonas de escalada, algunas [&#8230;]\n","protected":false},"featured_media":33877,"template":"","meta":[],"product_brand":[],"product_cat":[21539],"product_tag":[],"class_list":{"0":"post-151764","1":"product","2":"type-product","3":"status-publish","4":"has-post-thumbnail","6":"product_cat-fuehrerliteratur-sportklettern-bouldern","7":"pa_autor-verdu-amat-hernandez","8":"pa_erscheinungsjahr-21842","9":"pa_region-spanien","10":"pa_sprache-e-2","11":"pa_sprache-sp","13":"first","14":"outofstock","15":"taxable","16":"shipping-taxable","17":"purchasable","18":"product-type-simple"},"_links":{"self":[{"href":"https:\/\/pizbube.ch\/en\/wp-json\/wp\/v2\/product\/151764","targetHints":{"allow":["GET"]}}],"collection":[{"href":"https:\/\/pizbube.ch\/en\/wp-json\/wp\/v2\/product"}],"about":[{"href":"https:\/\/pizbube.ch\/en\/wp-json\/wp\/v2\/types\/product"}],"wp:featuredmedia":[{"embeddable":true,"href":"https:\/\/pizbube.ch\/en\/wp-json\/wp\/v2\/media\/33877"}],"wp:attachment":[{"href":"https:\/\/pizbube.ch\/en\/wp-json\/wp\/v2\/media?parent=151764"}],"wp:term":[{"taxonomy":"product_brand","embeddable":true,"href":"https:\/\/pizbube.ch\/en\/wp-json\/wp\/v2\/product_brand?post=151764"},{"taxonomy":"product_cat","embeddable":true,"href":"https:\/\/pizbube.ch\/en\/wp-json\/wp\/v2\/product_cat?post=151764"},{"taxonomy":"product_tag","embeddable":true,"href":"https:\/\/pizbube.ch\/en\/wp-json\/wp\/v2\/product_tag?post=151764"}],"curies":[{"name":"wp","href":"https:\/\/api.w.org\/{rel}","templated":true}]}}