{"id":151769,"date":"2021-01-15T12:01:46","date_gmt":"2021-01-15T12:01:46","guid":{"rendered":"https:\/\/codengine3.ch\/?product=import-placeholder-for-201537"},"modified":"2021-01-15T12:02:30","modified_gmt":"2021-01-15T12:02:30","slug":"gemuetliches-wandern-in-graubuenden","status":"publish","type":"product","link":"https:\/\/pizbube.ch\/en\/shop\/gemuetliches-wandern-in-graubuenden\/","title":{"rendered":"Gem\u00fctliches Wandern in Graub\u00fcnden"},"content":{"rendered":"<p>Nicht immer hat man Zeit und Lust,eine sechs- bis siebenst\u00fcndige Bergwanderung<br \/>\nunter die F\u00fcsse zu nehmen. In zwei bis drei Stunden m\u00f6chte man dennoch etwas<br \/>\nsehen und erleben. F\u00fcr diesen neu \u00fcberarbeiteten F\u00fchrer haben die Autoren 30<br \/>\nWanderungen in ganz Graub\u00fcnden erkundet. Besondere Sehensw\u00fcrdigkeiten am Weg<br \/>\nwerden detailliert beschrieben, dazwischen gibt es Reminiszenzen ber\u00fchmter<br \/>\nWanderer.<\/p>\n<p>Der Domleschger Fotograf Romano Pedetti stellt seine sch\u00f6nsten Wanderfotos<br \/>\ndazu. Ein idealer Wanderf\u00fchrer f\u00fcr die ganze Familie und jedes Alter.<br \/>\n2., \u00fcberarbeitete Auflage 112 Seiten, mit Farbabbildungen, Routen- und<br \/>\nH\u00f6henkarten, Broschur mit Fadenheftung  <\/p>","protected":false},"excerpt":{"rendered":"<p>Nicht immer hat man Zeit und Lust,eine sechs- bis siebenst\u00fcndige Bergwanderung unter die F\u00fcsse zu nehmen. In zwei bis drei Stunden m\u00f6chte man dennoch etwas sehen und erleben. F\u00fcr diesen neu \u00fcberarbeiteten F\u00fchrer haben die Autoren 30 Wanderungen in ganz Graub\u00fcnden erkundet. Besondere Sehensw\u00fcrdigkeiten am Weg werden detailliert beschrieben, dazwischen gibt es Reminiszenzen ber\u00fchmter Wanderer. [&#8230;]\n","protected":false},"featured_media":28895,"template":"","meta":[],"product_brand":[],"product_cat":[21605],"product_tag":[],"class_list":{"0":"post-151769","1":"product","2":"type-product","3":"status-publish","4":"has-post-thumbnail","6":"product_cat-wanderfuehrer-trekking","7":"pa_autor-barandun-hess-mueller","8":"pa_erscheinungsjahr-21610","9":"pa_region-schweiz","10":"pa_sprache-de","12":"first","13":"instock","14":"taxable","15":"shipping-taxable","16":"purchasable","17":"product-type-simple"},"_links":{"self":[{"href":"https:\/\/pizbube.ch\/en\/wp-json\/wp\/v2\/product\/151769","targetHints":{"allow":["GET"]}}],"collection":[{"href":"https:\/\/pizbube.ch\/en\/wp-json\/wp\/v2\/product"}],"about":[{"href":"https:\/\/pizbube.ch\/en\/wp-json\/wp\/v2\/types\/product"}],"wp:featuredmedia":[{"embeddable":true,"href":"https:\/\/pizbube.ch\/en\/wp-json\/wp\/v2\/media\/28895"}],"wp:attachment":[{"href":"https:\/\/pizbube.ch\/en\/wp-json\/wp\/v2\/media?parent=151769"}],"wp:term":[{"taxonomy":"product_brand","embeddable":true,"href":"https:\/\/pizbube.ch\/en\/wp-json\/wp\/v2\/product_brand?post=151769"},{"taxonomy":"product_cat","embeddable":true,"href":"https:\/\/pizbube.ch\/en\/wp-json\/wp\/v2\/product_cat?post=151769"},{"taxonomy":"product_tag","embeddable":true,"href":"https:\/\/pizbube.ch\/en\/wp-json\/wp\/v2\/product_tag?post=151769"}],"curies":[{"name":"wp","href":"https:\/\/api.w.org\/{rel}","templated":true}]}}