{"id":151771,"date":"2021-01-15T12:01:46","date_gmt":"2021-01-15T12:01:46","guid":{"rendered":"https:\/\/codengine3.ch\/?product=import-placeholder-for-201462"},"modified":"2021-01-15T12:01:50","modified_gmt":"2021-01-15T12:01:50","slug":"der-gipfel-tragoedie-am-everest","status":"publish","type":"product","link":"https:\/\/pizbube.ch\/en\/shop\/der-gipfel-tragoedie-am-everest\/","title":{"rendered":"Der Gipfel &#8211; Trag\u00f6die am Everest"},"content":{"rendered":"<p>\nDie Antwort auf Jon Krakauers Buch &#8218;In eisigen H\u00f6hen&#8216;: Anatoli Boukreev, der<br \/>\nrussische Bergf\u00fchrer aus Scott Fischers Expedition, Schildert die Ereignisse<br \/>\nan jenem verh\u00e4ngnisvollen 10. Mai 1996 aus seiner Sicht.  <\/p>\n<p>Der Russe Anatoli Boukreev hat elf der vierzehn Achttausender ohne Hilfe von<br \/>\nSauerstoff bestiegen und galt als einer der besten Bergsteiger der Welt. An<br \/>\ndem verh\u00e4ngnisvollen 10. Mai 1996, als in der Todeszone auf dem Mount Everest<br \/>\nf\u00fcnf Menschen starben, nahm er als F\u00fchrer an Scott Fischers Expedition teil<br \/>\nund k\u00e4mpfte sich mehrmals durch den peitschenden Wind, um<br \/>\nExpeditionsteilnehmer vor dem sicheren Tod zu retten.<\/p>\n<p>6. Auflage 2008<\/p>","protected":false},"excerpt":{"rendered":"<p>Die Antwort auf Jon Krakauers Buch &#8218;In eisigen H\u00f6hen&#8216;: Anatoli Boukreev, der russische Bergf\u00fchrer aus Scott Fischers Expedition, Schildert die Ereignisse an jenem verh\u00e4ngnisvollen 10. Mai 1996 aus seiner Sicht. Der Russe Anatoli Boukreev hat elf der vierzehn Achttausender ohne Hilfe von Sauerstoff bestiegen und galt als einer der besten Bergsteiger der Welt. An dem [&#8230;]\n","protected":false},"featured_media":28810,"template":"","meta":[],"product_brand":[],"product_cat":[21542],"product_tag":[],"class_list":{"0":"post-151771","1":"product","2":"type-product","3":"status-publish","4":"has-post-thumbnail","6":"product_cat-sachbuecher-dokumentationen","7":"pa_autor-boukreev","8":"pa_erscheinungsjahr-21591","9":"pa_region-asien","10":"pa_sprache-de","12":"first","13":"instock","14":"taxable","15":"shipping-taxable","16":"purchasable","17":"product-type-simple"},"_links":{"self":[{"href":"https:\/\/pizbube.ch\/en\/wp-json\/wp\/v2\/product\/151771","targetHints":{"allow":["GET"]}}],"collection":[{"href":"https:\/\/pizbube.ch\/en\/wp-json\/wp\/v2\/product"}],"about":[{"href":"https:\/\/pizbube.ch\/en\/wp-json\/wp\/v2\/types\/product"}],"wp:featuredmedia":[{"embeddable":true,"href":"https:\/\/pizbube.ch\/en\/wp-json\/wp\/v2\/media\/28810"}],"wp:attachment":[{"href":"https:\/\/pizbube.ch\/en\/wp-json\/wp\/v2\/media?parent=151771"}],"wp:term":[{"taxonomy":"product_brand","embeddable":true,"href":"https:\/\/pizbube.ch\/en\/wp-json\/wp\/v2\/product_brand?post=151771"},{"taxonomy":"product_cat","embeddable":true,"href":"https:\/\/pizbube.ch\/en\/wp-json\/wp\/v2\/product_cat?post=151771"},{"taxonomy":"product_tag","embeddable":true,"href":"https:\/\/pizbube.ch\/en\/wp-json\/wp\/v2\/product_tag?post=151771"}],"curies":[{"name":"wp","href":"https:\/\/api.w.org\/{rel}","templated":true}]}}