{"id":151772,"date":"2021-01-15T12:01:46","date_gmt":"2021-01-15T12:01:46","guid":{"rendered":"https:\/\/codengine3.ch\/?product=import-placeholder-for-205506"},"modified":"2024-05-24T17:53:19","modified_gmt":"2024-05-24T15:53:19","slug":"totgesagt","status":"publish","type":"product","link":"https:\/\/pizbube.ch\/en\/shop\/totgesagt\/","title":{"rendered":"Totgesagt"},"content":{"rendered":"<p>Mein \u00dcberlebenskampf am Everest.<\/p>\n<p>\u00bbAm Abend des 25. Mai 2006 starb ich am Mount Everest &#8230;\u00ab Einmal auf dem<br \/>\nh\u00f6chsten Berg der Erde stehen. F\u00fcr Lincoln Hall wandelt sich der Lebenstraum<br \/>\nschlagartig in einen Albtraum. Beim Abstieg vom Mount Everest erleidet er ein<br \/>\nGehirn\u00f6dem. Er halluziniert, seine Kr\u00e4fte schwinden. Die Sherpas an seiner<br \/>\nSeite m\u00fcssen ihn in der Todeszone zur\u00fccklassen.<\/p>\n<p>F\u00fcr Hall beginnt ein dramatischer \u00dcberlebenskampf in 8600 Meter H\u00f6he &#8230;<br \/>\nErstmals schildert ein \u00dcberlebender der Todessaison 2006, wie er die dunkelste<br \/>\nNacht seines Lebens durchlitten hat und wie durch ein Wunder doch noch<br \/>\ngerettet wurde.<\/p>\n<p>Mit 8 Seiten Farbbildteil und zwei Illustrationen, Mit 8 Seiten Farbbildteil<br \/>\nund zwei Illustrationen.<\/p>","protected":false},"excerpt":{"rendered":"<p>Mein \u00dcberlebenskampf am Everest. \u00bbAm Abend des 25. Mai 2006 starb ich am Mount Everest &#8230;\u00ab Einmal auf dem h\u00f6chsten Berg der Erde stehen. F\u00fcr Lincoln Hall wandelt sich der Lebenstraum schlagartig in einen Albtraum. Beim Abstieg vom Mount Everest erleidet er ein Gehirn\u00f6dem. Er halluziniert, seine Kr\u00e4fte schwinden. Die Sherpas an seiner Seite m\u00fcssen [&#8230;]\n","protected":false},"featured_media":34232,"template":"","meta":[],"product_brand":[],"product_cat":[21542],"product_tag":[],"class_list":{"0":"post-151772","1":"product","2":"type-product","3":"status-publish","4":"has-post-thumbnail","6":"product_cat-sachbuecher-dokumentationen","7":"pa_autor-hall","8":"pa_erscheinungsjahr-21610","9":"pa_region-asien","10":"pa_sprache-de","12":"first","13":"outofstock","14":"taxable","15":"shipping-taxable","16":"purchasable","17":"product-type-simple"},"_links":{"self":[{"href":"https:\/\/pizbube.ch\/en\/wp-json\/wp\/v2\/product\/151772","targetHints":{"allow":["GET"]}}],"collection":[{"href":"https:\/\/pizbube.ch\/en\/wp-json\/wp\/v2\/product"}],"about":[{"href":"https:\/\/pizbube.ch\/en\/wp-json\/wp\/v2\/types\/product"}],"wp:featuredmedia":[{"embeddable":true,"href":"https:\/\/pizbube.ch\/en\/wp-json\/wp\/v2\/media\/34232"}],"wp:attachment":[{"href":"https:\/\/pizbube.ch\/en\/wp-json\/wp\/v2\/media?parent=151772"}],"wp:term":[{"taxonomy":"product_brand","embeddable":true,"href":"https:\/\/pizbube.ch\/en\/wp-json\/wp\/v2\/product_brand?post=151772"},{"taxonomy":"product_cat","embeddable":true,"href":"https:\/\/pizbube.ch\/en\/wp-json\/wp\/v2\/product_cat?post=151772"},{"taxonomy":"product_tag","embeddable":true,"href":"https:\/\/pizbube.ch\/en\/wp-json\/wp\/v2\/product_tag?post=151772"}],"curies":[{"name":"wp","href":"https:\/\/api.w.org\/{rel}","templated":true}]}}