{"id":151773,"date":"2021-01-15T12:01:46","date_gmt":"2021-01-15T12:01:46","guid":{"rendered":"https:\/\/codengine3.ch\/?product=import-placeholder-for-202199"},"modified":"2021-01-15T12:34:16","modified_gmt":"2021-01-15T12:34:16","slug":"fuer-tot-erklaert","status":"publish","type":"product","link":"https:\/\/pizbube.ch\/en\/shop\/fuer-tot-erklaert\/","title":{"rendered":"F\u00fcr tot erkl\u00e4rt"},"content":{"rendered":"<p>Der amerikanische Arzt nahm an der ber\u00fcchtigten Expedition im Mai 1996 teil.<br \/>\nEr erreichte den Gipfel nicht und bekam als einziges Opfer des Schneesturms in<br \/>\nder &#8218;Todeszone&#8216; eine zweite Chance zu leben. Ehrlich, kompromisslos, mit<br \/>\ntrockenen Humor und mit sehr viel Fairness gegen\u00fcber allen Betroffenen und<br \/>\nBeteiligten erz\u00e4hlt er seine Geschichte.<\/p>","protected":false},"excerpt":{"rendered":"<p>Der amerikanische Arzt nahm an der ber\u00fcchtigten Expedition im Mai 1996 teil. Er erreichte den Gipfel nicht und bekam als einziges Opfer des Schneesturms in der &#8218;Todeszone&#8216; eine zweite Chance zu leben. Ehrlich, kompromisslos, mit trockenen Humor und mit sehr viel Fairness gegen\u00fcber allen Betroffenen und Beteiligten erz\u00e4hlt er seine Geschichte.<\/p>","protected":false},"featured_media":29589,"template":"","meta":[],"product_brand":[],"product_cat":[21542],"product_tag":[],"class_list":{"0":"post-151773","1":"product","2":"type-product","3":"status-publish","4":"has-post-thumbnail","6":"product_cat-sachbuecher-dokumentationen","7":"pa_autor-weathers","8":"pa_erscheinungsjahr-22242","9":"pa_region-asien","10":"pa_sprache-de","12":"first","13":"outofstock","14":"taxable","15":"shipping-taxable","16":"purchasable","17":"product-type-simple"},"_links":{"self":[{"href":"https:\/\/pizbube.ch\/en\/wp-json\/wp\/v2\/product\/151773","targetHints":{"allow":["GET"]}}],"collection":[{"href":"https:\/\/pizbube.ch\/en\/wp-json\/wp\/v2\/product"}],"about":[{"href":"https:\/\/pizbube.ch\/en\/wp-json\/wp\/v2\/types\/product"}],"wp:featuredmedia":[{"embeddable":true,"href":"https:\/\/pizbube.ch\/en\/wp-json\/wp\/v2\/media\/29589"}],"wp:attachment":[{"href":"https:\/\/pizbube.ch\/en\/wp-json\/wp\/v2\/media?parent=151773"}],"wp:term":[{"taxonomy":"product_brand","embeddable":true,"href":"https:\/\/pizbube.ch\/en\/wp-json\/wp\/v2\/product_brand?post=151773"},{"taxonomy":"product_cat","embeddable":true,"href":"https:\/\/pizbube.ch\/en\/wp-json\/wp\/v2\/product_cat?post=151773"},{"taxonomy":"product_tag","embeddable":true,"href":"https:\/\/pizbube.ch\/en\/wp-json\/wp\/v2\/product_tag?post=151773"}],"curies":[{"name":"wp","href":"https:\/\/api.w.org\/{rel}","templated":true}]}}