{"id":151780,"date":"2021-01-15T12:01:47","date_gmt":"2021-01-15T12:01:47","guid":{"rendered":"https:\/\/codengine3.ch\/?product=import-placeholder-for-207359"},"modified":"2023-04-20T09:09:36","modified_gmt":"2023-04-20T07:09:36","slug":"marokko-atlasgebirge-und-sahara","status":"publish","type":"product","link":"https:\/\/pizbube.ch\/en\/shop\/marokko-atlasgebirge-und-sahara\/","title":{"rendered":"Marokko &#8211; Atlasgebirge und Sahara"},"content":{"rendered":"<p>52 Touren<br \/>\n<span class=\"value\">Der erste deutschsprachige Wanderf\u00fchrer f\u00fcr Marokko!<\/span><\/p>\n<p><span class=\"value\">Nur wenige Seemeilen von Europa entfernt beginnt der \u00bbZauber des Orients\u00ab: in Marokko, wo Atlantik und Mittelmeer zusammentreffen. Das K\u00f6nigreich verzaubert nicht nur mit exotischen D\u00fcften, mit St\u00e4dten und D\u00f6rfern wie aus tausendundeiner Nacht, sondern auch mit spektakul\u00e4rer Natur und einem ungeahnten Spektrum an Wanderm\u00f6glichkeiten zwischen K\u00fcste und Hochgebirge. Der Rother Wanderf\u00fchrer \u00bbMarokko\u00ab pr\u00e4sentiert 52 abwechslungsreiche Touren \u2013 von spannenden Halbtageswanderungen bis zu mehrt\u00e4gigen Unternehmungen in unber\u00fchrten Landschaften.<\/span><\/p>\n<p>Wer den Nervenkitzel in hochalpinem Gel\u00e4nde sucht, wird ebenso f\u00fcndig wie Genusswanderer, f\u00fcr die das Kulturerlebnis und die Sch\u00f6nheit der Natur im Vordergrund stehen. Das mediterran gepr\u00e4gte, wild zerkl\u00fcftete Rifgebirge und der karstige Fels im Mittleren Atlas begeistern Besucher aller Art. Gewaltig, aber relativ leicht ersteigbar sind die Viertausender des Hohen Atlas. Gem\u00fctliche Touren f\u00fchren in den Antiatlas mit seinen malerischen Siedlungen aus Lehmh\u00e4usern. Und in der Sahara im S\u00fcden des Landes lassen sich herrliche Wanderungen durch D\u00fcnenlandschaften und zu Oasen mit Palmenhainen unternehmen. F\u00fcr die wohlverdiente abendliche Erholung sorgen schlie\u00dflich gem\u00fctliche Unterk\u00fcnfte und die marokkanische K\u00fcche mit Couscous und Pfefferminztee.<\/p>\n<p>Der Autor Michael Wellhausen ist ebenso ambitionierter wie weitgereister Bergwanderer. Seine Afrika- und Sahara-Erfahrungen flie\u00dfen in die Texte ein, die neben exakten Tourenbeschreibungen auch viel Wissenswertes zu Land und Leuten bieten. Detaillierte Angaben zu Verkehrsanbindung, Einkehr und Unterkunft, dazu Wanderk\u00e4rtchen mit eingezeichnetem Routenverlauf, aussagekr\u00e4ftige H\u00f6henprofile und GPS-Daten zum Download machen die Planung und Durchf\u00fchrung der Wanderungen unkompliziert. Die zahlreichen Fotos lassen schon zuhause \u00bborientalische\u00ab Urlaubsstimmung aufkommen.<\/p>\n<p>2. Auflage 2022<br \/>\n208 Seiten mit 158 Farbabbildungen<br \/>\n50 H\u00f6henprofile, 50 Wanderk\u00e4rtchen im Ma\u00dfstab 1:50.000 \/ 1:100.000, eine<br \/>\n\u00dcbersichtskarte, GPS-Tracks zum Download<\/p>","protected":false},"excerpt":{"rendered":"<p>52 Touren Der erste deutschsprachige Wanderf\u00fchrer f\u00fcr Marokko! Nur wenige Seemeilen von Europa entfernt beginnt der \u00bbZauber des Orients\u00ab: in Marokko, wo Atlantik und Mittelmeer zusammentreffen. Das K\u00f6nigreich verzaubert nicht nur mit exotischen D\u00fcften, mit St\u00e4dten und D\u00f6rfern wie aus tausendundeiner Nacht, sondern auch mit spektakul\u00e4rer Natur und einem ungeahnten Spektrum an Wanderm\u00f6glichkeiten zwischen K\u00fcste [&#8230;]\n","protected":false},"featured_media":167248,"template":"","meta":[],"product_brand":[],"product_cat":[21605],"product_tag":[],"class_list":{"0":"post-151780","1":"product","2":"type-product","3":"status-publish","4":"has-post-thumbnail","6":"product_cat-wanderfuehrer-trekking","7":"pa_autor-wellhausen","8":"pa_erscheinungsjahr-27013","9":"pa_region-afrika","10":"pa_sprache-de","12":"first","13":"instock","14":"taxable","15":"shipping-taxable","16":"purchasable","17":"product-type-simple"},"_links":{"self":[{"href":"https:\/\/pizbube.ch\/en\/wp-json\/wp\/v2\/product\/151780","targetHints":{"allow":["GET"]}}],"collection":[{"href":"https:\/\/pizbube.ch\/en\/wp-json\/wp\/v2\/product"}],"about":[{"href":"https:\/\/pizbube.ch\/en\/wp-json\/wp\/v2\/types\/product"}],"wp:featuredmedia":[{"embeddable":true,"href":"https:\/\/pizbube.ch\/en\/wp-json\/wp\/v2\/media\/167248"}],"wp:attachment":[{"href":"https:\/\/pizbube.ch\/en\/wp-json\/wp\/v2\/media?parent=151780"}],"wp:term":[{"taxonomy":"product_brand","embeddable":true,"href":"https:\/\/pizbube.ch\/en\/wp-json\/wp\/v2\/product_brand?post=151780"},{"taxonomy":"product_cat","embeddable":true,"href":"https:\/\/pizbube.ch\/en\/wp-json\/wp\/v2\/product_cat?post=151780"},{"taxonomy":"product_tag","embeddable":true,"href":"https:\/\/pizbube.ch\/en\/wp-json\/wp\/v2\/product_tag?post=151780"}],"curies":[{"name":"wp","href":"https:\/\/api.w.org\/{rel}","templated":true}]}}