{"id":151785,"date":"2021-01-15T12:01:47","date_gmt":"2021-01-15T12:01:47","guid":{"rendered":"https:\/\/codengine3.ch\/?product=import-placeholder-for-201467"},"modified":"2021-01-15T12:01:52","modified_gmt":"2021-01-15T12:01:52","slug":"misox-und-calancatal-berge-die-unser-herz-bezaubern","status":"publish","type":"product","link":"https:\/\/pizbube.ch\/en\/shop\/misox-und-calancatal-berge-die-unser-herz-bezaubern\/","title":{"rendered":"Misox und Calancatal &#8211; Berge, die unser Herz bezaubern"},"content":{"rendered":"<p>Fotostreifz\u00fcge durch die beiden B\u00fcndnert\u00e4ler  <\/p>\n<p>Ein wundervolles Fotobuch, ein Band, dessen spektakul\u00e4re Aufnahmen im Leser<br \/>\neinmalige Empfindungen und Stimmungen auszul\u00f6sen verm\u00f6gen. Es ist das erste<br \/>\nBuch, das die Berge des Misox und des Calancatales zum Thema hat, eine<br \/>\nBergwelt, die mit ihrer majest\u00e4tischen Gr\u00f6sse und mit variantenreichen<br \/>\nSilhouetten beeindruckt.<\/p>\n<p>In diesem Werk erh\u00e4lt der Leser einen Einblick in die unbegrenzte<br \/>\nnaturkundliche Vielfalt dieser zauberhaften Gebirgswelt.<\/p>\n<p>24&#215;28 cm, 112 Seiten, 100 Farbbilder<\/p>","protected":false},"excerpt":{"rendered":"<p>Fotostreifz\u00fcge durch die beiden B\u00fcndnert\u00e4ler Ein wundervolles Fotobuch, ein Band, dessen spektakul\u00e4re Aufnahmen im Leser einmalige Empfindungen und Stimmungen auszul\u00f6sen verm\u00f6gen. Es ist das erste Buch, das die Berge des Misox und des Calancatales zum Thema hat, eine Bergwelt, die mit ihrer majest\u00e4tischen Gr\u00f6sse und mit variantenreichen Silhouetten beeindruckt. In diesem Werk erh\u00e4lt der Leser [&#8230;]\n","protected":false},"featured_media":28815,"template":"","meta":[],"product_brand":[],"product_cat":[21542],"product_tag":[],"class_list":{"0":"post-151785","1":"product","2":"type-product","3":"status-publish","4":"has-post-thumbnail","6":"product_cat-sachbuecher-dokumentationen","7":"pa_autor-brenna","8":"pa_erscheinungsjahr-22060","9":"pa_region-schweiz","10":"pa_sprache-de","12":"first","13":"instock","14":"taxable","15":"shipping-taxable","16":"purchasable","17":"product-type-simple"},"_links":{"self":[{"href":"https:\/\/pizbube.ch\/en\/wp-json\/wp\/v2\/product\/151785","targetHints":{"allow":["GET"]}}],"collection":[{"href":"https:\/\/pizbube.ch\/en\/wp-json\/wp\/v2\/product"}],"about":[{"href":"https:\/\/pizbube.ch\/en\/wp-json\/wp\/v2\/types\/product"}],"wp:featuredmedia":[{"embeddable":true,"href":"https:\/\/pizbube.ch\/en\/wp-json\/wp\/v2\/media\/28815"}],"wp:attachment":[{"href":"https:\/\/pizbube.ch\/en\/wp-json\/wp\/v2\/media?parent=151785"}],"wp:term":[{"taxonomy":"product_brand","embeddable":true,"href":"https:\/\/pizbube.ch\/en\/wp-json\/wp\/v2\/product_brand?post=151785"},{"taxonomy":"product_cat","embeddable":true,"href":"https:\/\/pizbube.ch\/en\/wp-json\/wp\/v2\/product_cat?post=151785"},{"taxonomy":"product_tag","embeddable":true,"href":"https:\/\/pizbube.ch\/en\/wp-json\/wp\/v2\/product_tag?post=151785"}],"curies":[{"name":"wp","href":"https:\/\/api.w.org\/{rel}","templated":true}]}}