{"id":151788,"date":"2021-01-15T12:01:48","date_gmt":"2021-01-15T12:01:48","guid":{"rendered":"https:\/\/codengine3.ch\/?product=import-placeholder-for-206271"},"modified":"2022-06-23T12:46:25","modified_gmt":"2022-06-23T10:46:25","slug":"calanca-verlassene-orte-in-einem-alpental","status":"publish","type":"product","link":"https:\/\/pizbube.ch\/en\/shop\/calanca-verlassene-orte-in-einem-alpental\/","title":{"rendered":"Calanca &#8211; Verlassene Orte in einem Alpental"},"content":{"rendered":"<p>Luoghi abbandonati in una valle alpina<\/p>\n<p>Wir erleben heute einen in der Menschheitsgeschichte einmaligen R\u00fcckgang des<br \/>\nb\u00e4uerlichen Lebens und der l\u00e4ndlichen Kulturen. Die Kleinbauern geben ihre<br \/>\nH\u00f6fe auf und ziehen in die St\u00e4dte. Diese aktuelle Migrationswelle hat eine<br \/>\nbisher wenig beachteteVorg\u00e4ngerin im s\u00fcdb\u00fcndnerischen Calancatal. Seit einigen<br \/>\nhundert Jahren sind grosse Bev\u00f6lkerungsteile aus den T\u00e4lern der Alpens\u00fcdseite<br \/>\nin die st\u00e4dtischen Zentren abgewandert. Als Folge des Zusammenbruchs der<br \/>\nBerglandwirtschaft vollzieht sich ein grundlegender Landschaftswandel: Wiesen<br \/>\nund Weiden werden wieder von Wald \u00fcberwachsen, Alpwege verschwinden,<br \/>\nLandwirtschaftsgeb\u00e4ude zerfallen.<\/p>\n<p>Doch nur in wenigen Regionen ist dieser Vorgang auf so dramatische Weise<br \/>\nsichtbar wie im Calancatal, wo die vorliegenden Fotografien von Oliver<br \/>\nGemperle entstanden sind. Neben dem dokumentarischen Wert dieser Aufnahmen<br \/>\nsteht f\u00fcr den Fotografen im Vordergrund, dass die Bilder die Verg\u00e4nglichkeit<br \/>\nund das an sich unsichtbare Wesen der Zeit visualisieren. Das fotografische<br \/>\nInventar der verlassenen Orte des Calancatals lotet dadurch gekonnt die<br \/>\nSchnittstelle zwischen Dokumentar- und Kunstfotografie aus.<\/p>\n<p>Fotografien von Oliver Gemperle; Texte von Markus Rottmann und Oliver Gemperle<br \/>\ndeutsch \/ italienisch; 168 Seiten, 63 farbige Abbildungen, 25 x 39 cm;<br \/>\nLeinenband mit Banderole<\/p>","protected":false},"excerpt":{"rendered":"<p>Luoghi abbandonati in una valle alpina Wir erleben heute einen in der Menschheitsgeschichte einmaligen R\u00fcckgang des b\u00e4uerlichen Lebens und der l\u00e4ndlichen Kulturen. Die Kleinbauern geben ihre H\u00f6fe auf und ziehen in die St\u00e4dte. Diese aktuelle Migrationswelle hat eine bisher wenig beachteteVorg\u00e4ngerin im s\u00fcdb\u00fcndnerischen Calancatal. Seit einigen hundert Jahren sind grosse Bev\u00f6lkerungsteile aus den T\u00e4lern der [&#8230;]\n","protected":false},"featured_media":35255,"template":"","meta":[],"product_brand":[],"product_cat":[21542],"product_tag":[],"class_list":{"0":"post-151788","1":"product","2":"type-product","3":"status-publish","4":"has-post-thumbnail","6":"product_cat-sachbuecher-dokumentationen","7":"pa_autor-gemperle","8":"pa_erscheinungsjahr-21610","9":"pa_region-schweiz","10":"pa_sprache-de-it","12":"first","13":"outofstock","14":"taxable","15":"shipping-taxable","16":"purchasable","17":"product-type-simple"},"_links":{"self":[{"href":"https:\/\/pizbube.ch\/en\/wp-json\/wp\/v2\/product\/151788","targetHints":{"allow":["GET"]}}],"collection":[{"href":"https:\/\/pizbube.ch\/en\/wp-json\/wp\/v2\/product"}],"about":[{"href":"https:\/\/pizbube.ch\/en\/wp-json\/wp\/v2\/types\/product"}],"wp:featuredmedia":[{"embeddable":true,"href":"https:\/\/pizbube.ch\/en\/wp-json\/wp\/v2\/media\/35255"}],"wp:attachment":[{"href":"https:\/\/pizbube.ch\/en\/wp-json\/wp\/v2\/media?parent=151788"}],"wp:term":[{"taxonomy":"product_brand","embeddable":true,"href":"https:\/\/pizbube.ch\/en\/wp-json\/wp\/v2\/product_brand?post=151788"},{"taxonomy":"product_cat","embeddable":true,"href":"https:\/\/pizbube.ch\/en\/wp-json\/wp\/v2\/product_cat?post=151788"},{"taxonomy":"product_tag","embeddable":true,"href":"https:\/\/pizbube.ch\/en\/wp-json\/wp\/v2\/product_tag?post=151788"}],"curies":[{"name":"wp","href":"https:\/\/api.w.org\/{rel}","templated":true}]}}