{"id":151789,"date":"2021-01-15T12:01:48","date_gmt":"2021-01-15T12:01:48","guid":{"rendered":"https:\/\/codengine3.ch\/?product=import-placeholder-for-202612"},"modified":"2022-12-17T09:10:09","modified_gmt":"2022-12-17T08:10:09","slug":"val-calanca","status":"publish","type":"product","link":"https:\/\/pizbube.ch\/en\/shop\/val-calanca\/","title":{"rendered":"Val Calanca"},"content":{"rendered":"<p>Selbst in der kleinen Schweiz gibt es noch eine Vielzahl von Regionen und T\u00e4lern, die einen erstaunlich urspr\u00fcnglichen Charakter bewahrt haben: Das s\u00fcdb\u00fcndnerische Val Calanca ist ein solches Tal. Politisch Teil Graub\u00fcndens, \u00f6ffnet sich das Val Calanca geografisch nach S\u00fcden, in Richtung Tessin und damit hin zum italienischsprachigen Kulturraum.<\/p>\n<p>25 ein- bis dreit\u00e4gige Touren f\u00fchren auf mal gem\u00fctlichen, oft verborgenen und fast immer steilen Wegen ins und durch das Val Calanca. Und entdecken l\u00e4sst sich in diesem sonnigen S\u00fcdalpental einiges: pr\u00e4chtige W\u00e4lder mit Kastanien, Tannen und L\u00e4rchen, Wiesen mit einer verschwenderischen Blumenpracht, stille Bergseen oder die steinige, karge Landschaft des Gipfelkranzes, der das Tal einschlie\u00dft.<\/p>\n<p>Das Buch erz\u00e4hlt au\u00dferdem von Hexenprozessen aus der Vergangenheit und vom<br \/>\nRingen winziger Gemeinden um \u00dcberleben und Unabh\u00e4ngigkeit in der Gegenwart,<br \/>\nvon Emigration und Bev\u00f6lkerungsschwund. Dar\u00fcber hinaus bietet es Hintergr\u00fcnde<br \/>\nzur Nutzung der Wasserkraft und Bewirtschaftung der Maiens\u00e4\u00dfe und Alpwiesen.<\/p>\n<p>2. \u00fcberarb. Auflg.; illustriert. 288 S.<\/p>","protected":false},"excerpt":{"rendered":"<p>Selbst in der kleinen Schweiz gibt es noch eine Vielzahl von Regionen und T\u00e4lern, die einen erstaunlich urspr\u00fcnglichen Charakter bewahrt haben: Das s\u00fcdb\u00fcndnerische Val Calanca ist ein solches Tal. Politisch Teil Graub\u00fcndens, \u00f6ffnet sich das Val Calanca geografisch nach S\u00fcden, in Richtung Tessin und damit hin zum italienischsprachigen Kulturraum. 25 ein- bis dreit\u00e4gige Touren f\u00fchren [&#8230;]\n","protected":false},"featured_media":160152,"template":"","meta":[],"product_brand":[],"product_cat":[21605],"product_tag":[],"class_list":{"0":"post-151789","1":"product","2":"type-product","3":"status-publish","4":"has-post-thumbnail","6":"product_cat-wanderfuehrer-trekking","7":"pa_autor-fantacci-hintermeister","8":"pa_erscheinungsjahr-21693","9":"pa_region-schweiz","10":"pa_sprache-de","12":"first","13":"outofstock","14":"taxable","15":"shipping-taxable","16":"purchasable","17":"product-type-simple"},"_links":{"self":[{"href":"https:\/\/pizbube.ch\/en\/wp-json\/wp\/v2\/product\/151789","targetHints":{"allow":["GET"]}}],"collection":[{"href":"https:\/\/pizbube.ch\/en\/wp-json\/wp\/v2\/product"}],"about":[{"href":"https:\/\/pizbube.ch\/en\/wp-json\/wp\/v2\/types\/product"}],"wp:featuredmedia":[{"embeddable":true,"href":"https:\/\/pizbube.ch\/en\/wp-json\/wp\/v2\/media\/160152"}],"wp:attachment":[{"href":"https:\/\/pizbube.ch\/en\/wp-json\/wp\/v2\/media?parent=151789"}],"wp:term":[{"taxonomy":"product_brand","embeddable":true,"href":"https:\/\/pizbube.ch\/en\/wp-json\/wp\/v2\/product_brand?post=151789"},{"taxonomy":"product_cat","embeddable":true,"href":"https:\/\/pizbube.ch\/en\/wp-json\/wp\/v2\/product_cat?post=151789"},{"taxonomy":"product_tag","embeddable":true,"href":"https:\/\/pizbube.ch\/en\/wp-json\/wp\/v2\/product_tag?post=151789"}],"curies":[{"name":"wp","href":"https:\/\/api.w.org\/{rel}","templated":true}]}}