{"id":151791,"date":"2021-01-15T12:01:48","date_gmt":"2021-01-15T12:01:48","guid":{"rendered":"https:\/\/codengine3.ch\/?product=import-placeholder-for-201469"},"modified":"2023-01-24T09:57:52","modified_gmt":"2023-01-24T08:57:52","slug":"die-blv-wetterkunde","status":"publish","type":"product","link":"https:\/\/pizbube.ch\/en\/shop\/die-blv-wetterkunde\/","title":{"rendered":"Die BLV Wetterkunde"},"content":{"rendered":"<p>Wetterkunde f\u00fcr alle:<br \/>\nGrosswetterlagen, Wolkenbilder, Wettervorhersage &#8211; aktuelles Lehrbuch.<br \/>\nDie umfassende Wetterkunde mit den neuesten Daten und Fakten: alles \u00fcber die<br \/>\nKr\u00e4fte, die das Wetter machen, \u00fcber Wetterkarten, Wettervorhersagen,<br \/>\nWolkenarten, Windst\u00e4rken und vieles mehr.<\/p>\n<p>Wie Wetter entsteht &#8211; umfassend und f\u00fcr Laien verst\u00e4ndlich erkl\u00e4rt\u00b7 Mit neuen<br \/>\nFakten zu aktuellen Wetterthemen wie Extremwetterlagen und globaler<br \/>\nKlimaver\u00e4nderung \u00b7 Leitet zur Wetterbeobachtung an und erm\u00f6glicht die eigene<br \/>\nVorhersage.<\/p>\n<p>Das komplette Wetterwissen, einfach vermittelt. Alles \u00fcber die Kr\u00e4fte, die das<br \/>\nWetter machen. Umfassendes Grundwissen und Profitipps zur Wetterbeobachtung<br \/>\nund zur eigenen Wettervorhersage. Der aktuelle Stand der Klimaforschung, z.B.<br \/>\nneue Fakten zu Poleis- und Gletscherschmelze.<br \/>\nHardcover, 130 Farbfotos, 2 schwarz-wei\u00dfe Fotos, 125 farbige Zeichnungen<\/p>","protected":false},"excerpt":{"rendered":"<p>Wetterkunde f\u00fcr alle: Grosswetterlagen, Wolkenbilder, Wettervorhersage &#8211; aktuelles Lehrbuch. Die umfassende Wetterkunde mit den neuesten Daten und Fakten: alles \u00fcber die Kr\u00e4fte, die das Wetter machen, \u00fcber Wetterkarten, Wettervorhersagen, Wolkenarten, Windst\u00e4rken und vieles mehr. Wie Wetter entsteht &#8211; umfassend und f\u00fcr Laien verst\u00e4ndlich erkl\u00e4rt\u00b7 Mit neuen Fakten zu aktuellen Wetterthemen wie Extremwetterlagen und globaler Klimaver\u00e4nderung [&#8230;]\n","protected":false},"featured_media":37317,"template":"","meta":[],"product_brand":[],"product_cat":[21538],"product_tag":[],"class_list":{"0":"post-151791","1":"product","2":"type-product","3":"status-publish","4":"has-post-thumbnail","6":"product_cat-lehrbuecher","7":"pa_autor-roth","8":"pa_erscheinungsjahr-21546","9":"pa_region-orientierung-wetter-ausbildung","10":"pa_sprache-de","12":"first","13":"outofstock","14":"taxable","15":"shipping-taxable","16":"purchasable","17":"product-type-simple"},"_links":{"self":[{"href":"https:\/\/pizbube.ch\/en\/wp-json\/wp\/v2\/product\/151791","targetHints":{"allow":["GET"]}}],"collection":[{"href":"https:\/\/pizbube.ch\/en\/wp-json\/wp\/v2\/product"}],"about":[{"href":"https:\/\/pizbube.ch\/en\/wp-json\/wp\/v2\/types\/product"}],"wp:featuredmedia":[{"embeddable":true,"href":"https:\/\/pizbube.ch\/en\/wp-json\/wp\/v2\/media\/37317"}],"wp:attachment":[{"href":"https:\/\/pizbube.ch\/en\/wp-json\/wp\/v2\/media?parent=151791"}],"wp:term":[{"taxonomy":"product_brand","embeddable":true,"href":"https:\/\/pizbube.ch\/en\/wp-json\/wp\/v2\/product_brand?post=151791"},{"taxonomy":"product_cat","embeddable":true,"href":"https:\/\/pizbube.ch\/en\/wp-json\/wp\/v2\/product_cat?post=151791"},{"taxonomy":"product_tag","embeddable":true,"href":"https:\/\/pizbube.ch\/en\/wp-json\/wp\/v2\/product_tag?post=151791"}],"curies":[{"name":"wp","href":"https:\/\/api.w.org\/{rel}","templated":true}]}}