{"id":151792,"date":"2021-01-15T12:01:48","date_gmt":"2021-01-15T12:01:48","guid":{"rendered":"https:\/\/codengine3.ch\/?product=import-placeholder-for-206453"},"modified":"2021-01-15T14:49:02","modified_gmt":"2021-01-15T14:49:02","slug":"wetterzeichen-am-himmel","status":"publish","type":"product","link":"https:\/\/pizbube.ch\/en\/shop\/wetterzeichen-am-himmel\/","title":{"rendered":"Wetterzeichen am Himmel"},"content":{"rendered":"<p>Meteorologische Erscheinungen verstehen und richtig deuten  <\/p>\n<p>Der Meteorologe Andreas Walker, leidenschaftlicher Naturbeobachter und<br \/>\nFotograf, vermittelt anschaulich das Wissen, um Wetterzeichen am Himmel zu<br \/>\nverstehen und zu deuten. Klar und f\u00fcr den Laien einfach verst\u00e4ndlich erkl\u00e4rt<br \/>\ner die wichtigsten Grundbegriffe der Meteorologie. Auch interessante, mit dem<br \/>\nWetter vernetzte Wissens &#8211; gebiete werden beleuchtet, wie etwa die<br \/>\nWetterf\u00fchligkeit und die durch den Menschen verursachte globale Er &#8211; w\u00e4rmung.<br \/>\nEbenso werden spektakul\u00e4re Licht- und Farbph\u00e4nomene in der Atmosph\u00e4re erkl\u00e4rt.  <\/p>\n<p>Neben der Beschreibung der Wetterph\u00e4nomene gew\u00e4hrt das Buch Einblick in die<br \/>\nEntstehung einer TV-Wetter &#8211; prognose. Der vom Schweizer Fernsehen<br \/>\nbestbekannte und beliebte Thomas Bucheli gew\u00e4hrt einen Blick hinter die<br \/>\nKulissen.  <\/p>","protected":false},"excerpt":{"rendered":"<p>Meteorologische Erscheinungen verstehen und richtig deuten Der Meteorologe Andreas Walker, leidenschaftlicher Naturbeobachter und Fotograf, vermittelt anschaulich das Wissen, um Wetterzeichen am Himmel zu verstehen und zu deuten. Klar und f\u00fcr den Laien einfach verst\u00e4ndlich erkl\u00e4rt er die wichtigsten Grundbegriffe der Meteorologie. Auch interessante, mit dem Wetter vernetzte Wissens &#8211; gebiete werden beleuchtet, wie etwa die [&#8230;]\n","protected":false},"featured_media":35498,"template":"","meta":[],"product_brand":[],"product_cat":[21538],"product_tag":[],"class_list":{"0":"post-151792","1":"product","2":"type-product","3":"status-publish","4":"has-post-thumbnail","6":"product_cat-lehrbuecher","7":"pa_autor-walker-bucheli","8":"pa_erscheinungsjahr-21610","9":"pa_region-orientierung-wetter-ausbildung","10":"pa_sprache-de","12":"first","13":"outofstock","14":"taxable","15":"shipping-taxable","16":"purchasable","17":"product-type-simple"},"_links":{"self":[{"href":"https:\/\/pizbube.ch\/en\/wp-json\/wp\/v2\/product\/151792","targetHints":{"allow":["GET"]}}],"collection":[{"href":"https:\/\/pizbube.ch\/en\/wp-json\/wp\/v2\/product"}],"about":[{"href":"https:\/\/pizbube.ch\/en\/wp-json\/wp\/v2\/types\/product"}],"wp:featuredmedia":[{"embeddable":true,"href":"https:\/\/pizbube.ch\/en\/wp-json\/wp\/v2\/media\/35498"}],"wp:attachment":[{"href":"https:\/\/pizbube.ch\/en\/wp-json\/wp\/v2\/media?parent=151792"}],"wp:term":[{"taxonomy":"product_brand","embeddable":true,"href":"https:\/\/pizbube.ch\/en\/wp-json\/wp\/v2\/product_brand?post=151792"},{"taxonomy":"product_cat","embeddable":true,"href":"https:\/\/pizbube.ch\/en\/wp-json\/wp\/v2\/product_cat?post=151792"},{"taxonomy":"product_tag","embeddable":true,"href":"https:\/\/pizbube.ch\/en\/wp-json\/wp\/v2\/product_tag?post=151792"}],"curies":[{"name":"wp","href":"https:\/\/api.w.org\/{rel}","templated":true}]}}