{"id":151793,"date":"2021-01-15T12:01:48","date_gmt":"2021-01-15T12:01:48","guid":{"rendered":"https:\/\/codengine3.ch\/?product=import-placeholder-for-208353"},"modified":"2024-04-24T09:42:08","modified_gmt":"2024-04-24T07:42:08","slug":"wetter-im-gebirge","status":"publish","type":"product","link":"https:\/\/pizbube.ch\/en\/shop\/wetter-im-gebirge\/","title":{"rendered":"Wetter im Gebirge"},"content":{"rendered":"<p>Beobachtung &#8211; Vorhersage &#8211; Gefahren<\/p>\n<p>Gebirge beeinflussen das Wetter, in Gebirgsregionen k\u00f6nnen viele<br \/>\nWetterscheinungen recht spektakul\u00e4r \u2013 oft sogar in extremer Form \u2013 auftreten<br \/>\nund nicht zuletzt ist man als Wanderer, Kletterer und Radler dem Wetter<br \/>\nbesonders ungesch\u00fctzt ausgesetzt. Alles gute Gr\u00fcnde, sich einmal genauer mit<br \/>\ndem spannenden Thema Bergwetter zu besch\u00e4ftigen.<br \/>\nIn seiner Buchreihe Wissen &amp; Praxis ver\u00f6ffentlicht der Bergverlag Rother dazu<br \/>\nnun den Titel \u00bbWetter im Gebirge\u00ab.<\/p>\n<p>Darin erl\u00e4utern die bergerfahrenen Meteorologen Jean-Jacques Thillet und<br \/>\nDominique Schueller die Grundlagen der Wetterkunde und bereiten auch<br \/>\nkomplizierte Zusammenh\u00e4nge so verst\u00e4ndlich auf, dass Wanderer und Alpinisten<br \/>\nviel Wissenswertes daraus sch\u00f6pfen k\u00f6nnen. Pit Schubert erg\u00e4nzt das Werk durch<br \/>\ndie mitrei\u00dfende Schilderung witterungsbedingter Bergunf\u00e4lle, aus denen man<br \/>\nlernen kann, welche Fehler bei der Einsch\u00e4tzung des Wetters man zur eigenen<br \/>\nSicherheit besser vermeidet.<\/p>\n<p>1. Auflage 2013; 184 Seiten; 200 Farbfotos und Skizzen<\/p>","protected":false},"excerpt":{"rendered":"<ul>\n<li><strong><a href=\"https:\/\/pizbube.ch\/wp-content\/uploads\/attachments\/a_029\/D80A98E59CA5D10AF682E46052F2D484.pdf\" target=\"_blank\" rel=\"noopener\">PDF: Wetter im Gebirge Inhaltsverzeichnis<\/a><\/strong><\/li>\n<\/ul>","protected":false},"featured_media":41136,"template":"","meta":[],"product_brand":[],"product_cat":[21538],"product_tag":[],"class_list":{"0":"post-151793","1":"product","2":"type-product","3":"status-publish","4":"has-post-thumbnail","6":"product_cat-lehrbuecher","7":"pa_autor-thillet-schueller-schbert","8":"pa_erscheinungsjahr-21568","9":"pa_region-orientierung-wetter-ausbildung","10":"pa_sprache-de","12":"first","13":"outofstock","14":"taxable","15":"shipping-taxable","16":"purchasable","17":"product-type-simple"},"_links":{"self":[{"href":"https:\/\/pizbube.ch\/en\/wp-json\/wp\/v2\/product\/151793","targetHints":{"allow":["GET"]}}],"collection":[{"href":"https:\/\/pizbube.ch\/en\/wp-json\/wp\/v2\/product"}],"about":[{"href":"https:\/\/pizbube.ch\/en\/wp-json\/wp\/v2\/types\/product"}],"wp:featuredmedia":[{"embeddable":true,"href":"https:\/\/pizbube.ch\/en\/wp-json\/wp\/v2\/media\/41136"}],"wp:attachment":[{"href":"https:\/\/pizbube.ch\/en\/wp-json\/wp\/v2\/media?parent=151793"}],"wp:term":[{"taxonomy":"product_brand","embeddable":true,"href":"https:\/\/pizbube.ch\/en\/wp-json\/wp\/v2\/product_brand?post=151793"},{"taxonomy":"product_cat","embeddable":true,"href":"https:\/\/pizbube.ch\/en\/wp-json\/wp\/v2\/product_cat?post=151793"},{"taxonomy":"product_tag","embeddable":true,"href":"https:\/\/pizbube.ch\/en\/wp-json\/wp\/v2\/product_tag?post=151793"}],"curies":[{"name":"wp","href":"https:\/\/api.w.org\/{rel}","templated":true}]}}