{"id":151795,"date":"2021-01-15T12:01:48","date_gmt":"2021-01-15T12:01:48","guid":{"rendered":"https:\/\/codengine3.ch\/?product=import-placeholder-for-201470"},"modified":"2021-01-15T12:01:53","modified_gmt":"2021-01-15T12:01:53","slug":"westalpen-skitouren","status":"publish","type":"product","link":"https:\/\/pizbube.ch\/en\/shop\/westalpen-skitouren\/","title":{"rendered":"Westalpen Skitouren"},"content":{"rendered":"<p>Die Westalpen &#8211; das ist die faszinierende Welt der Drei- und Viertausender der<br \/>\nSchweiz, Italiens und Frankreichs, das sind das Wallis, die Berner Alpen, der<br \/>\nGran Paradiso, das Mont-Blanc-Massiv, die Dauphin\u00e9 &#8230;  <\/p>\n<p>Reinhard Klappert, staatlich gepr\u00fcfter Bergf\u00fchrer, stellt 73 Skitouren aus<br \/>\ndiesem Traumgebiet vor &#8211; eine bunte Mischung aus ber\u00fchmten Klassikern und<br \/>\nversteckten Geheimtips, von der Tagestour bis zur 6-t\u00e4gigen<br \/>\nGebietsdurchquerung, von einfachen Touren f\u00fcr Westalpenneulinge bis zu<br \/>\nernsten, anspruchsvollen Unternehmungen f\u00fcr sehr erfahrene Skibergsteiger.  <\/p>\n<p>Insgesamt werden 15 Gebiete mit ihren lohnendsten Touren und Gipfelzielen<br \/>\nvorgestellt. F\u00fcr jeden Skitourengeher ist etwas geboten: Gebiete, in denen man<br \/>\nTagestouren von bequemen St\u00fctzpunkten im Tal aus machen kann, und Gebiete f\u00fcr<br \/>\ndiejenigen, die dem Zivilisationsluxus ganz den R\u00fccken kehren und ihre volle<br \/>\nZeit \u00bboben\u00ab verbringen wollen. Freunde von mehrt\u00e4gigen Gebietsdurchquerungen<br \/>\nfinden n\u00fctzliche Hinweise und Empfehlungen f\u00fcr \u00dcberschreitungen und m\u00f6gliche<br \/>\nVerkn\u00fcpfungen mit anderen Tourengebieten. Die Schwierigkeit der Routen wird<br \/>\nmit einem vierstufigen Sternchensystem bewertet. Neben einer ausf\u00fchrlichen,<br \/>\n\u00fcbersichtlich strukturierten Beschreibung von Anstieg und Abfahrt erleichtern<br \/>\nSchwarzwei\u00dffotos mit eingezeichnetem Routenverlauf und detaillierte<br \/>\nKartenskizzen die Orientierung. Ein Infoblock zu jeder Tour bietet einen<br \/>\nschnellen \u00dcberblick zu wichtigen Details f\u00fcr die Tourenplanung: Exposition,<br \/>\nSteilheit, H\u00f6henunterschied und Zeitaufwand sowie Informationen zu<br \/>\nAusgangspunkt und St\u00fctzpunkten. Erg\u00e4nzt werden die Tourenvorschl\u00e4ge durch<br \/>\nHinweise auf Kartenmaterial sowie zus\u00e4tzliche Tourenm\u00f6glichkeiten und<br \/>\nVarianten, mit denen ein Aufenthalt verl\u00e4ngert werden kann.  <\/p>","protected":false},"excerpt":{"rendered":"<ul>\n<li><a href=\"https:\/\/pizbube.ch\/wp-content\/uploads\/attachments\/a_027\/B0464B3AA04DC0F636C745C78C6FD523.pdf\" target=\"_blank\" rel=\"noopener\">PDF: Westalpen Skitouren Inhaltsverzeichnis<\/a><\/li>\n<\/ul>\n<ul>\n<li><b>INFO: Vergriffen, keine Neuauflage <b><\/li>\n<\/ul>","protected":false},"featured_media":28818,"template":"","meta":[],"product_brand":[],"product_cat":[21540],"product_tag":[],"class_list":{"0":"post-151795","1":"product","2":"type-product","3":"status-publish","4":"has-post-thumbnail","6":"product_cat-fuehrerliteratur-alpin-winter","7":"pa_autor-klappert","8":"pa_erscheinungsjahr-22242","9":"pa_region-frankreich","10":"pa_sprache-de","12":"first","13":"outofstock","14":"taxable","15":"shipping-taxable","16":"purchasable","17":"product-type-simple"},"_links":{"self":[{"href":"https:\/\/pizbube.ch\/en\/wp-json\/wp\/v2\/product\/151795","targetHints":{"allow":["GET"]}}],"collection":[{"href":"https:\/\/pizbube.ch\/en\/wp-json\/wp\/v2\/product"}],"about":[{"href":"https:\/\/pizbube.ch\/en\/wp-json\/wp\/v2\/types\/product"}],"wp:featuredmedia":[{"embeddable":true,"href":"https:\/\/pizbube.ch\/en\/wp-json\/wp\/v2\/media\/28818"}],"wp:attachment":[{"href":"https:\/\/pizbube.ch\/en\/wp-json\/wp\/v2\/media?parent=151795"}],"wp:term":[{"taxonomy":"product_brand","embeddable":true,"href":"https:\/\/pizbube.ch\/en\/wp-json\/wp\/v2\/product_brand?post=151795"},{"taxonomy":"product_cat","embeddable":true,"href":"https:\/\/pizbube.ch\/en\/wp-json\/wp\/v2\/product_cat?post=151795"},{"taxonomy":"product_tag","embeddable":true,"href":"https:\/\/pizbube.ch\/en\/wp-json\/wp\/v2\/product_tag?post=151795"}],"curies":[{"name":"wp","href":"https:\/\/api.w.org\/{rel}","templated":true}]}}