{"id":151798,"date":"2021-01-15T12:01:48","date_gmt":"2021-01-15T12:01:48","guid":{"rendered":"https:\/\/codengine3.ch\/?product=import-placeholder-for-204056"},"modified":"2021-01-15T14:29:21","modified_gmt":"2021-01-15T14:29:21","slug":"helvetien-im-treibhaus","status":"publish","type":"product","link":"https:\/\/pizbube.ch\/en\/shop\/helvetien-im-treibhaus\/","title":{"rendered":"Helvetien im Treibhaus"},"content":{"rendered":"<p>Der weltweite Klimawandel und seine Auswirkungen auf die Schweiz. Der<br \/>\nKlimaforscherin Rebetez gelingt es nicht nur, wissenschaftliche Erkl\u00e4rungen<br \/>\nf\u00fcr den globalen Klimawandel verst\u00e4ndlich darzustellen; sie demonstriert<br \/>\nzugleich, wie der Klimawandel sich auf Bergland und Gletscher, B\u00f6den,<br \/>\nLandwirtschaft, Wald, aber z.B. auch auf die Tourismusindustrie auswirkt.<\/p>\n<p>Die Schweiz wird w\u00e4rmer &#8211; und unser Alltag bleibt davon nicht unber\u00fchrt. Das<br \/>\nBuch belegt an reichem Faktenmaterial, dass wir in der Tat einen Klimawandel<br \/>\nerleben, weltweit genauso wie im Bereich der Alpen.<\/p>","protected":false},"excerpt":{"rendered":"<p>Der weltweite Klimawandel und seine Auswirkungen auf die Schweiz. Der Klimaforscherin Rebetez gelingt es nicht nur, wissenschaftliche Erkl\u00e4rungen f\u00fcr den globalen Klimawandel verst\u00e4ndlich darzustellen; sie demonstriert zugleich, wie der Klimawandel sich auf Bergland und Gletscher, B\u00f6den, Landwirtschaft, Wald, aber z.B. auch auf die Tourismusindustrie auswirkt. Die Schweiz wird w\u00e4rmer &#8211; und unser Alltag bleibt davon [&#8230;]\n","protected":false},"featured_media":31794,"template":"","meta":[],"product_brand":[],"product_cat":[21542],"product_tag":[],"class_list":{"0":"post-151798","1":"product","2":"type-product","3":"status-publish","4":"has-post-thumbnail","6":"product_cat-sachbuecher-dokumentationen","7":"pa_autor-rebetez","8":"pa_erscheinungsjahr-21763","9":"pa_region-schweiz","10":"pa_sprache-de","12":"first","13":"outofstock","14":"taxable","15":"shipping-taxable","16":"purchasable","17":"product-type-simple"},"_links":{"self":[{"href":"https:\/\/pizbube.ch\/en\/wp-json\/wp\/v2\/product\/151798","targetHints":{"allow":["GET"]}}],"collection":[{"href":"https:\/\/pizbube.ch\/en\/wp-json\/wp\/v2\/product"}],"about":[{"href":"https:\/\/pizbube.ch\/en\/wp-json\/wp\/v2\/types\/product"}],"wp:featuredmedia":[{"embeddable":true,"href":"https:\/\/pizbube.ch\/en\/wp-json\/wp\/v2\/media\/31794"}],"wp:attachment":[{"href":"https:\/\/pizbube.ch\/en\/wp-json\/wp\/v2\/media?parent=151798"}],"wp:term":[{"taxonomy":"product_brand","embeddable":true,"href":"https:\/\/pizbube.ch\/en\/wp-json\/wp\/v2\/product_brand?post=151798"},{"taxonomy":"product_cat","embeddable":true,"href":"https:\/\/pizbube.ch\/en\/wp-json\/wp\/v2\/product_cat?post=151798"},{"taxonomy":"product_tag","embeddable":true,"href":"https:\/\/pizbube.ch\/en\/wp-json\/wp\/v2\/product_tag?post=151798"}],"curies":[{"name":"wp","href":"https:\/\/api.w.org\/{rel}","templated":true}]}}