{"id":151799,"date":"2021-01-15T12:01:49","date_gmt":"2021-01-15T12:01:49","guid":{"rendered":"https:\/\/codengine3.ch\/?product=import-placeholder-for-206330"},"modified":"2021-01-15T14:48:08","modified_gmt":"2021-01-15T14:48:08","slug":"hias-rebitsch-der-berg-ist-nicht-alles","status":"publish","type":"product","link":"https:\/\/pizbube.ch\/en\/shop\/hias-rebitsch-der-berg-ist-nicht-alles\/","title":{"rendered":"Hias Rebitsch &#8211; Der Berg ist nicht alles"},"content":{"rendered":"<p>Kletterpionier, Freigeist, H\u00f6henarch\u00e4ologe  <\/p>\n<p>Mathias &#8218;Hias&#8216; Rebitsch (1911-1990) geh\u00f6rte in den 1930er- und 1940er-Jahren<br \/>\nzu den weltweit besten Kletterern. Seine Erstbegehungen im Karwendel,<br \/>\nKaisergebirge oder in den Stubaier Alpen z\u00e4hlen zu den schwierigsten ihrer<br \/>\nZeit und n\u00f6tigen selbst heutigen Spitzenbergsteigern Respekt ab. Rebitsch war<br \/>\nin erster Linie Freikletterer und erreichte nachweislich bereits Ende der<br \/>\n1930er-Jahre den siebten Schwierigkeitsgrad &#8211; den es offiziell erst seit 1977<br \/>\ngibt.<br \/>\nLegend\u00e4r ist Hias&#8216; Eiger-Nordwand-Versuch 1937 zusammen mit Ludwig V\u00f6rg: Nach<br \/>\neinem infernalischen Wettersturz kamen sie als erste Partie lebend aus der<br \/>\nber\u00fchmt-ber\u00fcchtigten Wand zur\u00fcck. Im selben Jahr erreichte Rebitsch am noch<br \/>\nunbestiegenen Nanga Parbat den Silbersattel. Auf Sechstausendern der Pu\u00f1a de<br \/>\nAtacama (Argentinien) entdeckte er ab Mitte der 1950er-Jahre bis dahin<br \/>\nunbekannte Zeugnisse der Inkakultur (&#8218;Die silbernen G\u00f6tter des Cerro Gallan&#8216;)<br \/>\nund wurde dar\u00fcber zum anerkannten Forscher und H\u00f6henarch\u00e4ologen.  <\/p>","protected":false},"excerpt":{"rendered":"<p>Kletterpionier, Freigeist, H\u00f6henarch\u00e4ologe Mathias &#8218;Hias&#8216; Rebitsch (1911-1990) geh\u00f6rte in den 1930er- und 1940er-Jahren zu den weltweit besten Kletterern. Seine Erstbegehungen im Karwendel, Kaisergebirge oder in den Stubaier Alpen z\u00e4hlen zu den schwierigsten ihrer Zeit und n\u00f6tigen selbst heutigen Spitzenbergsteigern Respekt ab. Rebitsch war in erster Linie Freikletterer und erreichte nachweislich bereits Ende der 1930er-Jahre den [&#8230;]\n","protected":false},"featured_media":35330,"template":"","meta":[],"product_brand":[],"product_cat":[21542],"product_tag":[],"class_list":{"0":"post-151799","1":"product","2":"type-product","3":"status-publish","4":"has-post-thumbnail","6":"product_cat-sachbuecher-dokumentationen","7":"pa_autor-hoefler-hrsg","8":"pa_erscheinungsjahr-21830","9":"pa_region-oesterreich","10":"pa_sprache-de","12":"first","13":"instock","14":"taxable","15":"shipping-taxable","16":"purchasable","17":"product-type-simple"},"_links":{"self":[{"href":"https:\/\/pizbube.ch\/en\/wp-json\/wp\/v2\/product\/151799","targetHints":{"allow":["GET"]}}],"collection":[{"href":"https:\/\/pizbube.ch\/en\/wp-json\/wp\/v2\/product"}],"about":[{"href":"https:\/\/pizbube.ch\/en\/wp-json\/wp\/v2\/types\/product"}],"wp:featuredmedia":[{"embeddable":true,"href":"https:\/\/pizbube.ch\/en\/wp-json\/wp\/v2\/media\/35330"}],"wp:attachment":[{"href":"https:\/\/pizbube.ch\/en\/wp-json\/wp\/v2\/media?parent=151799"}],"wp:term":[{"taxonomy":"product_brand","embeddable":true,"href":"https:\/\/pizbube.ch\/en\/wp-json\/wp\/v2\/product_brand?post=151799"},{"taxonomy":"product_cat","embeddable":true,"href":"https:\/\/pizbube.ch\/en\/wp-json\/wp\/v2\/product_cat?post=151799"},{"taxonomy":"product_tag","embeddable":true,"href":"https:\/\/pizbube.ch\/en\/wp-json\/wp\/v2\/product_tag?post=151799"}],"curies":[{"name":"wp","href":"https:\/\/api.w.org\/{rel}","templated":true}]}}