{"id":151800,"date":"2021-01-15T12:01:49","date_gmt":"2021-01-15T12:01:49","guid":{"rendered":"https:\/\/codengine3.ch\/?product=import-placeholder-for-205277"},"modified":"2021-01-15T14:40:02","modified_gmt":"2021-01-15T14:40:02","slug":"mit-der-filmkamera-durch-die-grossen-waende-der-alpen","status":"publish","type":"product","link":"https:\/\/pizbube.ch\/en\/shop\/mit-der-filmkamera-durch-die-grossen-waende-der-alpen\/","title":{"rendered":"Mit der Filmkamera durch die gro\u00dfen W\u00e4nde der Alpen"},"content":{"rendered":"<p>Lothar Brandler &#8211; Mit der Filmkamera durch die gro\u00dfen W\u00e4nde der Alpen  <\/p>\n<p>Lothar Brandler hat als Alpinist und Filmemacher Geschichte geschrieben. Er<br \/>\ngeh\u00f6rte in den 1950er und 1960er Jahren zu den besten Kletterern. Klettern mit<br \/>\nder Filmkamera in der Eiger Nordwand, am Walkerpfeiler, in der Dru Westwand<br \/>\nund der Direttissima der Grossen Zinne: Brandler hat damit als Alpinist und<br \/>\nFilmemacher Geschichte geschrieben!<br \/>\nAls Bergfilmemacher und Regisseur erhielt er 22 Preise.<br \/>\n272 Seiten, 160 Abb<\/p>","protected":false},"excerpt":{"rendered":"<p>Lothar Brandler &#8211; Mit der Filmkamera durch die gro\u00dfen W\u00e4nde der Alpen Lothar Brandler hat als Alpinist und Filmemacher Geschichte geschrieben. Er geh\u00f6rte in den 1950er und 1960er Jahren zu den besten Kletterern. Klettern mit der Filmkamera in der Eiger Nordwand, am Walkerpfeiler, in der Dru Westwand und der Direttissima der Grossen Zinne: Brandler hat [&#8230;]\n","protected":false},"featured_media":33941,"template":"","meta":[],"product_brand":[],"product_cat":[21542],"product_tag":[],"class_list":{"0":"post-151800","1":"product","2":"type-product","3":"status-publish","4":"has-post-thumbnail","6":"product_cat-sachbuecher-dokumentationen","7":"pa_autor-brandler","8":"pa_erscheinungsjahr-21591","9":"pa_region-deutschland","10":"pa_sprache-de","12":"first","13":"instock","14":"taxable","15":"shipping-taxable","16":"purchasable","17":"product-type-simple"},"_links":{"self":[{"href":"https:\/\/pizbube.ch\/en\/wp-json\/wp\/v2\/product\/151800","targetHints":{"allow":["GET"]}}],"collection":[{"href":"https:\/\/pizbube.ch\/en\/wp-json\/wp\/v2\/product"}],"about":[{"href":"https:\/\/pizbube.ch\/en\/wp-json\/wp\/v2\/types\/product"}],"wp:featuredmedia":[{"embeddable":true,"href":"https:\/\/pizbube.ch\/en\/wp-json\/wp\/v2\/media\/33941"}],"wp:attachment":[{"href":"https:\/\/pizbube.ch\/en\/wp-json\/wp\/v2\/media?parent=151800"}],"wp:term":[{"taxonomy":"product_brand","embeddable":true,"href":"https:\/\/pizbube.ch\/en\/wp-json\/wp\/v2\/product_brand?post=151800"},{"taxonomy":"product_cat","embeddable":true,"href":"https:\/\/pizbube.ch\/en\/wp-json\/wp\/v2\/product_cat?post=151800"},{"taxonomy":"product_tag","embeddable":true,"href":"https:\/\/pizbube.ch\/en\/wp-json\/wp\/v2\/product_tag?post=151800"}],"curies":[{"name":"wp","href":"https:\/\/api.w.org\/{rel}","templated":true}]}}