{"id":151806,"date":"2021-01-15T12:01:55","date_gmt":"2021-01-15T12:01:55","guid":{"rendered":"https:\/\/codengine3.ch\/?product=import-placeholder-for-202433"},"modified":"2021-01-15T12:36:14","modified_gmt":"2021-01-15T12:36:14","slug":"gebirg","status":"publish","type":"product","link":"https:\/\/pizbube.ch\/en\/shop\/gebirg\/","title":{"rendered":"Gebirg"},"content":{"rendered":"<p>Der Band von Albert Vinzens versammelt drei Texte \u00fcber Berge und Abgr\u00fcnde in<br \/>\nder Landschaft und \u00fcber Berge und Abgr\u00fcnde in der Seele: Tod durch Granit;<br \/>\nEverestfiasko; Mein Gebirge.<br \/>\nDer Autor war fr\u00fcher als Sportkletterer in Europa und Kalifornien unterwegs,<br \/>\nbis er 1980 in einen t\u00f6dlichen Kletterunfall am ber\u00fchmten El Capitan im<br \/>\nYosemite Valley (Kalifornien) verwickelt wurde und sich vom Extremklettern<br \/>\ndistanzierte. F\u00fcr die Mutter seines jung zu Tode gest\u00fcrzten Kletterkameraden<br \/>\nhat Vinzens einen mehrere hundert Seiten umfassenden Erlebnisbericht<br \/>\nniedergeschrieben. Durch Verdichtung dieses Berichtes ist Tod durch Granit<br \/>\nentstanden. Ein ersch\u00fctterndes Zeugnis von seltener Authentizit\u00e4t.  <\/p>\n<p>Im Essay Everestfiasko rechnet Vinzens mit dem Krakauerschen h\u00f6her, schneller,<br \/>\nweiter und der Gipfelst\u00fcrmerei, die buchst\u00e4blich \u00fcber Leichen geht,<br \/>\nr\u00fcckhaltlos ab.  <\/p>\n<p>Mit der Erz\u00e4hlung Mein Gebirge entwirft der Autor in steter Abgrenzung zu den<br \/>\nrekords\u00fcchtigen Everestkletterern eine vision\u00e4re Gegenwelt: Beim Bild des<br \/>\ngr\u00f6ssten Gebirges der Welt als Urmutter ankn\u00fcpfend, dr\u00e4ngte sich immer mehr<br \/>\neine Geschichte \u00fcber die Urgrossmutter in den Vordergrund.  <\/p>","protected":false},"excerpt":{"rendered":"<p>Der Band von Albert Vinzens versammelt drei Texte \u00fcber Berge und Abgr\u00fcnde in der Landschaft und \u00fcber Berge und Abgr\u00fcnde in der Seele: Tod durch Granit; Everestfiasko; Mein Gebirge. Der Autor war fr\u00fcher als Sportkletterer in Europa und Kalifornien unterwegs, bis er 1980 in einen t\u00f6dlichen Kletterunfall am ber\u00fchmten El Capitan im Yosemite Valley (Kalifornien) [&#8230;]\n","protected":false},"featured_media":29821,"template":"","meta":[],"product_brand":[],"product_cat":[21629],"product_tag":[],"class_list":{"0":"post-151806","1":"product","2":"type-product","3":"status-publish","4":"has-post-thumbnail","6":"product_cat-belletristik","7":"pa_autor-vinzens","8":"pa_erscheinungsjahr-22242","9":"pa_region-deutschland","10":"pa_sprache-de","12":"first","13":"instock","14":"taxable","15":"shipping-taxable","16":"purchasable","17":"product-type-simple"},"_links":{"self":[{"href":"https:\/\/pizbube.ch\/en\/wp-json\/wp\/v2\/product\/151806","targetHints":{"allow":["GET"]}}],"collection":[{"href":"https:\/\/pizbube.ch\/en\/wp-json\/wp\/v2\/product"}],"about":[{"href":"https:\/\/pizbube.ch\/en\/wp-json\/wp\/v2\/types\/product"}],"wp:featuredmedia":[{"embeddable":true,"href":"https:\/\/pizbube.ch\/en\/wp-json\/wp\/v2\/media\/29821"}],"wp:attachment":[{"href":"https:\/\/pizbube.ch\/en\/wp-json\/wp\/v2\/media?parent=151806"}],"wp:term":[{"taxonomy":"product_brand","embeddable":true,"href":"https:\/\/pizbube.ch\/en\/wp-json\/wp\/v2\/product_brand?post=151806"},{"taxonomy":"product_cat","embeddable":true,"href":"https:\/\/pizbube.ch\/en\/wp-json\/wp\/v2\/product_cat?post=151806"},{"taxonomy":"product_tag","embeddable":true,"href":"https:\/\/pizbube.ch\/en\/wp-json\/wp\/v2\/product_tag?post=151806"}],"curies":[{"name":"wp","href":"https:\/\/api.w.org\/{rel}","templated":true}]}}